{"id":274,"date":"2025-12-10T14:27:24","date_gmt":"2025-12-10T14:27:24","guid":{"rendered":"https:\/\/moore-az.eu3.moore-global.com\/careers\/current-vacancies\/"},"modified":"2025-12-10T14:28:34","modified_gmt":"2025-12-10T14:28:34","slug":"current-vacancies","status":"publish","type":"page","link":"https:\/\/az.moore-global.com\/az\/careers\/current-vacancies\/","title":{"rendered":"Cari Vakansiyalar"},"content":{"rendered":"<h1 class=\"wp-block-heading\">Cari Vakansiyalar<\/h1>\n\n\n\n<p>Biz h\u0259mi\u015f\u0259 komandam\u0131z\u0131 daha da g\u00fccl\u0259ndirm\u0259k \u00fc\u00e7\u00fcn y\u00fcks\u0259k s\u0259viyy\u0259li \u015f\u0259xsl\u0259rd\u0259n m\u00fcraci\u0259tl\u0259r almaqda maraql\u0131y\u0131q. \u0130\u015f\u0259 q\u0259bul etdiyimiz v\u0259zif\u0259l\u0259r haqq\u0131nda daha \u00e7ox m\u0259lumat \u0259ld\u0259 etm\u0259k \u00fc\u00e7\u00fcn, l\u00fctf\u0259n, m\u00f6vcud bo\u015fluqlara n\u0259z\u0259r sal\u0131n.&nbsp;<br><br>Alternativ olaraq CV-nin sur\u0259tini \u00fcnvan\u0131na g\u00f6nd\u0259r\u0259 bil\u0259rsiniz&nbsp;<a href=\"mailto:baku@moorestephens.az\">baku@moore.az<\/a>.<\/p>","protected":false},"excerpt":{"rendered":"<p>Current Vacancies We are always interested in receiving applications from high calibre individuals to further strengthen our team. To learn more about the positions we are recruiting for, please have a look at the openings available.&nbsp; Alternatively, you can&nbsp;send a copy of your CV to&nbsp;baku@moore.az.<\/p>","protected":false},"author":12,"featured_media":0,"parent":269,"menu_order":3,"comment_status":"closed","ping_status":"closed","template":"","meta":{"_acf_changed":false,"footnotes":""},"class_list":["post-274","page","type-page","status-publish","hentry"],"acf":[],"yoast_head":"<!-- This site is optimized with the Yoast SEO plugin v27.3 - https:\/\/yoast.com\/product\/yoast-seo-wordpress\/ -->\n<title>Current Vacancies - Moore Azerbaijan<\/title>\n<meta name=\"robots\" content=\"index, follow, max-snippet:-1, max-image-preview:large, max-video-preview:-1\" \/>\n<link rel=\"canonical\" href=\"https:\/\/az.moore-global.com\/az\/careers\/current-vacancies\/\" \/>\n<meta property=\"og:locale\" content=\"az_AZ\" \/>\n<meta property=\"og:type\" content=\"article\" \/>\n<meta property=\"og:title\" content=\"Current Vacancies - Moore Azerbaijan\" \/>\n<meta property=\"og:description\" content=\"Current Vacancies We are always interested in receiving applications from high calibre individuals to further strengthen our team. To learn more about the positions we are recruiting for, please have a look at the openings available.&nbsp; Alternatively, you can&nbsp;send a copy of your CV to&nbsp;baku@moore.az.\" \/>\n<meta property=\"og:url\" content=\"https:\/\/az.moore-global.com\/az\/careers\/current-vacancies\/\" \/>\n<meta property=\"og:site_name\" content=\"Moore Azerbaijan\" \/>\n<meta property=\"article:modified_time\" content=\"2025-12-10T14:28:34+00:00\" \/>\n<meta name=\"twitter:card\" content=\"summary_large_image\" \/>\n<meta name=\"twitter:label1\" content=\"T\u0259xmini oxuma vaxt\u0131\" \/>\n\t<meta name=\"twitter:data1\" content=\"1 d\u0259qiq\u0259\" \/>\n<script type=\"application\/ld+json\" class=\"yoast-schema-graph\">{\"@context\":\"https:\\\/\\\/schema.org\",\"@graph\":[{\"@type\":\"WebPage\",\"@id\":\"https:\\\/\\\/az.moore-global.com\\\/careers\\\/current-vacancies\\\/\",\"url\":\"https:\\\/\\\/az.moore-global.com\\\/careers\\\/current-vacancies\\\/\",\"name\":\"Current Vacancies - Moore Azerbaijan\",\"isPartOf\":{\"@id\":\"https:\\\/\\\/az.moore-global.com\\\/#website\"},\"datePublished\":\"2025-12-10T14:27:24+00:00\",\"dateModified\":\"2025-12-10T14:28:34+00:00\",\"breadcrumb\":{\"@id\":\"https:\\\/\\\/az.moore-global.com\\\/careers\\\/current-vacancies\\\/#breadcrumb\"},\"inLanguage\":\"az\",\"potentialAction\":[{\"@type\":\"ReadAction\",\"target\":[\"https:\\\/\\\/az.moore-global.com\\\/careers\\\/current-vacancies\\\/\"]}]},{\"@type\":\"BreadcrumbList\",\"@id\":\"https:\\\/\\\/az.moore-global.com\\\/careers\\\/current-vacancies\\\/#breadcrumb\",\"itemListElement\":[{\"@type\":\"ListItem\",\"position\":1,\"name\":\"Home\",\"item\":\"https:\\\/\\\/az.moore-global.com\\\/\"},{\"@type\":\"ListItem\",\"position\":2,\"name\":\"Careers\",\"item\":\"https:\\\/\\\/az.moore-global.com\\\/careers\\\/\"},{\"@type\":\"ListItem\",\"position\":3,\"name\":\"Current Vacancies\"}]},{\"@type\":\"WebSite\",\"@id\":\"https:\\\/\\\/az.moore-global.com\\\/#website\",\"url\":\"https:\\\/\\\/az.moore-global.com\\\/\",\"name\":\"Moore Azerbaijan\",\"description\":\"This is the base site for Moore Azerbaijan\",\"potentialAction\":[{\"@type\":\"SearchAction\",\"target\":{\"@type\":\"EntryPoint\",\"urlTemplate\":\"https:\\\/\\\/az.moore-global.com\\\/?s={search_term_string}\"},\"query-input\":{\"@type\":\"PropertyValueSpecification\",\"valueRequired\":true,\"valueName\":\"search_term_string\"}}],\"inLanguage\":\"az\"}]}<\/script>\n<!-- \/ Yoast SEO plugin. -->","yoast_head_json":{"title":"Current Vacancies - Moore Azerbaijan","robots":{"index":"index","follow":"follow","max-snippet":"max-snippet:-1","max-image-preview":"max-image-preview:large","max-video-preview":"max-video-preview:-1"},"canonical":"https:\/\/az.moore-global.com\/az\/careers\/current-vacancies\/","og_locale":"az_AZ","og_type":"article","og_title":"Current Vacancies - Moore Azerbaijan","og_description":"Current Vacancies We are always interested in receiving applications from high calibre individuals to further strengthen our team. To learn more about the positions we are recruiting for, please have a look at the openings available.&nbsp; Alternatively, you can&nbsp;send a copy of your CV to&nbsp;baku@moore.az.","og_url":"https:\/\/az.moore-global.com\/az\/careers\/current-vacancies\/","og_site_name":"Moore Azerbaijan","article_modified_time":"2025-12-10T14:28:34+00:00","twitter_card":"summary_large_image","twitter_misc":{"T\u0259xmini oxuma vaxt\u0131":"1 d\u0259qiq\u0259"},"schema":{"@context":"https:\/\/schema.org","@graph":[{"@type":"WebPage","@id":"https:\/\/az.moore-global.com\/careers\/current-vacancies\/","url":"https:\/\/az.moore-global.com\/careers\/current-vacancies\/","name":"Current Vacancies - Moore Azerbaijan","isPartOf":{"@id":"https:\/\/az.moore-global.com\/#website"},"datePublished":"2025-12-10T14:27:24+00:00","dateModified":"2025-12-10T14:28:34+00:00","breadcrumb":{"@id":"https:\/\/az.moore-global.com\/careers\/current-vacancies\/#breadcrumb"},"inLanguage":"az","potentialAction":[{"@type":"ReadAction","target":["https:\/\/az.moore-global.com\/careers\/current-vacancies\/"]}]},{"@type":"BreadcrumbList","@id":"https:\/\/az.moore-global.com\/careers\/current-vacancies\/#breadcrumb","itemListElement":[{"@type":"ListItem","position":1,"name":"Home","item":"https:\/\/az.moore-global.com\/"},{"@type":"ListItem","position":2,"name":"Careers","item":"https:\/\/az.moore-global.com\/careers\/"},{"@type":"ListItem","position":3,"name":"Current Vacancies"}]},{"@type":"WebSite","@id":"https:\/\/az.moore-global.com\/#website","url":"https:\/\/az.moore-global.com\/","name":"Mur Az\u0259rbaycan","description":"Bu, Moore Azerbaijan \u00fc\u00e7\u00fcn \u0259sas saytd\u0131r","potentialAction":[{"@type":"SearchAction","target":{"@type":"EntryPoint","urlTemplate":"https:\/\/az.moore-global.com\/?s={search_term_string}"},"query-input":{"@type":"PropertyValueSpecification","valueRequired":true,"valueName":"search_term_string"}}],"inLanguage":"az"}]}},"_links":{"self":[{"href":"https:\/\/az.moore-global.com\/az\/wp-json\/wp\/v2\/pages\/274","targetHints":{"allow":["GET"]}}],"collection":[{"href":"https:\/\/az.moore-global.com\/az\/wp-json\/wp\/v2\/pages"}],"about":[{"href":"https:\/\/az.moore-global.com\/az\/wp-json\/wp\/v2\/types\/page"}],"author":[{"embeddable":true,"href":"https:\/\/az.moore-global.com\/az\/wp-json\/wp\/v2\/users\/12"}],"replies":[{"embeddable":true,"href":"https:\/\/az.moore-global.com\/az\/wp-json\/wp\/v2\/comments?post=274"}],"version-history":[{"count":0,"href":"https:\/\/az.moore-global.com\/az\/wp-json\/wp\/v2\/pages\/274\/revisions"}],"up":[{"embeddable":true,"href":"https:\/\/az.moore-global.com\/az\/wp-json\/wp\/v2\/pages\/269"}],"wp:attachment":[{"href":"https:\/\/az.moore-global.com\/az\/wp-json\/wp\/v2\/media?parent=274"}],"curies":[{"name":"wp","href":"https:\/\/api.w.org\/{rel}","templated":true}]}}