{"id":273,"date":"2025-12-10T14:26:32","date_gmt":"2025-12-10T14:26:32","guid":{"rendered":"https:\/\/moore-az.eu3.moore-global.com\/careers\/how-to-apply\/"},"modified":"2025-12-10T14:29:26","modified_gmt":"2025-12-10T14:29:26","slug":"how-to-apply","status":"publish","type":"page","link":"https:\/\/az.moore-global.com\/az\/careers\/how-to-apply\/","title":{"rendered":"Nec\u0259 m\u00fcraci\u0259t etm\u0259li?"},"content":{"rendered":"<h1 class=\"wp-block-heading\">Nec\u0259 m\u00fcraci\u0259t etm\u0259li?<\/h1>\n\n\n\n<p>Moore Azerbaijan-da i\u015f\u0259 q\u0259bul prosesi a\u015fa\u011f\u0131dak\u0131 add\u0131mlardan ibar\u0259tdir:<\/p>\n\n\n\n<ul class=\"wp-block-list\">\n<li>CV v\u0259 \u0259riz\u0259 m\u0259ktubunu ingilis dilind\u0259 g\u00f6nd\u0259rin<\/li>\n\n\n\n<li>T\u0259qdim edilmi\u015f s\u0259n\u0259dl\u0259r \u0259sas\u0131nda namiz\u0259din ilkin qiym\u0259tl\u0259ndirilm\u0259si<\/li>\n\n\n\n<li>Se\u00e7ilmi\u015f namiz\u0259dl\u0259rin m\u00fcsahib\u0259y\u0259 d\u0259v\u0259t edilm\u0259si v\u0259 m\u00fc\u0259yy\u0259n bir v\u0259zif\u0259 \u00fc\u00e7\u00fcn t\u0259l\u0259b olunan bacar\u0131q v\u0259 keyfiyy\u0259tl\u0259rin ara\u015fd\u0131r\u0131lmas\u0131 \u00fc\u00e7\u00fcn testl\u0259r<\/li>\n\n\n\n<li>\u00a0Namiz\u0259dliyinizi q\u0259bul etdikd\u0259n sonra siz\u0259 i\u015f t\u0259klif edirik<\/li>\n<\/ul>\n\n\n\n<p>T\u0259cr\u00fcb\u0259 \u0130mkanlar\u0131<br><br>Ehtirasl\u0131, yarad\u0131c\u0131 v\u0259 h\u0259v\u0259slisiniz? Biznes haqq\u0131nda daha \u00e7ox \u00f6yr\u0259nm\u0259k ist\u0259yirsiniz?&nbsp;<br><br>Biz siz\u0259 faktiki i\u015f h\u0259yat\u0131n\u0131 ya\u015famaq v\u0259 m\u00fchasibatl\u0131q pe\u015f\u0259si haqq\u0131nda anlay\u0131\u015flar \u0259ld\u0259 etm\u0259k v\u0259 g\u00f6rk\u0259mli pe\u015f\u0259karlar\u0131m\u0131zla i\u015fl\u0259m\u0259k v\u0259 onlardan \u00f6yr\u0259nm\u0259k \u015fans\u0131 veririk.<br><br>B\u00fct\u00fcn t\u0259cr\u00fcb\u0259 proqramlar\u0131m\u0131z\u0131n bir hiss\u0259si olaraq, g\u00fcnd\u0259lik i\u015finizl\u0259 yana\u015f\u0131, siz m\u00fcnt\u0259z\u0259m daxili \u00f6yr\u0259nm\u0259 v\u0259 inki\u015faf kurslar\u0131nda, el\u0259c\u0259 d\u0259 il \u0259rzind\u0259 ba\u015f ver\u0259n sosial t\u0259dbirl\u0259rd\u0259 i\u015ftirak ed\u0259 bil\u0259c\u0259ksiniz.&nbsp;<br><br>Z\u0259hm\u0259t olmasa, CV-nizin sur\u0259tini a\u015fa\u011f\u0131dak\u0131 \u00fcnvana g\u00f6nd\u0259rin&nbsp;<a href=\"mailto:baku@moorestephens.az\">baku@moore.az<\/a>. Se\u00e7im zaman\u0131 biz t\u0259kc\u0259 akademik n\u0259tic\u0259l\u0259r\u0259 g\u00f6r\u0259 deyil, h\u0259m d\u0259 dig\u0259r s\u0259lahiyy\u0259tl\u0259rin birl\u0259\u015fm\u0259sini n\u0259z\u0259rd\u0259n ke\u00e7ir\u0259c\u0259yik.<\/p>","protected":false},"excerpt":{"rendered":"<p>How to apply? The recruitment process at Moore&nbsp; Azerbaijan consists of the following steps: Internship Opportunities Are you passionate, creative and enthusiastic? Do you want to learn more about business?&nbsp; We provide you the opportunity to experience actual work life and gain insights into the accounting profession and the chance to work with and learn [&hellip;]<\/p>\n","protected":false},"author":12,"featured_media":0,"parent":269,"menu_order":0,"comment_status":"closed","ping_status":"closed","template":"","meta":{"_acf_changed":false,"footnotes":""},"class_list":["post-273","page","type-page","status-publish","hentry"],"acf":[],"yoast_head":"<!-- This site is optimized with the Yoast SEO plugin v27.3 - https:\/\/yoast.com\/product\/yoast-seo-wordpress\/ -->\n<title>How to apply? - Moore Azerbaijan<\/title>\n<meta name=\"robots\" content=\"index, follow, max-snippet:-1, max-image-preview:large, max-video-preview:-1\" \/>\n<link rel=\"canonical\" href=\"https:\/\/az.moore-global.com\/az\/careers\/how-to-apply\/\" \/>\n<meta property=\"og:locale\" content=\"az_AZ\" \/>\n<meta property=\"og:type\" content=\"article\" \/>\n<meta property=\"og:title\" content=\"How to apply? - Moore Azerbaijan\" \/>\n<meta property=\"og:description\" content=\"How to apply? The recruitment process at Moore&nbsp; Azerbaijan consists of the following steps: Internship Opportunities Are you passionate, creative and enthusiastic? Do you want to learn more about business?&nbsp; We provide you the opportunity to experience actual work life and gain insights into the accounting profession and the chance to work with and learn [&hellip;]\" \/>\n<meta property=\"og:url\" content=\"https:\/\/az.moore-global.com\/az\/careers\/how-to-apply\/\" \/>\n<meta property=\"og:site_name\" content=\"Moore Azerbaijan\" \/>\n<meta property=\"article:modified_time\" content=\"2025-12-10T14:29:26+00:00\" \/>\n<meta name=\"twitter:card\" content=\"summary_large_image\" \/>\n<script type=\"application\/ld+json\" class=\"yoast-schema-graph\">{\"@context\":\"https:\\\/\\\/schema.org\",\"@graph\":[{\"@type\":\"WebPage\",\"@id\":\"https:\\\/\\\/az.moore-global.com\\\/careers\\\/how-to-apply\\\/\",\"url\":\"https:\\\/\\\/az.moore-global.com\\\/careers\\\/how-to-apply\\\/\",\"name\":\"How to apply? - Moore Azerbaijan\",\"isPartOf\":{\"@id\":\"https:\\\/\\\/az.moore-global.com\\\/#website\"},\"datePublished\":\"2025-12-10T14:26:32+00:00\",\"dateModified\":\"2025-12-10T14:29:26+00:00\",\"breadcrumb\":{\"@id\":\"https:\\\/\\\/az.moore-global.com\\\/careers\\\/how-to-apply\\\/#breadcrumb\"},\"inLanguage\":\"az\",\"potentialAction\":[{\"@type\":\"ReadAction\",\"target\":[\"https:\\\/\\\/az.moore-global.com\\\/careers\\\/how-to-apply\\\/\"]}]},{\"@type\":\"BreadcrumbList\",\"@id\":\"https:\\\/\\\/az.moore-global.com\\\/careers\\\/how-to-apply\\\/#breadcrumb\",\"itemListElement\":[{\"@type\":\"ListItem\",\"position\":1,\"name\":\"Home\",\"item\":\"https:\\\/\\\/az.moore-global.com\\\/\"},{\"@type\":\"ListItem\",\"position\":2,\"name\":\"Careers\",\"item\":\"https:\\\/\\\/az.moore-global.com\\\/careers\\\/\"},{\"@type\":\"ListItem\",\"position\":3,\"name\":\"How to apply?\"}]},{\"@type\":\"WebSite\",\"@id\":\"https:\\\/\\\/az.moore-global.com\\\/#website\",\"url\":\"https:\\\/\\\/az.moore-global.com\\\/\",\"name\":\"Moore Azerbaijan\",\"description\":\"This is the base site for Moore Azerbaijan\",\"potentialAction\":[{\"@type\":\"SearchAction\",\"target\":{\"@type\":\"EntryPoint\",\"urlTemplate\":\"https:\\\/\\\/az.moore-global.com\\\/?s={search_term_string}\"},\"query-input\":{\"@type\":\"PropertyValueSpecification\",\"valueRequired\":true,\"valueName\":\"search_term_string\"}}],\"inLanguage\":\"az\"}]}<\/script>\n<!-- \/ Yoast SEO plugin. -->","yoast_head_json":{"title":"How to apply? - Moore Azerbaijan","robots":{"index":"index","follow":"follow","max-snippet":"max-snippet:-1","max-image-preview":"max-image-preview:large","max-video-preview":"max-video-preview:-1"},"canonical":"https:\/\/az.moore-global.com\/az\/careers\/how-to-apply\/","og_locale":"az_AZ","og_type":"article","og_title":"How to apply? - Moore Azerbaijan","og_description":"How to apply? The recruitment process at Moore&nbsp; Azerbaijan consists of the following steps: Internship Opportunities Are you passionate, creative and enthusiastic? Do you want to learn more about business?&nbsp; We provide you the opportunity to experience actual work life and gain insights into the accounting profession and the chance to work with and learn [&hellip;]","og_url":"https:\/\/az.moore-global.com\/az\/careers\/how-to-apply\/","og_site_name":"Moore Azerbaijan","article_modified_time":"2025-12-10T14:29:26+00:00","twitter_card":"summary_large_image","schema":{"@context":"https:\/\/schema.org","@graph":[{"@type":"WebPage","@id":"https:\/\/az.moore-global.com\/careers\/how-to-apply\/","url":"https:\/\/az.moore-global.com\/careers\/how-to-apply\/","name":"How to apply? - Moore Azerbaijan","isPartOf":{"@id":"https:\/\/az.moore-global.com\/#website"},"datePublished":"2025-12-10T14:26:32+00:00","dateModified":"2025-12-10T14:29:26+00:00","breadcrumb":{"@id":"https:\/\/az.moore-global.com\/careers\/how-to-apply\/#breadcrumb"},"inLanguage":"az","potentialAction":[{"@type":"ReadAction","target":["https:\/\/az.moore-global.com\/careers\/how-to-apply\/"]}]},{"@type":"BreadcrumbList","@id":"https:\/\/az.moore-global.com\/careers\/how-to-apply\/#breadcrumb","itemListElement":[{"@type":"ListItem","position":1,"name":"Home","item":"https:\/\/az.moore-global.com\/"},{"@type":"ListItem","position":2,"name":"Careers","item":"https:\/\/az.moore-global.com\/careers\/"},{"@type":"ListItem","position":3,"name":"How to apply?"}]},{"@type":"WebSite","@id":"https:\/\/az.moore-global.com\/#website","url":"https:\/\/az.moore-global.com\/","name":"Mur Az\u0259rbaycan","description":"Bu, Moore Azerbaijan \u00fc\u00e7\u00fcn \u0259sas saytd\u0131r","potentialAction":[{"@type":"SearchAction","target":{"@type":"EntryPoint","urlTemplate":"https:\/\/az.moore-global.com\/?s={search_term_string}"},"query-input":{"@type":"PropertyValueSpecification","valueRequired":true,"valueName":"search_term_string"}}],"inLanguage":"az"}]}},"_links":{"self":[{"href":"https:\/\/az.moore-global.com\/az\/wp-json\/wp\/v2\/pages\/273","targetHints":{"allow":["GET"]}}],"collection":[{"href":"https:\/\/az.moore-global.com\/az\/wp-json\/wp\/v2\/pages"}],"about":[{"href":"https:\/\/az.moore-global.com\/az\/wp-json\/wp\/v2\/types\/page"}],"author":[{"embeddable":true,"href":"https:\/\/az.moore-global.com\/az\/wp-json\/wp\/v2\/users\/12"}],"replies":[{"embeddable":true,"href":"https:\/\/az.moore-global.com\/az\/wp-json\/wp\/v2\/comments?post=273"}],"version-history":[{"count":0,"href":"https:\/\/az.moore-global.com\/az\/wp-json\/wp\/v2\/pages\/273\/revisions"}],"up":[{"embeddable":true,"href":"https:\/\/az.moore-global.com\/az\/wp-json\/wp\/v2\/pages\/269"}],"wp:attachment":[{"href":"https:\/\/az.moore-global.com\/az\/wp-json\/wp\/v2\/media?parent=273"}],"curies":[{"name":"wp","href":"https:\/\/api.w.org\/{rel}","templated":true}]}}