{"id":272,"date":"2025-12-10T14:26:32","date_gmt":"2025-12-10T14:26:32","guid":{"rendered":"https:\/\/moore-az.eu3.moore-global.com\/careers\/graduate\/"},"modified":"2025-12-10T14:30:12","modified_gmt":"2025-12-10T14:30:12","slug":"graduate","status":"publish","type":"page","link":"https:\/\/az.moore-global.com\/az\/careers\/graduate\/","title":{"rendered":"M\u0259zun"},"content":{"rendered":"<h1 class=\"wp-block-heading\">M\u0259zun<\/h1>\n\n\n\n<p>F\u00fcrs\u0259tl\u0259r d\u00fcnyas\u0131n\u0131 k\u0259\u015ff etm\u0259y\u0259 haz\u0131rs\u0131n\u0131z?&nbsp;<br><br>\u00d6yr\u0259nm\u0259y\u0259 d\u0259y\u0259r verirsiniz v\u0259 iddial\u0131s\u0131n\u0131z?<\/p>\n\n\n\n<ul class=\"wp-block-list\">\n<li>Moore Azerbaijan siz\u0259 daha s\u00fcr\u0259tli v\u0259 effektiv olmaq ist\u0259diyiniz yer\u0259 \u00e7atma\u011f\u0131n\u0131z \u00fc\u00e7\u00fcn \u00f6yr\u0259nm\u0259 v\u0259 inki\u015faf\u0131n\u0131z\u0131 maksimum d\u0259r\u0259c\u0259d\u0259 art\u0131rma\u011fa y\u00f6n\u0259lmi\u015f x\u00fcsusi haz\u0131rlanm\u0131\u015f magistr proqram\u0131 t\u0259klif edir.\u00a0<\/li>\n<\/ul>\n\n\n\n<p>Xaricd\u0259 i\u015fl\u0259m\u0259k \u015fans\u0131 ist\u0259yirsiniz?<\/p>\n\n\n\n<ul class=\"wp-block-list\">\n<li>Moore Azerbaijan t\u0259kc\u0259 m\u00fc\u015ft\u0259ril\u0259rimiz\u0259 d\u0259y\u0259r verm\u0259yi deyil, h\u0259m d\u0259 biziml\u0259 h\u0259m pe\u015f\u0259kar, h\u0259m d\u0259 \u015f\u0259xsi t\u0259cr\u00fcb\u0259nizi z\u0259nginl\u0259\u015fdirm\u0259yi h\u0259d\u0259fl\u0259yir.\u00a0<\/li>\n<\/ul>\n\n\n\n<p>Tan\u0131nm\u0131\u015f m\u00fc\u015ft\u0259ril\u0259rl\u0259 i\u015fl\u0259m\u0259k ist\u0259yirsiniz?<\/p>\n\n\n\n<ul class=\"wp-block-list\">\n<li>Moore Azerbaijan tan\u0131nm\u0131\u015f v\u0259 u\u011furlu t\u0259\u015fkilatlar olan y\u00fcks\u0259k s\u0259viyy\u0259li m\u00fc\u015ft\u0259ril\u0259rimiz \u00fc\u00e7\u00fcn \u0259n son v\u0259 \u0259n yax\u015f\u0131 h\u0259ll\u0259r axtar\u0131r.\u00a0<\/li>\n<\/ul>\n\n\n\n<p>\u018fyl\u0259nm\u0259k ist\u0259yirs\u0259n?<\/p>\n\n\n\n<ul class=\"wp-block-list\">\n<li>\u00c7ox \u00e7al\u0131\u015f, \u00e7ox oyna. Mur Az\u0259rbaycan sizd\u0259n \u00e7ox \u015fey g\u00f6zl\u0259y\u0259c\u0259k, amma \u00e7ox \u015fey geri alacaqs\u0131n\u0131z. A\u00e7\u0131q v\u0259 mehriban m\u0259d\u0259niyy\u0259ti ya\u015famaq v\u0259 bir \u00e7ox \u015f\u0259xsi dostluqlar qazanmaq \u015fans\u0131n\u0131z olacaq<\/li>\n<\/ul>\n\n\n\n<p>Z\u0259hm\u0259t olmasa, CV-nizin sur\u0259tini a\u015fa\u011f\u0131dak\u0131 \u00fcnvana g\u00f6nd\u0259rin&nbsp;<a href=\"mailto:baku@moorestephens.az\" target=\"_blank\" rel=\"noreferrer noopener\">baku@moore.az<\/a>.<\/p>","protected":false},"excerpt":{"rendered":"<p>Graduate Are you ready to explore a world of opportunities?&nbsp; You value learning and you are ambitious? You want the chance to work abroad? You want to work with renowned clients? You want to have fun? Please send a copy of your CV to&nbsp;baku@moore.az.<\/p>","protected":false},"author":12,"featured_media":0,"parent":269,"menu_order":0,"comment_status":"closed","ping_status":"closed","template":"","meta":{"_acf_changed":false,"footnotes":""},"class_list":["post-272","page","type-page","status-publish","hentry"],"acf":[],"yoast_head":"<!-- This site is optimized with the Yoast SEO plugin v27.3 - https:\/\/yoast.com\/product\/yoast-seo-wordpress\/ -->\n<title>Graduate - Moore Azerbaijan<\/title>\n<meta name=\"robots\" content=\"index, follow, max-snippet:-1, max-image-preview:large, max-video-preview:-1\" \/>\n<link rel=\"canonical\" href=\"https:\/\/az.moore-global.com\/az\/careers\/graduate\/\" \/>\n<meta property=\"og:locale\" content=\"az_AZ\" \/>\n<meta property=\"og:type\" content=\"article\" \/>\n<meta property=\"og:title\" content=\"Graduate - Moore Azerbaijan\" \/>\n<meta property=\"og:description\" content=\"Graduate Are you ready to explore a world of opportunities?&nbsp; You value learning and you are ambitious? You want the chance to work abroad? You want to work with renowned clients? You want to have fun? Please send a copy of your CV to&nbsp;baku@moore.az.\" \/>\n<meta property=\"og:url\" content=\"https:\/\/az.moore-global.com\/az\/careers\/graduate\/\" \/>\n<meta property=\"og:site_name\" content=\"Moore Azerbaijan\" \/>\n<meta property=\"article:modified_time\" content=\"2025-12-10T14:30:12+00:00\" \/>\n<meta name=\"twitter:card\" content=\"summary_large_image\" \/>\n<meta name=\"twitter:label1\" content=\"T\u0259xmini oxuma vaxt\u0131\" \/>\n\t<meta name=\"twitter:data1\" content=\"1 d\u0259qiq\u0259\" \/>\n<script type=\"application\/ld+json\" class=\"yoast-schema-graph\">{\"@context\":\"https:\\\/\\\/schema.org\",\"@graph\":[{\"@type\":\"WebPage\",\"@id\":\"https:\\\/\\\/az.moore-global.com\\\/careers\\\/graduate\\\/\",\"url\":\"https:\\\/\\\/az.moore-global.com\\\/careers\\\/graduate\\\/\",\"name\":\"Graduate - Moore Azerbaijan\",\"isPartOf\":{\"@id\":\"https:\\\/\\\/az.moore-global.com\\\/#website\"},\"datePublished\":\"2025-12-10T14:26:32+00:00\",\"dateModified\":\"2025-12-10T14:30:12+00:00\",\"breadcrumb\":{\"@id\":\"https:\\\/\\\/az.moore-global.com\\\/careers\\\/graduate\\\/#breadcrumb\"},\"inLanguage\":\"az\",\"potentialAction\":[{\"@type\":\"ReadAction\",\"target\":[\"https:\\\/\\\/az.moore-global.com\\\/careers\\\/graduate\\\/\"]}]},{\"@type\":\"BreadcrumbList\",\"@id\":\"https:\\\/\\\/az.moore-global.com\\\/careers\\\/graduate\\\/#breadcrumb\",\"itemListElement\":[{\"@type\":\"ListItem\",\"position\":1,\"name\":\"Home\",\"item\":\"https:\\\/\\\/az.moore-global.com\\\/\"},{\"@type\":\"ListItem\",\"position\":2,\"name\":\"Careers\",\"item\":\"https:\\\/\\\/az.moore-global.com\\\/careers\\\/\"},{\"@type\":\"ListItem\",\"position\":3,\"name\":\"Graduate\"}]},{\"@type\":\"WebSite\",\"@id\":\"https:\\\/\\\/az.moore-global.com\\\/#website\",\"url\":\"https:\\\/\\\/az.moore-global.com\\\/\",\"name\":\"Moore Azerbaijan\",\"description\":\"This is the base site for Moore Azerbaijan\",\"potentialAction\":[{\"@type\":\"SearchAction\",\"target\":{\"@type\":\"EntryPoint\",\"urlTemplate\":\"https:\\\/\\\/az.moore-global.com\\\/?s={search_term_string}\"},\"query-input\":{\"@type\":\"PropertyValueSpecification\",\"valueRequired\":true,\"valueName\":\"search_term_string\"}}],\"inLanguage\":\"az\"}]}<\/script>\n<!-- \/ Yoast SEO plugin. -->","yoast_head_json":{"title":"Graduate - Moore Azerbaijan","robots":{"index":"index","follow":"follow","max-snippet":"max-snippet:-1","max-image-preview":"max-image-preview:large","max-video-preview":"max-video-preview:-1"},"canonical":"https:\/\/az.moore-global.com\/az\/careers\/graduate\/","og_locale":"az_AZ","og_type":"article","og_title":"Graduate - Moore Azerbaijan","og_description":"Graduate Are you ready to explore a world of opportunities?&nbsp; You value learning and you are ambitious? You want the chance to work abroad? You want to work with renowned clients? You want to have fun? Please send a copy of your CV to&nbsp;baku@moore.az.","og_url":"https:\/\/az.moore-global.com\/az\/careers\/graduate\/","og_site_name":"Moore Azerbaijan","article_modified_time":"2025-12-10T14:30:12+00:00","twitter_card":"summary_large_image","twitter_misc":{"T\u0259xmini oxuma vaxt\u0131":"1 d\u0259qiq\u0259"},"schema":{"@context":"https:\/\/schema.org","@graph":[{"@type":"WebPage","@id":"https:\/\/az.moore-global.com\/careers\/graduate\/","url":"https:\/\/az.moore-global.com\/careers\/graduate\/","name":"Graduate - Moore Azerbaijan","isPartOf":{"@id":"https:\/\/az.moore-global.com\/#website"},"datePublished":"2025-12-10T14:26:32+00:00","dateModified":"2025-12-10T14:30:12+00:00","breadcrumb":{"@id":"https:\/\/az.moore-global.com\/careers\/graduate\/#breadcrumb"},"inLanguage":"az","potentialAction":[{"@type":"ReadAction","target":["https:\/\/az.moore-global.com\/careers\/graduate\/"]}]},{"@type":"BreadcrumbList","@id":"https:\/\/az.moore-global.com\/careers\/graduate\/#breadcrumb","itemListElement":[{"@type":"ListItem","position":1,"name":"Home","item":"https:\/\/az.moore-global.com\/"},{"@type":"ListItem","position":2,"name":"Careers","item":"https:\/\/az.moore-global.com\/careers\/"},{"@type":"ListItem","position":3,"name":"Graduate"}]},{"@type":"WebSite","@id":"https:\/\/az.moore-global.com\/#website","url":"https:\/\/az.moore-global.com\/","name":"Mur Az\u0259rbaycan","description":"Bu, Moore Azerbaijan \u00fc\u00e7\u00fcn \u0259sas saytd\u0131r","potentialAction":[{"@type":"SearchAction","target":{"@type":"EntryPoint","urlTemplate":"https:\/\/az.moore-global.com\/?s={search_term_string}"},"query-input":{"@type":"PropertyValueSpecification","valueRequired":true,"valueName":"search_term_string"}}],"inLanguage":"az"}]}},"_links":{"self":[{"href":"https:\/\/az.moore-global.com\/az\/wp-json\/wp\/v2\/pages\/272","targetHints":{"allow":["GET"]}}],"collection":[{"href":"https:\/\/az.moore-global.com\/az\/wp-json\/wp\/v2\/pages"}],"about":[{"href":"https:\/\/az.moore-global.com\/az\/wp-json\/wp\/v2\/types\/page"}],"author":[{"embeddable":true,"href":"https:\/\/az.moore-global.com\/az\/wp-json\/wp\/v2\/users\/12"}],"replies":[{"embeddable":true,"href":"https:\/\/az.moore-global.com\/az\/wp-json\/wp\/v2\/comments?post=272"}],"version-history":[{"count":0,"href":"https:\/\/az.moore-global.com\/az\/wp-json\/wp\/v2\/pages\/272\/revisions"}],"up":[{"embeddable":true,"href":"https:\/\/az.moore-global.com\/az\/wp-json\/wp\/v2\/pages\/269"}],"wp:attachment":[{"href":"https:\/\/az.moore-global.com\/az\/wp-json\/wp\/v2\/media?parent=272"}],"curies":[{"name":"wp","href":"https:\/\/api.w.org\/{rel}","templated":true}]}}