{"id":271,"date":"2025-12-10T14:26:31","date_gmt":"2025-12-10T14:26:31","guid":{"rendered":"https:\/\/moore-az.eu3.moore-global.com\/careers\/experienced-professionals\/"},"modified":"2025-12-10T14:30:42","modified_gmt":"2025-12-10T14:30:42","slug":"experienced-professionals","status":"publish","type":"page","link":"https:\/\/az.moore-global.com\/az\/careers\/experienced-professionals\/","title":{"rendered":"T\u0259cr\u00fcb\u0259li Pe\u015f\u0259karlar"},"content":{"rendered":"<h1 class=\"wp-block-heading\">T\u0259cr\u00fcb\u0259li Pe\u015f\u0259karlar<\/h1>\n\n\n\n<p>Moore Azerbaijan il\u0259 karyera sad\u0259c\u0259 bir i\u015f deyil, \u00e7oxlu imkanlar \u00fc\u00e7\u00fcn qap\u0131lar a\u00e7\u0131r.&nbsp;<br><br>Pe\u015f\u0259karl\u0131q v\u0259 m\u00fcsb\u0259t insanlarla m\u00fcnasib\u0259tl\u0259r xidm\u0259t komandam\u0131z\u0131n bir hiss\u0259si olmaq \u00fc\u00e7\u00fcn f\u0259rdl\u0259rd\u0259 axtard\u0131\u011f\u0131m\u0131z x\u00fcsusiyy\u0259tl\u0259rdir. \u018fg\u0259r d\u0259y\u0259r verdiyimiz bu x\u00fcsusiyy\u0259tl\u0259r\u0259 sahibsinizs\u0259, Moore Azerbaijan sizin \u00fc\u00e7\u00fcn faydal\u0131 karyera d\u0259yi\u015fikliyi etm\u0259k f\u00fcrs\u0259ti ola bil\u0259r.&nbsp;<br><br>Moore Azerbaijan il\u0259 f\u0259rqi hiss edin.<br><br>Xidm\u0259tl\u0259rimiz:<\/p>\n\n\n\n<ul class=\"wp-block-list\">\n<li>Audit v\u0259 T\u0259minat\u00a0<\/li>\n\n\n\n<li>F\u0131r\u0131ldaq\u00e7\u0131l\u0131\u011f\u0131n qar\u015f\u0131s\u0131n\u0131n al\u0131nmas\u0131 v\u0259 a\u015fkarlanmas\u0131<\/li>\n\n\n\n<li>Korporativ Maliyy\u0259\u00a0<\/li>\n\n\n\n<li>Risk M\u0259sl\u0259h\u0259ti<\/li>\n\n\n\n<li>\u0130T v\u0259 Daxili N\u0259zar\u0259t M\u0259sl\u0259h\u0259t\u00e7iliyi<\/li>\n\n\n\n<li>Vergi xidm\u0259tl\u0259ri<\/li>\n\n\n\n<li>\u018fm\u0259k haqq\u0131 xidm\u0259tl\u0259ri<\/li>\n\n\n\n<li>Qiym\u0259tl\u0259ndirm\u0259 xidm\u0259tl\u0259ri<\/li>\n<\/ul>\n\n\n\n<p>Z\u0259hm\u0259t olmasa, CV-nizin sur\u0259tini a\u015fa\u011f\u0131dak\u0131 \u00fcnvana g\u00f6nd\u0259rin&nbsp;<a href=\"mailto:baku@moore.az\">baku@moore.az<\/a>.<\/p>","protected":false},"excerpt":{"rendered":"<p>Experienced Professionals A career with Moore Azerbaijan is more than just a job, it opens doors to a wealth of opportunities.&nbsp; Professionalism and positive people relationships are characteristics we look for in the individuals to be part of our service team.&nbsp;If you possess such characteristics which we value, Moore Azerbaijan might be your opportunity to [&hellip;]<\/p>\n","protected":false},"author":12,"featured_media":0,"parent":269,"menu_order":0,"comment_status":"closed","ping_status":"closed","template":"","meta":{"_acf_changed":false,"footnotes":""},"class_list":["post-271","page","type-page","status-publish","hentry"],"acf":[],"yoast_head":"<!-- This site is optimized with the Yoast SEO plugin v27.3 - https:\/\/yoast.com\/product\/yoast-seo-wordpress\/ -->\n<title>Experienced Professionals - Moore Azerbaijan<\/title>\n<meta name=\"robots\" content=\"index, follow, max-snippet:-1, max-image-preview:large, max-video-preview:-1\" \/>\n<link rel=\"canonical\" href=\"https:\/\/az.moore-global.com\/az\/careers\/experienced-professionals\/\" \/>\n<meta property=\"og:locale\" content=\"az_AZ\" \/>\n<meta property=\"og:type\" content=\"article\" \/>\n<meta property=\"og:title\" content=\"Experienced Professionals - Moore Azerbaijan\" \/>\n<meta property=\"og:description\" content=\"Experienced Professionals A career with Moore Azerbaijan is more than just a job, it opens doors to a wealth of opportunities.&nbsp; Professionalism and positive people relationships are characteristics we look for in the individuals to be part of our service team.&nbsp;If you possess such characteristics which we value, Moore Azerbaijan might be your opportunity to [&hellip;]\" \/>\n<meta property=\"og:url\" content=\"https:\/\/az.moore-global.com\/az\/careers\/experienced-professionals\/\" \/>\n<meta property=\"og:site_name\" content=\"Moore Azerbaijan\" \/>\n<meta property=\"article:modified_time\" content=\"2025-12-10T14:30:42+00:00\" \/>\n<meta name=\"twitter:card\" content=\"summary_large_image\" \/>\n<script type=\"application\/ld+json\" class=\"yoast-schema-graph\">{\"@context\":\"https:\\\/\\\/schema.org\",\"@graph\":[{\"@type\":\"WebPage\",\"@id\":\"https:\\\/\\\/az.moore-global.com\\\/careers\\\/experienced-professionals\\\/\",\"url\":\"https:\\\/\\\/az.moore-global.com\\\/careers\\\/experienced-professionals\\\/\",\"name\":\"Experienced Professionals - Moore Azerbaijan\",\"isPartOf\":{\"@id\":\"https:\\\/\\\/az.moore-global.com\\\/#website\"},\"datePublished\":\"2025-12-10T14:26:31+00:00\",\"dateModified\":\"2025-12-10T14:30:42+00:00\",\"breadcrumb\":{\"@id\":\"https:\\\/\\\/az.moore-global.com\\\/careers\\\/experienced-professionals\\\/#breadcrumb\"},\"inLanguage\":\"az\",\"potentialAction\":[{\"@type\":\"ReadAction\",\"target\":[\"https:\\\/\\\/az.moore-global.com\\\/careers\\\/experienced-professionals\\\/\"]}]},{\"@type\":\"BreadcrumbList\",\"@id\":\"https:\\\/\\\/az.moore-global.com\\\/careers\\\/experienced-professionals\\\/#breadcrumb\",\"itemListElement\":[{\"@type\":\"ListItem\",\"position\":1,\"name\":\"Home\",\"item\":\"https:\\\/\\\/az.moore-global.com\\\/\"},{\"@type\":\"ListItem\",\"position\":2,\"name\":\"Careers\",\"item\":\"https:\\\/\\\/az.moore-global.com\\\/careers\\\/\"},{\"@type\":\"ListItem\",\"position\":3,\"name\":\"Experienced Professionals\"}]},{\"@type\":\"WebSite\",\"@id\":\"https:\\\/\\\/az.moore-global.com\\\/#website\",\"url\":\"https:\\\/\\\/az.moore-global.com\\\/\",\"name\":\"Moore Azerbaijan\",\"description\":\"This is the base site for Moore Azerbaijan\",\"potentialAction\":[{\"@type\":\"SearchAction\",\"target\":{\"@type\":\"EntryPoint\",\"urlTemplate\":\"https:\\\/\\\/az.moore-global.com\\\/?s={search_term_string}\"},\"query-input\":{\"@type\":\"PropertyValueSpecification\",\"valueRequired\":true,\"valueName\":\"search_term_string\"}}],\"inLanguage\":\"az\"}]}<\/script>\n<!-- \/ Yoast SEO plugin. -->","yoast_head_json":{"title":"Experienced Professionals - Moore Azerbaijan","robots":{"index":"index","follow":"follow","max-snippet":"max-snippet:-1","max-image-preview":"max-image-preview:large","max-video-preview":"max-video-preview:-1"},"canonical":"https:\/\/az.moore-global.com\/az\/careers\/experienced-professionals\/","og_locale":"az_AZ","og_type":"article","og_title":"Experienced Professionals - Moore Azerbaijan","og_description":"Experienced Professionals A career with Moore Azerbaijan is more than just a job, it opens doors to a wealth of opportunities.&nbsp; Professionalism and positive people relationships are characteristics we look for in the individuals to be part of our service team.&nbsp;If you possess such characteristics which we value, Moore Azerbaijan might be your opportunity to [&hellip;]","og_url":"https:\/\/az.moore-global.com\/az\/careers\/experienced-professionals\/","og_site_name":"Moore Azerbaijan","article_modified_time":"2025-12-10T14:30:42+00:00","twitter_card":"summary_large_image","schema":{"@context":"https:\/\/schema.org","@graph":[{"@type":"WebPage","@id":"https:\/\/az.moore-global.com\/careers\/experienced-professionals\/","url":"https:\/\/az.moore-global.com\/careers\/experienced-professionals\/","name":"Experienced Professionals - Moore Azerbaijan","isPartOf":{"@id":"https:\/\/az.moore-global.com\/#website"},"datePublished":"2025-12-10T14:26:31+00:00","dateModified":"2025-12-10T14:30:42+00:00","breadcrumb":{"@id":"https:\/\/az.moore-global.com\/careers\/experienced-professionals\/#breadcrumb"},"inLanguage":"az","potentialAction":[{"@type":"ReadAction","target":["https:\/\/az.moore-global.com\/careers\/experienced-professionals\/"]}]},{"@type":"BreadcrumbList","@id":"https:\/\/az.moore-global.com\/careers\/experienced-professionals\/#breadcrumb","itemListElement":[{"@type":"ListItem","position":1,"name":"Home","item":"https:\/\/az.moore-global.com\/"},{"@type":"ListItem","position":2,"name":"Careers","item":"https:\/\/az.moore-global.com\/careers\/"},{"@type":"ListItem","position":3,"name":"Experienced Professionals"}]},{"@type":"WebSite","@id":"https:\/\/az.moore-global.com\/#website","url":"https:\/\/az.moore-global.com\/","name":"Mur Az\u0259rbaycan","description":"Bu, Moore Azerbaijan \u00fc\u00e7\u00fcn \u0259sas saytd\u0131r","potentialAction":[{"@type":"SearchAction","target":{"@type":"EntryPoint","urlTemplate":"https:\/\/az.moore-global.com\/?s={search_term_string}"},"query-input":{"@type":"PropertyValueSpecification","valueRequired":true,"valueName":"search_term_string"}}],"inLanguage":"az"}]}},"_links":{"self":[{"href":"https:\/\/az.moore-global.com\/az\/wp-json\/wp\/v2\/pages\/271","targetHints":{"allow":["GET"]}}],"collection":[{"href":"https:\/\/az.moore-global.com\/az\/wp-json\/wp\/v2\/pages"}],"about":[{"href":"https:\/\/az.moore-global.com\/az\/wp-json\/wp\/v2\/types\/page"}],"author":[{"embeddable":true,"href":"https:\/\/az.moore-global.com\/az\/wp-json\/wp\/v2\/users\/12"}],"replies":[{"embeddable":true,"href":"https:\/\/az.moore-global.com\/az\/wp-json\/wp\/v2\/comments?post=271"}],"version-history":[{"count":0,"href":"https:\/\/az.moore-global.com\/az\/wp-json\/wp\/v2\/pages\/271\/revisions"}],"up":[{"embeddable":true,"href":"https:\/\/az.moore-global.com\/az\/wp-json\/wp\/v2\/pages\/269"}],"wp:attachment":[{"href":"https:\/\/az.moore-global.com\/az\/wp-json\/wp\/v2\/media?parent=271"}],"curies":[{"name":"wp","href":"https:\/\/api.w.org\/{rel}","templated":true}]}}