{"id":269,"date":"2025-12-10T14:20:10","date_gmt":"2025-12-10T14:20:10","guid":{"rendered":"https:\/\/moore-az.eu3.moore-global.com\/?page_id=269"},"modified":"2025-12-10T14:32:31","modified_gmt":"2025-12-10T14:32:31","slug":"careers","status":"publish","type":"page","link":"https:\/\/az.moore-global.com\/az\/careers\/","title":{"rendered":"Karyera"},"content":{"rendered":"<div class=\"wp-block-cover alignfull wp-duotone-midnight\" style=\"margin-top:0;padding-top:48px;padding-right:48px;padding-bottom:48px;padding-left:48px;min-height:66vh;aspect-ratio:unset;\"><img decoding=\"async\" width=\"1024\" height=\"683\" class=\"wp-block-cover__image-background wp-image-69 size-large\" alt=\"\" src=\"https:\/\/az.moore-global.com\/wp-content\/uploads\/sites\/4\/2025\/05\/3e1f7d674a3626f87a99200a6e8ff00c-1024x683.jpeg\" data-object-fit=\"cover\" srcset=\"https:\/\/az.moore-global.com\/wp-content\/uploads\/sites\/4\/2025\/05\/3e1f7d674a3626f87a99200a6e8ff00c-1024x683.jpeg 1024w, https:\/\/az.moore-global.com\/wp-content\/uploads\/sites\/4\/2025\/05\/3e1f7d674a3626f87a99200a6e8ff00c-300x200.jpeg 300w, https:\/\/az.moore-global.com\/wp-content\/uploads\/sites\/4\/2025\/05\/3e1f7d674a3626f87a99200a6e8ff00c-768x512.jpeg 768w, https:\/\/az.moore-global.com\/wp-content\/uploads\/sites\/4\/2025\/05\/3e1f7d674a3626f87a99200a6e8ff00c-1536x1024.jpeg 1536w, https:\/\/az.moore-global.com\/wp-content\/uploads\/sites\/4\/2025\/05\/3e1f7d674a3626f87a99200a6e8ff00c-2048x1366.jpeg 2048w\" sizes=\"(max-width: 1024px) 100vw, 1024px\" \/><span aria-hidden=\"true\" class=\"wp-block-cover__background has-background-dim-30 has-background-dim\" style=\"background-color:#4d4536\"><\/span><div class=\"wp-block-cover__inner-container is-layout-flow wp-block-cover-is-layout-flow\">\n<div class=\"wp-block-group is-content-justification-left is-layout-constrained wp-container-core-group-is-layout-0b562c1c wp-block-group-is-layout-constrained\">\n<h2 class=\"wp-block-heading has-text-align-left has-white-color has-text-color\" style=\"font-size:100px;font-style:normal;font-weight:700;letter-spacing:0px;line-height:1;text-transform:uppercase\">S\u0130Z\u018f KARYERANIZDA T\u018fR\u018fF ED\u0130LM\u018fY\u018f K\u00d6M\u018fK ED\u0130R!<\/h2>\n<\/div>\n<\/div><\/div>\n\n\n\n<div class=\"wp-block-columns has-background is-layout-flex wp-container-core-columns-is-layout-28f84493 wp-block-columns-is-layout-flex\" style=\"background-color:#fafafa\">\n<div class=\"wp-block-column is-vertically-aligned-center is-layout-flow wp-block-column-is-layout-flow\">\n<figure class=\"wp-block-image aligncenter size-full\"><img decoding=\"async\" width=\"640\" height=\"412\" src=\"https:\/\/az.moore-global.com\/wp-content\/uploads\/sites\/4\/2025\/12\/construction.png\" alt=\"\" class=\"wp-image-209\" srcset=\"https:\/\/az.moore-global.com\/wp-content\/uploads\/sites\/4\/2025\/12\/construction.png 640w, https:\/\/az.moore-global.com\/wp-content\/uploads\/sites\/4\/2025\/12\/construction-300x193.png 300w, https:\/\/az.moore-global.com\/wp-content\/uploads\/sites\/4\/2025\/12\/construction-18x12.png 18w\" sizes=\"(max-width: 640px) 100vw, 640px\" \/><\/figure>\n<\/div>\n\n\n\n<div class=\"wp-block-column is-vertically-aligned-center is-layout-flow wp-block-column-is-layout-flow\">\n<h2 class=\"wp-block-heading has-text-align-right\">T\u0259cr\u00fcb\u0259li Pe\u015f\u0259karlar<\/h2>\n\n\n\n<div class=\"wp-block-buttons is-content-justification-left is-layout-flex wp-container-core-buttons-is-layout-fc4fd283 wp-block-buttons-is-layout-flex\">\n<div class=\"wp-block-button\"><a class=\"wp-block-button__link wp-element-button\" href=\"https:\/\/az.moore-global.com\/az\/careers\/experienced-professionals\/\">T\u0259cr\u00fcb\u0259li Pe\u015f\u0259karlar<\/a><\/div>\n<\/div>\n<\/div>\n<\/div>\n\n\n\n<div class=\"wp-block-columns has-background is-layout-flex wp-container-core-columns-is-layout-28f84493 wp-block-columns-is-layout-flex\" style=\"background-color:#fafafa\">\n<div class=\"wp-block-column is-vertically-aligned-center is-layout-flow wp-block-column-is-layout-flow\">\n<figure class=\"wp-block-image aligncenter size-full\"><img decoding=\"async\" width=\"640\" height=\"412\" src=\"https:\/\/az.moore-global.com\/wp-content\/uploads\/sites\/4\/2025\/12\/construction.png\" alt=\"\" class=\"wp-image-209\" srcset=\"https:\/\/az.moore-global.com\/wp-content\/uploads\/sites\/4\/2025\/12\/construction.png 640w, https:\/\/az.moore-global.com\/wp-content\/uploads\/sites\/4\/2025\/12\/construction-300x193.png 300w, https:\/\/az.moore-global.com\/wp-content\/uploads\/sites\/4\/2025\/12\/construction-18x12.png 18w\" sizes=\"(max-width: 640px) 100vw, 640px\" \/><\/figure>\n<\/div>\n\n\n\n<div class=\"wp-block-column is-vertically-aligned-center is-layout-flow wp-block-column-is-layout-flow\">\n<h2 class=\"wp-block-heading has-text-align-right\">M\u0259zun<\/h2>\n\n\n\n<div class=\"wp-block-buttons is-content-justification-left is-layout-flex wp-container-core-buttons-is-layout-fc4fd283 wp-block-buttons-is-layout-flex\">\n<div class=\"wp-block-button\"><a class=\"wp-block-button__link wp-element-button\" href=\"https:\/\/az.moore-global.com\/az\/careers\/graduate\/\">M\u0259zun<\/a><\/div>\n<\/div>\n<\/div>\n<\/div>\n\n\n\n<div class=\"wp-block-columns has-background is-layout-flex wp-container-core-columns-is-layout-28f84493 wp-block-columns-is-layout-flex\" style=\"background-color:#fafafa\">\n<div class=\"wp-block-column is-vertically-aligned-center is-layout-flow wp-block-column-is-layout-flow\">\n<figure class=\"wp-block-image aligncenter size-full\"><img decoding=\"async\" width=\"640\" height=\"412\" src=\"https:\/\/az.moore-global.com\/wp-content\/uploads\/sites\/4\/2025\/12\/construction.png\" alt=\"\" class=\"wp-image-209\" srcset=\"https:\/\/az.moore-global.com\/wp-content\/uploads\/sites\/4\/2025\/12\/construction.png 640w, https:\/\/az.moore-global.com\/wp-content\/uploads\/sites\/4\/2025\/12\/construction-300x193.png 300w, https:\/\/az.moore-global.com\/wp-content\/uploads\/sites\/4\/2025\/12\/construction-18x12.png 18w\" sizes=\"(max-width: 640px) 100vw, 640px\" \/><\/figure>\n<\/div>\n\n\n\n<div class=\"wp-block-column is-vertically-aligned-center is-layout-flow wp-block-column-is-layout-flow\">\n<h2 class=\"wp-block-heading has-text-align-right\">Nec\u0259 m\u00fcraci\u0259t etm\u0259li?<\/h2>\n\n\n\n<div class=\"wp-block-buttons is-content-justification-left is-layout-flex wp-container-core-buttons-is-layout-fc4fd283 wp-block-buttons-is-layout-flex\">\n<div class=\"wp-block-button\"><a class=\"wp-block-button__link wp-element-button\" href=\"https:\/\/az.moore-global.com\/az\/careers\/how-to-apply\/\">Nec\u0259 m\u00fcraci\u0259t etm\u0259li?<\/a><\/div>\n<\/div>\n<\/div>\n<\/div>\n\n\n\n<div class=\"wp-block-columns has-background is-layout-flex wp-container-core-columns-is-layout-28f84493 wp-block-columns-is-layout-flex\" style=\"background-color:#fafafa\">\n<div class=\"wp-block-column is-vertically-aligned-center is-layout-flow wp-block-column-is-layout-flow\">\n<figure class=\"wp-block-image aligncenter size-full\"><img decoding=\"async\" width=\"640\" height=\"412\" src=\"https:\/\/az.moore-global.com\/wp-content\/uploads\/sites\/4\/2025\/12\/construction.png\" alt=\"\" class=\"wp-image-209\" srcset=\"https:\/\/az.moore-global.com\/wp-content\/uploads\/sites\/4\/2025\/12\/construction.png 640w, https:\/\/az.moore-global.com\/wp-content\/uploads\/sites\/4\/2025\/12\/construction-300x193.png 300w, https:\/\/az.moore-global.com\/wp-content\/uploads\/sites\/4\/2025\/12\/construction-18x12.png 18w\" sizes=\"(max-width: 640px) 100vw, 640px\" \/><\/figure>\n<\/div>\n\n\n\n<div class=\"wp-block-column is-vertically-aligned-center is-layout-flow wp-block-column-is-layout-flow\">\n<h2 class=\"wp-block-heading has-text-align-right\">Cari Vakansiyalar<\/h2>\n\n\n\n<div class=\"wp-block-buttons is-content-justification-left is-layout-flex wp-container-core-buttons-is-layout-fc4fd283 wp-block-buttons-is-layout-flex\">\n<div class=\"wp-block-button\"><a class=\"wp-block-button__link wp-element-button\" href=\"https:\/\/az.moore-global.com\/az\/careers\/current-vacancies\/\">Cari Vakansiyalar<\/a><\/div>\n<\/div>\n<\/div>\n<\/div>","protected":false},"excerpt":{"rendered":"<p>Experienced Professionals Graduate How to apply? Current Vacancies<\/p>","protected":false},"author":12,"featured_media":0,"parent":0,"menu_order":0,"comment_status":"closed","ping_status":"closed","template":"","meta":{"_acf_changed":false,"footnotes":""},"class_list":["post-269","page","type-page","status-publish","hentry"],"acf":[],"yoast_head":"<!-- This site is optimized with the Yoast SEO plugin v27.3 - https:\/\/yoast.com\/product\/yoast-seo-wordpress\/ -->\n<title>Careers - Moore Azerbaijan<\/title>\n<meta name=\"robots\" content=\"index, follow, max-snippet:-1, max-image-preview:large, max-video-preview:-1\" \/>\n<link rel=\"canonical\" href=\"https:\/\/az.moore-global.com\/az\/careers\/\" \/>\n<meta property=\"og:locale\" content=\"az_AZ\" \/>\n<meta property=\"og:type\" content=\"article\" \/>\n<meta property=\"og:title\" content=\"Careers - Moore Azerbaijan\" \/>\n<meta property=\"og:description\" content=\"Experienced Professionals Graduate How to apply? Current Vacancies\" \/>\n<meta property=\"og:url\" content=\"https:\/\/az.moore-global.com\/az\/careers\/\" \/>\n<meta property=\"og:site_name\" content=\"Moore Azerbaijan\" \/>\n<meta property=\"article:modified_time\" content=\"2025-12-10T14:32:31+00:00\" \/>\n<meta property=\"og:image\" content=\"https:\/\/az.moore-global.com\/wp-content\/uploads\/sites\/4\/2025\/05\/3e1f7d674a3626f87a99200a6e8ff00c-1024x683.jpeg\" \/>\n<meta name=\"twitter:card\" content=\"summary_large_image\" \/>\n<meta name=\"twitter:label1\" content=\"T\u0259xmini oxuma vaxt\u0131\" \/>\n\t<meta name=\"twitter:data1\" content=\"2 minutes\" \/>\n<script type=\"application\/ld+json\" class=\"yoast-schema-graph\">{\"@context\":\"https:\\\/\\\/schema.org\",\"@graph\":[{\"@type\":\"WebPage\",\"@id\":\"https:\\\/\\\/az.moore-global.com\\\/careers\\\/\",\"url\":\"https:\\\/\\\/az.moore-global.com\\\/careers\\\/\",\"name\":\"Careers - Moore Azerbaijan\",\"isPartOf\":{\"@id\":\"https:\\\/\\\/az.moore-global.com\\\/#website\"},\"primaryImageOfPage\":{\"@id\":\"https:\\\/\\\/az.moore-global.com\\\/careers\\\/#primaryimage\"},\"image\":{\"@id\":\"https:\\\/\\\/az.moore-global.com\\\/careers\\\/#primaryimage\"},\"thumbnailUrl\":\"https:\\\/\\\/az.moore-global.com\\\/wp-content\\\/uploads\\\/sites\\\/4\\\/2025\\\/05\\\/3e1f7d674a3626f87a99200a6e8ff00c-1024x683.jpeg\",\"datePublished\":\"2025-12-10T14:20:10+00:00\",\"dateModified\":\"2025-12-10T14:32:31+00:00\",\"breadcrumb\":{\"@id\":\"https:\\\/\\\/az.moore-global.com\\\/careers\\\/#breadcrumb\"},\"inLanguage\":\"az\",\"potentialAction\":[{\"@type\":\"ReadAction\",\"target\":[\"https:\\\/\\\/az.moore-global.com\\\/careers\\\/\"]}]},{\"@type\":\"ImageObject\",\"inLanguage\":\"az\",\"@id\":\"https:\\\/\\\/az.moore-global.com\\\/careers\\\/#primaryimage\",\"url\":\"https:\\\/\\\/az.moore-global.com\\\/wp-content\\\/uploads\\\/sites\\\/4\\\/2025\\\/05\\\/3e1f7d674a3626f87a99200a6e8ff00c-1024x683.jpeg\",\"contentUrl\":\"https:\\\/\\\/az.moore-global.com\\\/wp-content\\\/uploads\\\/sites\\\/4\\\/2025\\\/05\\\/3e1f7d674a3626f87a99200a6e8ff00c-1024x683.jpeg\"},{\"@type\":\"BreadcrumbList\",\"@id\":\"https:\\\/\\\/az.moore-global.com\\\/careers\\\/#breadcrumb\",\"itemListElement\":[{\"@type\":\"ListItem\",\"position\":1,\"name\":\"Home\",\"item\":\"https:\\\/\\\/az.moore-global.com\\\/\"},{\"@type\":\"ListItem\",\"position\":2,\"name\":\"Careers\"}]},{\"@type\":\"WebSite\",\"@id\":\"https:\\\/\\\/az.moore-global.com\\\/#website\",\"url\":\"https:\\\/\\\/az.moore-global.com\\\/\",\"name\":\"Moore Azerbaijan\",\"description\":\"This is the base site for Moore Azerbaijan\",\"potentialAction\":[{\"@type\":\"SearchAction\",\"target\":{\"@type\":\"EntryPoint\",\"urlTemplate\":\"https:\\\/\\\/az.moore-global.com\\\/?s={search_term_string}\"},\"query-input\":{\"@type\":\"PropertyValueSpecification\",\"valueRequired\":true,\"valueName\":\"search_term_string\"}}],\"inLanguage\":\"az\"}]}<\/script>\n<!-- \/ Yoast SEO plugin. -->","yoast_head_json":{"title":"Careers - Moore Azerbaijan","robots":{"index":"index","follow":"follow","max-snippet":"max-snippet:-1","max-image-preview":"max-image-preview:large","max-video-preview":"max-video-preview:-1"},"canonical":"https:\/\/az.moore-global.com\/az\/careers\/","og_locale":"az_AZ","og_type":"article","og_title":"Careers - Moore Azerbaijan","og_description":"Experienced Professionals Graduate How to apply? Current Vacancies","og_url":"https:\/\/az.moore-global.com\/az\/careers\/","og_site_name":"Moore Azerbaijan","article_modified_time":"2025-12-10T14:32:31+00:00","og_image":[{"url":"https:\/\/az.moore-global.com\/wp-content\/uploads\/sites\/4\/2025\/05\/3e1f7d674a3626f87a99200a6e8ff00c-1024x683.jpeg","type":"","width":"","height":""}],"twitter_card":"summary_large_image","twitter_misc":{"T\u0259xmini oxuma vaxt\u0131":"2 minutes"},"schema":{"@context":"https:\/\/schema.org","@graph":[{"@type":"WebPage","@id":"https:\/\/az.moore-global.com\/careers\/","url":"https:\/\/az.moore-global.com\/careers\/","name":"Careers - Moore Azerbaijan","isPartOf":{"@id":"https:\/\/az.moore-global.com\/#website"},"primaryImageOfPage":{"@id":"https:\/\/az.moore-global.com\/careers\/#primaryimage"},"image":{"@id":"https:\/\/az.moore-global.com\/careers\/#primaryimage"},"thumbnailUrl":"https:\/\/az.moore-global.com\/wp-content\/uploads\/sites\/4\/2025\/05\/3e1f7d674a3626f87a99200a6e8ff00c-1024x683.jpeg","datePublished":"2025-12-10T14:20:10+00:00","dateModified":"2025-12-10T14:32:31+00:00","breadcrumb":{"@id":"https:\/\/az.moore-global.com\/careers\/#breadcrumb"},"inLanguage":"az","potentialAction":[{"@type":"ReadAction","target":["https:\/\/az.moore-global.com\/careers\/"]}]},{"@type":"ImageObject","inLanguage":"az","@id":"https:\/\/az.moore-global.com\/careers\/#primaryimage","url":"https:\/\/az.moore-global.com\/wp-content\/uploads\/sites\/4\/2025\/05\/3e1f7d674a3626f87a99200a6e8ff00c-1024x683.jpeg","contentUrl":"https:\/\/az.moore-global.com\/wp-content\/uploads\/sites\/4\/2025\/05\/3e1f7d674a3626f87a99200a6e8ff00c-1024x683.jpeg"},{"@type":"BreadcrumbList","@id":"https:\/\/az.moore-global.com\/careers\/#breadcrumb","itemListElement":[{"@type":"ListItem","position":1,"name":"Home","item":"https:\/\/az.moore-global.com\/"},{"@type":"ListItem","position":2,"name":"Careers"}]},{"@type":"WebSite","@id":"https:\/\/az.moore-global.com\/#website","url":"https:\/\/az.moore-global.com\/","name":"Mur Az\u0259rbaycan","description":"Bu, Moore Azerbaijan \u00fc\u00e7\u00fcn \u0259sas saytd\u0131r","potentialAction":[{"@type":"SearchAction","target":{"@type":"EntryPoint","urlTemplate":"https:\/\/az.moore-global.com\/?s={search_term_string}"},"query-input":{"@type":"PropertyValueSpecification","valueRequired":true,"valueName":"search_term_string"}}],"inLanguage":"az"}]}},"_links":{"self":[{"href":"https:\/\/az.moore-global.com\/az\/wp-json\/wp\/v2\/pages\/269","targetHints":{"allow":["GET"]}}],"collection":[{"href":"https:\/\/az.moore-global.com\/az\/wp-json\/wp\/v2\/pages"}],"about":[{"href":"https:\/\/az.moore-global.com\/az\/wp-json\/wp\/v2\/types\/page"}],"author":[{"embeddable":true,"href":"https:\/\/az.moore-global.com\/az\/wp-json\/wp\/v2\/users\/12"}],"replies":[{"embeddable":true,"href":"https:\/\/az.moore-global.com\/az\/wp-json\/wp\/v2\/comments?post=269"}],"version-history":[{"count":0,"href":"https:\/\/az.moore-global.com\/az\/wp-json\/wp\/v2\/pages\/269\/revisions"}],"wp:attachment":[{"href":"https:\/\/az.moore-global.com\/az\/wp-json\/wp\/v2\/media?parent=269"}],"curies":[{"name":"wp","href":"https:\/\/api.w.org\/{rel}","templated":true}]}}