{"id":266,"date":"2025-12-10T12:08:03","date_gmt":"2025-12-10T12:08:03","guid":{"rendered":"https:\/\/moore-az.eu3.moore-global.com\/services-2\/valuation-services\/"},"modified":"2025-12-10T12:32:26","modified_gmt":"2025-12-10T12:32:26","slug":"valuation-services","status":"publish","type":"page","link":"https:\/\/az.moore-global.com\/az\/services-2\/valuation-services\/","title":{"rendered":"Qiym\u0259tl\u0259ndirm\u0259 xidm\u0259tl\u0259ri"},"content":{"rendered":"<h1 class=\"wp-block-heading\">Qiym\u0259tl\u0259ndirm\u0259 xidm\u0259tl\u0259ri<\/h1>\n\n\n\n<p>\u018fmlak\u0131n pe\u015f\u0259kar qiym\u0259tl\u0259ndirilm\u0259si \u0259mlak\u0131n iqtisadi d\u0259y\u0259rinin m\u00fc\u0259yy\u0259n edilm\u0259sini n\u0259z\u0259rd\u0259 tutur. \u018fsas\u0259n, qiym\u0259tl\u0259ndirm\u0259 \u0259mlak\u0131n yaln\u0131z fiziki \u015f\u0259xs kimi deyil, m\u00fclkiyy\u0259t h\u00fcquqlar\u0131 v\u0259 bu h\u00fcquqlardan iqtisadi faydalar \u00fc\u00e7\u00fcn istifad\u0259 bax\u0131m\u0131ndan d\u0259y\u0259rinin qiym\u0259tl\u0259ndirilm\u0259sin\u0259 y\u00f6n\u0259lir. M\u00fc\u0259yy\u0259n edilmi\u015f qiym\u0259tl\u0259ndirm\u0259 t\u0259cr\u00fcb\u0259sin\u0259 \u0259sas\u0259n, fiziki v\u0259 ya h\u00fcquqi \u015f\u0259xsin m\u00fclkiyy\u0259tind\u0259 olan v\u0259 m\u00fcxt\u0259lif \u0259m\u0259liyyatlar (alq\u0131, alq\u0131-satq\u0131, icar\u0259, icar\u0259 v\u0259 ya ipoteka kimi) \u00fc\u00e7\u00fcn uy\u011fun olan h\u0259r hans\u0131 maddi v\u0259 ya qeyri-maddi obyekt \u0259mlak\u0131n t\u0259snifat\u0131na d\u00fc\u015f\u00fcr. Qiym\u0259tl\u0259ndirm\u0259nin subyektl\u0259ri a\u015fa\u011f\u0131dak\u0131lar\u0131 \u0259hat\u0259 ed\u0259 bil\u0259r:<\/p>\n\n\n\n<ul class=\"wp-block-list\">\n<li>Torpaq<\/li>\n\n\n\n<li>Binalar<\/li>\n\n\n\n<li>Bitkil\u0259r<\/li>\n\n\n\n<li>Avadanl\u0131q v\u0259 inventar<\/li>\n\n\n\n<li>Bioloji aktivl\u0259r<\/li>\n\n\n\n<li>Getm\u0259k narahatl\u0131\u011f\u0131<\/li>\n\n\n\n<li>Biznes v\u0259 Biznes Maraqlar\u0131<\/li>\n\n\n\n<li>\u018fqli M\u00fclkiyy\u0259t<\/li>\n\n\n\n<li>\u0130nventar<\/li>\n\n\n\n<li>Lisenziya v\u0259 M\u00fcqavil\u0259l\u0259r<\/li>\n<\/ul>\n\n\n\n<p>Qiym\u0259tl\u0259ndirm\u0259nin m\u0259qs\u0259din\u0259 uy\u011fun olaraq qiym\u0259tl\u0259ndirici qiym\u0259tl\u0259ndiril\u0259c\u0259k x\u00fcsusi d\u0259y\u0259r n\u00f6v\u00fcn\u00fc m\u00fc\u0259yy\u0259n edir. \u018fmlak\u0131n qiym\u0259tl\u0259ndirilm\u0259sind\u0259 a\u015fa\u011f\u0131dak\u0131 d\u0259y\u0259r n\u00f6vl\u0259rini ay\u0131rd etm\u0259k olar:<\/p>\n\n\n\n<ul class=\"wp-block-list\">\n<li>Bazar D\u0259y\u0259ri<\/li>\n\n\n\n<li>L\u0259\u011fvetm\u0259 d\u0259y\u0259ri<\/li>\n\n\n\n<li>\u018fdal\u0259tli D\u0259y\u0259r<\/li>\n\n\n\n<li>Vergi D\u0259y\u0259ri<\/li>\n\n\n\n<li>\u0130nvestisiya D\u0259y\u0259ri<\/li>\n\n\n\n<li>S\u0131\u011forta d\u0259y\u0259ri<\/li>\n\n\n\n<li>\u0130stifad\u0259 d\u0259y\u0259ri<\/li>\n\n\n\n<li>\u0130poteka D\u0259y\u0259ri<\/li>\n\n\n\n<li>\u0130stifad\u0259 d\u0259y\u0259ri<\/li>\n<\/ul>\n\n\n\n<p>G\u00fcnd\u0259lik h\u0259yatda h\u00f6km s\u00fcr\u0259n iqtisadi m\u00fcnasib\u0259tl\u0259ri n\u0259z\u0259r\u0259 alaraq, h\u0259m h\u00fcquqi, h\u0259m d\u0259 fiziki \u015f\u0259xsl\u0259r \u0259mlak\u0131n d\u0259y\u0259rini m\u00fc\u0259yy\u0259n etm\u0259y\u0259 ehtiyac duya bil\u0259rl\u0259r. Qiym\u0259tl\u0259ndirm\u0259 xidm\u0259tl\u0259rind\u0259n istifad\u0259 m\u00fcxt\u0259lif hallarda vacib olur, o c\u00fcml\u0259d\u0259n:<\/p>\n\n\n\n<ul class=\"wp-block-list\">\n<li>Alq\u0131-Satq\u0131<\/li>\n\n\n\n<li>S\u0131\u011forta<\/li>\n\n\n\n<li>Maliyy\u0259 Hesabat\u0131<\/li>\n\n\n\n<li>\u015eirk\u0259t birl\u0259\u015fm\u0259l\u0259ri<\/li>\n\n\n\n<li>\u0130nvestisiyalar\u0131n \u00e7\u0259kilm\u0259si<\/li>\n\n\n\n<li>\u015eirk\u0259tin l\u0259\u011fvi<\/li>\n\n\n\n<li>Kredit Girovu<\/li>\n\n\n\n<li>\u015eirk\u0259tin yenid\u0259n qurulmas\u0131<\/li>\n\n\n\n<li>Aktivin yenid\u0259n qiym\u0259tl\u0259ndirilm\u0259si<\/li>\n\n\n\n<li>D\u0259y\u0259rsizl\u0259\u015fm\u0259 Testi<\/li>\n\n\n\n<li>M\u00fclkiyy\u0259t Arqumentl\u0259rinin T\u0259sbit edilm\u0259si<\/li>\n\n\n\n<li>Al\u0131\u015f Qiym\u0259tinin B\u00f6lg\u00fcs\u00fc<\/li>\n\n\n\n<li>\u0130rsi varislik<\/li>\n<\/ul>\n\n\n\n<p>\u018fmlak\u0131n qiym\u0259tl\u0259ndirilm\u0259si strateji investisiya q\u0259rarlar\u0131nda m\u00fch\u00fcm rol oynay\u0131r v\u0259 biznesl\u0259r\u0259 m\u0259lumatl\u0131 se\u00e7iml\u0259r etm\u0259k imkan\u0131 ver\u0259n d\u0259y\u0259rli fikirl\u0259r t\u0259qdim edir.<\/p>","protected":false},"excerpt":{"rendered":"<p>Valuation Services Professional property valuation entails determining the economic value of a property. Essentially, the appraisal focuses on estimating the value of the property not merely as a physical entity but in terms of ownership rights and the utilization of these rights for economic benefits. According to established valuation practice, any item, tangible or intangible, [&hellip;]<\/p>\n","protected":false},"author":12,"featured_media":0,"parent":223,"menu_order":0,"comment_status":"closed","ping_status":"closed","template":"","meta":{"_acf_changed":false,"footnotes":""},"class_list":["post-266","page","type-page","status-publish","hentry"],"acf":[],"yoast_head":"<!-- This site is optimized with the Yoast SEO plugin v27.3 - https:\/\/yoast.com\/product\/yoast-seo-wordpress\/ -->\n<title>Valuation Services - Moore Azerbaijan<\/title>\n<meta name=\"robots\" content=\"index, follow, max-snippet:-1, max-image-preview:large, max-video-preview:-1\" \/>\n<link rel=\"canonical\" href=\"https:\/\/az.moore-global.com\/az\/services-2\/valuation-services\/\" \/>\n<meta property=\"og:locale\" content=\"az_AZ\" \/>\n<meta property=\"og:type\" content=\"article\" \/>\n<meta property=\"og:title\" content=\"Valuation Services - Moore Azerbaijan\" \/>\n<meta property=\"og:description\" content=\"Valuation Services Professional property valuation entails determining the economic value of a property. Essentially, the appraisal focuses on estimating the value of the property not merely as a physical entity but in terms of ownership rights and the utilization of these rights for economic benefits. According to established valuation practice, any item, tangible or intangible, [&hellip;]\" \/>\n<meta property=\"og:url\" content=\"https:\/\/az.moore-global.com\/az\/services-2\/valuation-services\/\" \/>\n<meta property=\"og:site_name\" content=\"Moore Azerbaijan\" \/>\n<meta property=\"article:modified_time\" content=\"2025-12-10T12:32:26+00:00\" \/>\n<meta name=\"twitter:card\" content=\"summary_large_image\" \/>\n<meta name=\"twitter:label1\" content=\"T\u0259xmini oxuma vaxt\u0131\" \/>\n\t<meta name=\"twitter:data1\" content=\"2 minutes\" \/>\n<script type=\"application\/ld+json\" class=\"yoast-schema-graph\">{\"@context\":\"https:\\\/\\\/schema.org\",\"@graph\":[{\"@type\":\"WebPage\",\"@id\":\"https:\\\/\\\/az.moore-global.com\\\/services-2\\\/valuation-services\\\/\",\"url\":\"https:\\\/\\\/az.moore-global.com\\\/services-2\\\/valuation-services\\\/\",\"name\":\"Valuation Services - Moore Azerbaijan\",\"isPartOf\":{\"@id\":\"https:\\\/\\\/az.moore-global.com\\\/#website\"},\"datePublished\":\"2025-12-10T12:08:03+00:00\",\"dateModified\":\"2025-12-10T12:32:26+00:00\",\"breadcrumb\":{\"@id\":\"https:\\\/\\\/az.moore-global.com\\\/services-2\\\/valuation-services\\\/#breadcrumb\"},\"inLanguage\":\"az\",\"potentialAction\":[{\"@type\":\"ReadAction\",\"target\":[\"https:\\\/\\\/az.moore-global.com\\\/services-2\\\/valuation-services\\\/\"]}]},{\"@type\":\"BreadcrumbList\",\"@id\":\"https:\\\/\\\/az.moore-global.com\\\/services-2\\\/valuation-services\\\/#breadcrumb\",\"itemListElement\":[{\"@type\":\"ListItem\",\"position\":1,\"name\":\"Home\",\"item\":\"https:\\\/\\\/az.moore-global.com\\\/\"},{\"@type\":\"ListItem\",\"position\":2,\"name\":\"Services\",\"item\":\"https:\\\/\\\/az.moore-global.com\\\/ru\\\/services-2\\\/\"},{\"@type\":\"ListItem\",\"position\":3,\"name\":\"Valuation Services\"}]},{\"@type\":\"WebSite\",\"@id\":\"https:\\\/\\\/az.moore-global.com\\\/#website\",\"url\":\"https:\\\/\\\/az.moore-global.com\\\/\",\"name\":\"Moore Azerbaijan\",\"description\":\"This is the base site for Moore Azerbaijan\",\"potentialAction\":[{\"@type\":\"SearchAction\",\"target\":{\"@type\":\"EntryPoint\",\"urlTemplate\":\"https:\\\/\\\/az.moore-global.com\\\/?s={search_term_string}\"},\"query-input\":{\"@type\":\"PropertyValueSpecification\",\"valueRequired\":true,\"valueName\":\"search_term_string\"}}],\"inLanguage\":\"az\"}]}<\/script>\n<!-- \/ Yoast SEO plugin. -->","yoast_head_json":{"title":"Valuation Services - Moore Azerbaijan","robots":{"index":"index","follow":"follow","max-snippet":"max-snippet:-1","max-image-preview":"max-image-preview:large","max-video-preview":"max-video-preview:-1"},"canonical":"https:\/\/az.moore-global.com\/az\/services-2\/valuation-services\/","og_locale":"az_AZ","og_type":"article","og_title":"Valuation Services - Moore Azerbaijan","og_description":"Valuation Services Professional property valuation entails determining the economic value of a property. Essentially, the appraisal focuses on estimating the value of the property not merely as a physical entity but in terms of ownership rights and the utilization of these rights for economic benefits. According to established valuation practice, any item, tangible or intangible, [&hellip;]","og_url":"https:\/\/az.moore-global.com\/az\/services-2\/valuation-services\/","og_site_name":"Moore Azerbaijan","article_modified_time":"2025-12-10T12:32:26+00:00","twitter_card":"summary_large_image","twitter_misc":{"T\u0259xmini oxuma vaxt\u0131":"2 minutes"},"schema":{"@context":"https:\/\/schema.org","@graph":[{"@type":"WebPage","@id":"https:\/\/az.moore-global.com\/services-2\/valuation-services\/","url":"https:\/\/az.moore-global.com\/services-2\/valuation-services\/","name":"Valuation Services - Moore Azerbaijan","isPartOf":{"@id":"https:\/\/az.moore-global.com\/#website"},"datePublished":"2025-12-10T12:08:03+00:00","dateModified":"2025-12-10T12:32:26+00:00","breadcrumb":{"@id":"https:\/\/az.moore-global.com\/services-2\/valuation-services\/#breadcrumb"},"inLanguage":"az","potentialAction":[{"@type":"ReadAction","target":["https:\/\/az.moore-global.com\/services-2\/valuation-services\/"]}]},{"@type":"BreadcrumbList","@id":"https:\/\/az.moore-global.com\/services-2\/valuation-services\/#breadcrumb","itemListElement":[{"@type":"ListItem","position":1,"name":"Home","item":"https:\/\/az.moore-global.com\/"},{"@type":"ListItem","position":2,"name":"Services","item":"https:\/\/az.moore-global.com\/ru\/services-2\/"},{"@type":"ListItem","position":3,"name":"Valuation Services"}]},{"@type":"WebSite","@id":"https:\/\/az.moore-global.com\/#website","url":"https:\/\/az.moore-global.com\/","name":"Mur Az\u0259rbaycan","description":"Bu, Moore Azerbaijan \u00fc\u00e7\u00fcn \u0259sas saytd\u0131r","potentialAction":[{"@type":"SearchAction","target":{"@type":"EntryPoint","urlTemplate":"https:\/\/az.moore-global.com\/?s={search_term_string}"},"query-input":{"@type":"PropertyValueSpecification","valueRequired":true,"valueName":"search_term_string"}}],"inLanguage":"az"}]}},"_links":{"self":[{"href":"https:\/\/az.moore-global.com\/az\/wp-json\/wp\/v2\/pages\/266","targetHints":{"allow":["GET"]}}],"collection":[{"href":"https:\/\/az.moore-global.com\/az\/wp-json\/wp\/v2\/pages"}],"about":[{"href":"https:\/\/az.moore-global.com\/az\/wp-json\/wp\/v2\/types\/page"}],"author":[{"embeddable":true,"href":"https:\/\/az.moore-global.com\/az\/wp-json\/wp\/v2\/users\/12"}],"replies":[{"embeddable":true,"href":"https:\/\/az.moore-global.com\/az\/wp-json\/wp\/v2\/comments?post=266"}],"version-history":[{"count":0,"href":"https:\/\/az.moore-global.com\/az\/wp-json\/wp\/v2\/pages\/266\/revisions"}],"up":[{"embeddable":true,"href":"https:\/\/az.moore-global.com\/az\/wp-json\/wp\/v2\/pages\/223"}],"wp:attachment":[{"href":"https:\/\/az.moore-global.com\/az\/wp-json\/wp\/v2\/media?parent=266"}],"curies":[{"name":"wp","href":"https:\/\/api.w.org\/{rel}","templated":true}]}}