{"id":265,"date":"2025-12-10T12:08:03","date_gmt":"2025-12-10T12:08:03","guid":{"rendered":"https:\/\/moore-az.eu3.moore-global.com\/services-2\/training-2\/"},"modified":"2025-12-10T12:24:59","modified_gmt":"2025-12-10T12:24:59","slug":"training-2","status":"publish","type":"page","link":"https:\/\/az.moore-global.com\/az\/services-2\/training-2\/","title":{"rendered":"T\u0259lim"},"content":{"rendered":"<h1 class=\"wp-block-heading\">T\u0259lim<\/h1>\n\n\n\n<p>Biz M\u00fc\u015ft\u0259ril\u0259rimizin bacar\u0131q d\u0259stl\u0259rini g\u00fccl\u0259ndir\u0259n v\u0259 sabit biznes inki\u015faf\u0131n\u0131 t\u0259min ed\u0259n bilikl\u0259r t\u0259qdim edirik.<br><br>T\u0259lim kurslar\u0131 t\u0259klif edirik:<\/p>\n\n\n\n<ul class=\"wp-block-list\">\n<li>Beyn\u0259lxalq Maliyy\u0259 Hesabatlar\u0131 Standartlar\u0131 (t\u0259tbiq edilm\u0259si, d\u00fcz\u0259li\u015fl\u0259r)<\/li>\n\n\n\n<li>Maliyy\u0259 v\u0259 vergi u\u00e7otu<\/li>\n\n\n\n<li>M\u0259nf\u0259\u0259t vergisi, t\u0259xir\u0259 sal\u0131nm\u0131\u015f vergi<\/li>\n\n\n\n<li>Konsolidasiya<\/li>\n\n\n\n<li>Maliyy\u0259 hesabatlar\u0131n\u0131n t\u0259hlili<\/li>\n\n\n\n<li>36 \u2116-li MUBS-a uy\u011fun olaraq d\u0259y\u0259rsizl\u0259\u015fm\u0259 testi metodologiyas\u0131<\/li>\n\n\n\n<li>M\u00fchasibat u\u00e7otunun t\u0259\u015fkili, k\u0259silm\u0259 prosedurlar\u0131<\/li>\n<\/ul>","protected":false},"excerpt":{"rendered":"<p>Training We provide knowledge that strenghtens our Clients&#8217; competence sets and ensures stable business development. We offer training courses on:<\/p>","protected":false},"author":12,"featured_media":0,"parent":223,"menu_order":0,"comment_status":"closed","ping_status":"closed","template":"","meta":{"_acf_changed":false,"footnotes":""},"class_list":["post-265","page","type-page","status-publish","hentry"],"acf":[],"yoast_head":"<!-- This site is optimized with the Yoast SEO plugin v27.3 - https:\/\/yoast.com\/product\/yoast-seo-wordpress\/ -->\n<title>Training - Moore Azerbaijan<\/title>\n<meta name=\"robots\" content=\"index, follow, max-snippet:-1, max-image-preview:large, max-video-preview:-1\" \/>\n<link rel=\"canonical\" href=\"https:\/\/az.moore-global.com\/az\/services-2\/training-2\/\" \/>\n<meta property=\"og:locale\" content=\"az_AZ\" \/>\n<meta property=\"og:type\" content=\"article\" \/>\n<meta property=\"og:title\" content=\"Training - Moore Azerbaijan\" \/>\n<meta property=\"og:description\" content=\"Training We provide knowledge that strenghtens our Clients&#8217; competence sets and ensures stable business development. We offer training courses on:\" \/>\n<meta property=\"og:url\" content=\"https:\/\/az.moore-global.com\/az\/services-2\/training-2\/\" \/>\n<meta property=\"og:site_name\" content=\"Moore Azerbaijan\" \/>\n<meta property=\"article:modified_time\" content=\"2025-12-10T12:24:59+00:00\" \/>\n<meta name=\"twitter:card\" content=\"summary_large_image\" \/>\n<meta name=\"twitter:label1\" content=\"T\u0259xmini oxuma vaxt\u0131\" \/>\n\t<meta name=\"twitter:data1\" content=\"1 d\u0259qiq\u0259\" \/>\n<script type=\"application\/ld+json\" class=\"yoast-schema-graph\">{\"@context\":\"https:\\\/\\\/schema.org\",\"@graph\":[{\"@type\":\"WebPage\",\"@id\":\"https:\\\/\\\/az.moore-global.com\\\/services-2\\\/training-2\\\/\",\"url\":\"https:\\\/\\\/az.moore-global.com\\\/services-2\\\/training-2\\\/\",\"name\":\"Training - Moore Azerbaijan\",\"isPartOf\":{\"@id\":\"https:\\\/\\\/az.moore-global.com\\\/#website\"},\"datePublished\":\"2025-12-10T12:08:03+00:00\",\"dateModified\":\"2025-12-10T12:24:59+00:00\",\"breadcrumb\":{\"@id\":\"https:\\\/\\\/az.moore-global.com\\\/services-2\\\/training-2\\\/#breadcrumb\"},\"inLanguage\":\"az\",\"potentialAction\":[{\"@type\":\"ReadAction\",\"target\":[\"https:\\\/\\\/az.moore-global.com\\\/services-2\\\/training-2\\\/\"]}]},{\"@type\":\"BreadcrumbList\",\"@id\":\"https:\\\/\\\/az.moore-global.com\\\/services-2\\\/training-2\\\/#breadcrumb\",\"itemListElement\":[{\"@type\":\"ListItem\",\"position\":1,\"name\":\"Home\",\"item\":\"https:\\\/\\\/az.moore-global.com\\\/\"},{\"@type\":\"ListItem\",\"position\":2,\"name\":\"Services\",\"item\":\"https:\\\/\\\/az.moore-global.com\\\/ru\\\/services-2\\\/\"},{\"@type\":\"ListItem\",\"position\":3,\"name\":\"Training\"}]},{\"@type\":\"WebSite\",\"@id\":\"https:\\\/\\\/az.moore-global.com\\\/#website\",\"url\":\"https:\\\/\\\/az.moore-global.com\\\/\",\"name\":\"Moore Azerbaijan\",\"description\":\"This is the base site for Moore Azerbaijan\",\"potentialAction\":[{\"@type\":\"SearchAction\",\"target\":{\"@type\":\"EntryPoint\",\"urlTemplate\":\"https:\\\/\\\/az.moore-global.com\\\/?s={search_term_string}\"},\"query-input\":{\"@type\":\"PropertyValueSpecification\",\"valueRequired\":true,\"valueName\":\"search_term_string\"}}],\"inLanguage\":\"az\"}]}<\/script>\n<!-- \/ Yoast SEO plugin. -->","yoast_head_json":{"title":"Training - Moore Azerbaijan","robots":{"index":"index","follow":"follow","max-snippet":"max-snippet:-1","max-image-preview":"max-image-preview:large","max-video-preview":"max-video-preview:-1"},"canonical":"https:\/\/az.moore-global.com\/az\/services-2\/training-2\/","og_locale":"az_AZ","og_type":"article","og_title":"Training - Moore Azerbaijan","og_description":"Training We provide knowledge that strenghtens our Clients&#8217; competence sets and ensures stable business development. We offer training courses on:","og_url":"https:\/\/az.moore-global.com\/az\/services-2\/training-2\/","og_site_name":"Moore Azerbaijan","article_modified_time":"2025-12-10T12:24:59+00:00","twitter_card":"summary_large_image","twitter_misc":{"T\u0259xmini oxuma vaxt\u0131":"1 d\u0259qiq\u0259"},"schema":{"@context":"https:\/\/schema.org","@graph":[{"@type":"WebPage","@id":"https:\/\/az.moore-global.com\/services-2\/training-2\/","url":"https:\/\/az.moore-global.com\/services-2\/training-2\/","name":"Training - Moore Azerbaijan","isPartOf":{"@id":"https:\/\/az.moore-global.com\/#website"},"datePublished":"2025-12-10T12:08:03+00:00","dateModified":"2025-12-10T12:24:59+00:00","breadcrumb":{"@id":"https:\/\/az.moore-global.com\/services-2\/training-2\/#breadcrumb"},"inLanguage":"az","potentialAction":[{"@type":"ReadAction","target":["https:\/\/az.moore-global.com\/services-2\/training-2\/"]}]},{"@type":"BreadcrumbList","@id":"https:\/\/az.moore-global.com\/services-2\/training-2\/#breadcrumb","itemListElement":[{"@type":"ListItem","position":1,"name":"Home","item":"https:\/\/az.moore-global.com\/"},{"@type":"ListItem","position":2,"name":"Services","item":"https:\/\/az.moore-global.com\/ru\/services-2\/"},{"@type":"ListItem","position":3,"name":"Training"}]},{"@type":"WebSite","@id":"https:\/\/az.moore-global.com\/#website","url":"https:\/\/az.moore-global.com\/","name":"Mur Az\u0259rbaycan","description":"Bu, Moore Azerbaijan \u00fc\u00e7\u00fcn \u0259sas saytd\u0131r","potentialAction":[{"@type":"SearchAction","target":{"@type":"EntryPoint","urlTemplate":"https:\/\/az.moore-global.com\/?s={search_term_string}"},"query-input":{"@type":"PropertyValueSpecification","valueRequired":true,"valueName":"search_term_string"}}],"inLanguage":"az"}]}},"_links":{"self":[{"href":"https:\/\/az.moore-global.com\/az\/wp-json\/wp\/v2\/pages\/265","targetHints":{"allow":["GET"]}}],"collection":[{"href":"https:\/\/az.moore-global.com\/az\/wp-json\/wp\/v2\/pages"}],"about":[{"href":"https:\/\/az.moore-global.com\/az\/wp-json\/wp\/v2\/types\/page"}],"author":[{"embeddable":true,"href":"https:\/\/az.moore-global.com\/az\/wp-json\/wp\/v2\/users\/12"}],"replies":[{"embeddable":true,"href":"https:\/\/az.moore-global.com\/az\/wp-json\/wp\/v2\/comments?post=265"}],"version-history":[{"count":0,"href":"https:\/\/az.moore-global.com\/az\/wp-json\/wp\/v2\/pages\/265\/revisions"}],"up":[{"embeddable":true,"href":"https:\/\/az.moore-global.com\/az\/wp-json\/wp\/v2\/pages\/223"}],"wp:attachment":[{"href":"https:\/\/az.moore-global.com\/az\/wp-json\/wp\/v2\/media?parent=265"}],"curies":[{"name":"wp","href":"https:\/\/api.w.org\/{rel}","templated":true}]}}