{"id":264,"date":"2025-12-10T12:08:03","date_gmt":"2025-12-10T12:08:03","guid":{"rendered":"https:\/\/moore-az.eu3.moore-global.com\/services-2\/tax-services\/"},"modified":"2025-12-10T12:24:10","modified_gmt":"2025-12-10T12:24:10","slug":"tax-services","status":"publish","type":"page","link":"https:\/\/az.moore-global.com\/az\/services-2\/tax-services\/","title":{"rendered":"Vergi xidm\u0259tl\u0259ri"},"content":{"rendered":"<h1 class=\"wp-block-heading\">Vergi xidm\u0259tl\u0259ri<\/h1>\n\n\n\n<p>D\u00fcnyan\u0131n haras\u0131nda i\u015f g\u00f6r\u00fcr\u00fcks\u0259, h\u0259mi\u015f\u0259 vergi il\u0259 \u00fczl\u0259\u015firik. Bu g\u00fcn verdiyiniz q\u0259rarlar g\u0259l\u0259c\u0259kd\u0259 vergi y\u00fck\u00fcn\u00fcz\u00fcn a\u011f\u0131rl\u0131\u011f\u0131n\u0131 m\u00fc\u0259yy\u0259n ed\u0259 bil\u0259r.<br>&nbsp;<br>D\u00fcnyan\u0131n b\u00fct\u00fcn \u00f6lk\u0259l\u0259rind\u0259 oldu\u011fu kimi \u00f6lk\u0259mizd\u0259 d\u0259 vergi, maliyy\u0259 v\u0259 m\u00fchasibat u\u00e7otu il\u0259 ba\u011fl\u0131 qanunlar\u0131n davaml\u0131 olaraq d\u0259yi\u015f\u0259n xarakterin\u0259 g\u00f6r\u0259 vergi qanunvericiliyinin h\u0259r zamankind\u0259n daha m\u00fcr\u0259kk\u0259bl\u0259\u015fm\u0259si \u015firk\u0259tl\u0259rin daha proaktiv vergi planla\u015fd\u0131rma h\u0259ll\u0259rin\u0259 ehtiyac duymas\u0131na s\u0259b\u0259b olmu\u015fdur.<br>&nbsp;<br>Moore Azerbaijan m\u00fc\u015ft\u0259ril\u0259rin\u0259 onlar\u0131n d\u0259y\u0259ri hesab etdikl\u0259ri vergil\u0259r \u00fc\u00e7\u00fcn konkret h\u0259ll\u0259r tapmaq, milli v\u0259 qlobal perspektiv v\u0259 yana\u015fmalar\u0131 il\u0259 d\u0259st\u0259k verm\u0259kl\u0259 t\u0259kc\u0259 q\u0131sam\u00fcdd\u0259tli deyil, h\u0259m d\u0259 uzunm\u00fcdd\u0259tli \u0259sasda vergi s\u0259m\u0259r\u0259liliyini t\u0259min edir. Yadda saxlamaq laz\u0131md\u0131r ki, \u015firk\u0259tl\u0259r m\u0259nf\u0259\u0259t, investisiya v\u0259 m\u0259\u015f\u011fulluq \u015f\u0259klind\u0259 yax\u015f\u0131 haz\u0131rlanm\u0131\u015f vergi planla\u015fd\u0131rma strategiyalar\u0131n\u0131n b\u0259hr\u0259sini ala bil\u0259rl\u0259r.<\/p>\n\n\n\n<p><\/p>","protected":false},"excerpt":{"rendered":"<p>Tax services Wherever in the world we do business we are always faced with tax. The decisions you make today may determine the weight of your tax burden in the future.&nbsp;In our country, as in all other countries in the world, the taxation law becoming more complex than ever due to continuously changing nature of [&hellip;]<\/p>\n","protected":false},"author":12,"featured_media":0,"parent":223,"menu_order":0,"comment_status":"closed","ping_status":"closed","template":"","meta":{"_acf_changed":false,"footnotes":""},"class_list":["post-264","page","type-page","status-publish","hentry"],"acf":[],"yoast_head":"<!-- This site is optimized with the Yoast SEO plugin v27.3 - https:\/\/yoast.com\/product\/yoast-seo-wordpress\/ -->\n<title>Tax services - Moore Azerbaijan<\/title>\n<meta name=\"robots\" content=\"index, follow, max-snippet:-1, max-image-preview:large, max-video-preview:-1\" \/>\n<link rel=\"canonical\" href=\"https:\/\/az.moore-global.com\/az\/services-2\/tax-services\/\" \/>\n<meta property=\"og:locale\" content=\"az_AZ\" \/>\n<meta property=\"og:type\" content=\"article\" \/>\n<meta property=\"og:title\" content=\"Tax services - Moore Azerbaijan\" \/>\n<meta property=\"og:description\" content=\"Tax services Wherever in the world we do business we are always faced with tax. The decisions you make today may determine the weight of your tax burden in the future.&nbsp;In our country, as in all other countries in the world, the taxation law becoming more complex than ever due to continuously changing nature of [&hellip;]\" \/>\n<meta property=\"og:url\" content=\"https:\/\/az.moore-global.com\/az\/services-2\/tax-services\/\" \/>\n<meta property=\"og:site_name\" content=\"Moore Azerbaijan\" \/>\n<meta property=\"article:modified_time\" content=\"2025-12-10T12:24:10+00:00\" \/>\n<meta name=\"twitter:card\" content=\"summary_large_image\" \/>\n<meta name=\"twitter:label1\" content=\"T\u0259xmini oxuma vaxt\u0131\" \/>\n\t<meta name=\"twitter:data1\" content=\"1 d\u0259qiq\u0259\" \/>\n<script type=\"application\/ld+json\" class=\"yoast-schema-graph\">{\"@context\":\"https:\\\/\\\/schema.org\",\"@graph\":[{\"@type\":\"WebPage\",\"@id\":\"https:\\\/\\\/az.moore-global.com\\\/services-2\\\/tax-services\\\/\",\"url\":\"https:\\\/\\\/az.moore-global.com\\\/services-2\\\/tax-services\\\/\",\"name\":\"Tax services - Moore Azerbaijan\",\"isPartOf\":{\"@id\":\"https:\\\/\\\/az.moore-global.com\\\/#website\"},\"datePublished\":\"2025-12-10T12:08:03+00:00\",\"dateModified\":\"2025-12-10T12:24:10+00:00\",\"breadcrumb\":{\"@id\":\"https:\\\/\\\/az.moore-global.com\\\/services-2\\\/tax-services\\\/#breadcrumb\"},\"inLanguage\":\"az\",\"potentialAction\":[{\"@type\":\"ReadAction\",\"target\":[\"https:\\\/\\\/az.moore-global.com\\\/services-2\\\/tax-services\\\/\"]}]},{\"@type\":\"BreadcrumbList\",\"@id\":\"https:\\\/\\\/az.moore-global.com\\\/services-2\\\/tax-services\\\/#breadcrumb\",\"itemListElement\":[{\"@type\":\"ListItem\",\"position\":1,\"name\":\"Home\",\"item\":\"https:\\\/\\\/az.moore-global.com\\\/\"},{\"@type\":\"ListItem\",\"position\":2,\"name\":\"Services\",\"item\":\"https:\\\/\\\/az.moore-global.com\\\/ru\\\/services-2\\\/\"},{\"@type\":\"ListItem\",\"position\":3,\"name\":\"Tax services\"}]},{\"@type\":\"WebSite\",\"@id\":\"https:\\\/\\\/az.moore-global.com\\\/#website\",\"url\":\"https:\\\/\\\/az.moore-global.com\\\/\",\"name\":\"Moore Azerbaijan\",\"description\":\"This is the base site for Moore Azerbaijan\",\"potentialAction\":[{\"@type\":\"SearchAction\",\"target\":{\"@type\":\"EntryPoint\",\"urlTemplate\":\"https:\\\/\\\/az.moore-global.com\\\/?s={search_term_string}\"},\"query-input\":{\"@type\":\"PropertyValueSpecification\",\"valueRequired\":true,\"valueName\":\"search_term_string\"}}],\"inLanguage\":\"az\"}]}<\/script>\n<!-- \/ Yoast SEO plugin. -->","yoast_head_json":{"title":"Tax services - Moore Azerbaijan","robots":{"index":"index","follow":"follow","max-snippet":"max-snippet:-1","max-image-preview":"max-image-preview:large","max-video-preview":"max-video-preview:-1"},"canonical":"https:\/\/az.moore-global.com\/az\/services-2\/tax-services\/","og_locale":"az_AZ","og_type":"article","og_title":"Tax services - Moore Azerbaijan","og_description":"Tax services Wherever in the world we do business we are always faced with tax. The decisions you make today may determine the weight of your tax burden in the future.&nbsp;In our country, as in all other countries in the world, the taxation law becoming more complex than ever due to continuously changing nature of [&hellip;]","og_url":"https:\/\/az.moore-global.com\/az\/services-2\/tax-services\/","og_site_name":"Moore Azerbaijan","article_modified_time":"2025-12-10T12:24:10+00:00","twitter_card":"summary_large_image","twitter_misc":{"T\u0259xmini oxuma vaxt\u0131":"1 d\u0259qiq\u0259"},"schema":{"@context":"https:\/\/schema.org","@graph":[{"@type":"WebPage","@id":"https:\/\/az.moore-global.com\/services-2\/tax-services\/","url":"https:\/\/az.moore-global.com\/services-2\/tax-services\/","name":"Tax services - Moore Azerbaijan","isPartOf":{"@id":"https:\/\/az.moore-global.com\/#website"},"datePublished":"2025-12-10T12:08:03+00:00","dateModified":"2025-12-10T12:24:10+00:00","breadcrumb":{"@id":"https:\/\/az.moore-global.com\/services-2\/tax-services\/#breadcrumb"},"inLanguage":"az","potentialAction":[{"@type":"ReadAction","target":["https:\/\/az.moore-global.com\/services-2\/tax-services\/"]}]},{"@type":"BreadcrumbList","@id":"https:\/\/az.moore-global.com\/services-2\/tax-services\/#breadcrumb","itemListElement":[{"@type":"ListItem","position":1,"name":"Home","item":"https:\/\/az.moore-global.com\/"},{"@type":"ListItem","position":2,"name":"Services","item":"https:\/\/az.moore-global.com\/ru\/services-2\/"},{"@type":"ListItem","position":3,"name":"Tax services"}]},{"@type":"WebSite","@id":"https:\/\/az.moore-global.com\/#website","url":"https:\/\/az.moore-global.com\/","name":"Mur Az\u0259rbaycan","description":"Bu, Moore Azerbaijan \u00fc\u00e7\u00fcn \u0259sas saytd\u0131r","potentialAction":[{"@type":"SearchAction","target":{"@type":"EntryPoint","urlTemplate":"https:\/\/az.moore-global.com\/?s={search_term_string}"},"query-input":{"@type":"PropertyValueSpecification","valueRequired":true,"valueName":"search_term_string"}}],"inLanguage":"az"}]}},"_links":{"self":[{"href":"https:\/\/az.moore-global.com\/az\/wp-json\/wp\/v2\/pages\/264","targetHints":{"allow":["GET"]}}],"collection":[{"href":"https:\/\/az.moore-global.com\/az\/wp-json\/wp\/v2\/pages"}],"about":[{"href":"https:\/\/az.moore-global.com\/az\/wp-json\/wp\/v2\/types\/page"}],"author":[{"embeddable":true,"href":"https:\/\/az.moore-global.com\/az\/wp-json\/wp\/v2\/users\/12"}],"replies":[{"embeddable":true,"href":"https:\/\/az.moore-global.com\/az\/wp-json\/wp\/v2\/comments?post=264"}],"version-history":[{"count":0,"href":"https:\/\/az.moore-global.com\/az\/wp-json\/wp\/v2\/pages\/264\/revisions"}],"up":[{"embeddable":true,"href":"https:\/\/az.moore-global.com\/az\/wp-json\/wp\/v2\/pages\/223"}],"wp:attachment":[{"href":"https:\/\/az.moore-global.com\/az\/wp-json\/wp\/v2\/media?parent=264"}],"curies":[{"name":"wp","href":"https:\/\/api.w.org\/{rel}","templated":true}]}}