{"id":263,"date":"2025-12-10T12:08:03","date_gmt":"2025-12-10T12:08:03","guid":{"rendered":"https:\/\/moore-az.eu3.moore-global.com\/services-2\/risk-advisory\/"},"modified":"2025-12-10T12:22:51","modified_gmt":"2025-12-10T12:22:51","slug":"risk-advisory","status":"publish","type":"page","link":"https:\/\/az.moore-global.com\/az\/services-2\/risk-advisory\/","title":{"rendered":"Risk M\u0259sl\u0259h\u0259ti"},"content":{"rendered":"<h1 class=\"wp-block-heading\">Risk M\u0259sl\u0259h\u0259ti<\/h1>\n\n\n\n<p>H\u0259r bir t\u0259\u015fkilat ist\u0259r maliyy\u0259, ist\u0259r \u0259m\u0259liyyat, ist\u0259rs\u0259 d\u0259 strateji, m\u00fcxt\u0259lif m\u0259nb\u0259l\u0259rd\u0259n qaynaqlanan risk\u0259 m\u0259ruz qal\u0131r. Proaktiv riskl\u0259rin qiym\u0259tl\u0259ndirilm\u0259si v\u0259 effektiv riskl\u0259rin idar\u0259 edilm\u0259si t\u0259kc\u0259 t\u0259hl\u00fck\u0259l\u0259rd\u0259n qorunmayacaq, h\u0259m d\u0259 biznes imkanlar\u0131n\u0131 m\u00fc\u0259yy\u0259n ed\u0259c\u0259kdir.<br>&nbsp;<br>Moore Azerbaijan siz\u0259 t\u0259\u015fkilat\u0131n\u0131z\u0131n m\u0259ruz qald\u0131\u011f\u0131 riskl\u0259ri m\u00fc\u0259yy\u0259n etm\u0259k v\u0259 idar\u0259 etm\u0259kd\u0259 k\u00f6m\u0259k ed\u0259 bil\u0259r v\u0259 t\u0259\u015fkilat\u0131n n\u0259zar\u0259t m\u00fchitinin b\u00fct\u00fcn aspektl\u0259ri \u00fczr\u0259 m\u0259sl\u0259h\u0259tl\u0259r ver\u0259 bil\u0259r.<br><br>A\u015fa\u011f\u0131dak\u0131 \u0259sas biznes funksiyalar\u0131 \u00fczr\u0259 geni\u015f bilik v\u0259 t\u0259cr\u00fcb\u0259miz var:<\/p>\n\n\n\n<ul class=\"wp-block-list\">\n<li>Audit t\u0259minat\u0131<\/li>\n\n\n\n<li>Korporativ idar\u0259etm\u0259\u00a0 \u00a0\u00a0<\/li>\n\n\n\n<li>Daxili audit v\u0259 biznes riskl\u0259rinin idar\u0259 edilm\u0259si\u00a0 \u00a0<\/li>\n\n\n\n<li>\u0130nformasiya texnologiyalar\u0131<\/li>\n\n\n\n<li>Statistik modell\u0259\u015fdirm\u0259<\/li>\n<\/ul>","protected":false},"excerpt":{"rendered":"<p>Risk Advisory Every organisation is exposed to risk, stemming from a wide variety of sources, whether financial, operational or strategic. Proactive risk assessment and effective risk management will not only safeguard against dangers, but will also identify business opportunities.&nbsp;Moore Azerbaijan can assist you in identifying and managing the risks that your organisation is exposed to, [&hellip;]<\/p>\n","protected":false},"author":12,"featured_media":0,"parent":223,"menu_order":0,"comment_status":"closed","ping_status":"closed","template":"","meta":{"_acf_changed":false,"footnotes":""},"class_list":["post-263","page","type-page","status-publish","hentry"],"acf":[],"yoast_head":"<!-- This site is optimized with the Yoast SEO plugin v27.3 - https:\/\/yoast.com\/product\/yoast-seo-wordpress\/ -->\n<title>Risk Advisory - Moore Azerbaijan<\/title>\n<meta name=\"robots\" content=\"index, follow, max-snippet:-1, max-image-preview:large, max-video-preview:-1\" \/>\n<link rel=\"canonical\" href=\"https:\/\/az.moore-global.com\/az\/services-2\/risk-advisory\/\" \/>\n<meta property=\"og:locale\" content=\"az_AZ\" \/>\n<meta property=\"og:type\" content=\"article\" \/>\n<meta property=\"og:title\" content=\"Risk Advisory - Moore Azerbaijan\" \/>\n<meta property=\"og:description\" content=\"Risk Advisory Every organisation is exposed to risk, stemming from a wide variety of sources, whether financial, operational or strategic. Proactive risk assessment and effective risk management will not only safeguard against dangers, but will also identify business opportunities.&nbsp;Moore Azerbaijan can assist you in identifying and managing the risks that your organisation is exposed to, [&hellip;]\" \/>\n<meta property=\"og:url\" content=\"https:\/\/az.moore-global.com\/az\/services-2\/risk-advisory\/\" \/>\n<meta property=\"og:site_name\" content=\"Moore Azerbaijan\" \/>\n<meta property=\"article:modified_time\" content=\"2025-12-10T12:22:51+00:00\" \/>\n<meta name=\"twitter:card\" content=\"summary_large_image\" \/>\n<meta name=\"twitter:label1\" content=\"T\u0259xmini oxuma vaxt\u0131\" \/>\n\t<meta name=\"twitter:data1\" content=\"1 d\u0259qiq\u0259\" \/>\n<script type=\"application\/ld+json\" class=\"yoast-schema-graph\">{\"@context\":\"https:\\\/\\\/schema.org\",\"@graph\":[{\"@type\":\"WebPage\",\"@id\":\"https:\\\/\\\/az.moore-global.com\\\/ru\\\/services-2\\\/risk-advisory\\\/\",\"url\":\"https:\\\/\\\/az.moore-global.com\\\/ru\\\/services-2\\\/risk-advisory\\\/\",\"name\":\"Risk Advisory - Moore Azerbaijan\",\"isPartOf\":{\"@id\":\"https:\\\/\\\/az.moore-global.com\\\/#website\"},\"datePublished\":\"2025-12-10T12:08:03+00:00\",\"dateModified\":\"2025-12-10T12:22:51+00:00\",\"breadcrumb\":{\"@id\":\"https:\\\/\\\/az.moore-global.com\\\/ru\\\/services-2\\\/risk-advisory\\\/#breadcrumb\"},\"inLanguage\":\"az\",\"potentialAction\":[{\"@type\":\"ReadAction\",\"target\":[\"https:\\\/\\\/az.moore-global.com\\\/ru\\\/services-2\\\/risk-advisory\\\/\"]}]},{\"@type\":\"BreadcrumbList\",\"@id\":\"https:\\\/\\\/az.moore-global.com\\\/ru\\\/services-2\\\/risk-advisory\\\/#breadcrumb\",\"itemListElement\":[{\"@type\":\"ListItem\",\"position\":1,\"name\":\"Home\",\"item\":\"https:\\\/\\\/az.moore-global.com\\\/\"},{\"@type\":\"ListItem\",\"position\":2,\"name\":\"Services\",\"item\":\"https:\\\/\\\/az.moore-global.com\\\/ru\\\/services-2\\\/\"},{\"@type\":\"ListItem\",\"position\":3,\"name\":\"Risk Advisory\"}]},{\"@type\":\"WebSite\",\"@id\":\"https:\\\/\\\/az.moore-global.com\\\/#website\",\"url\":\"https:\\\/\\\/az.moore-global.com\\\/\",\"name\":\"Moore Azerbaijan\",\"description\":\"This is the base site for Moore Azerbaijan\",\"potentialAction\":[{\"@type\":\"SearchAction\",\"target\":{\"@type\":\"EntryPoint\",\"urlTemplate\":\"https:\\\/\\\/az.moore-global.com\\\/?s={search_term_string}\"},\"query-input\":{\"@type\":\"PropertyValueSpecification\",\"valueRequired\":true,\"valueName\":\"search_term_string\"}}],\"inLanguage\":\"az\"}]}<\/script>\n<!-- \/ Yoast SEO plugin. -->","yoast_head_json":{"title":"Risk Advisory - Moore Azerbaijan","robots":{"index":"index","follow":"follow","max-snippet":"max-snippet:-1","max-image-preview":"max-image-preview:large","max-video-preview":"max-video-preview:-1"},"canonical":"https:\/\/az.moore-global.com\/az\/services-2\/risk-advisory\/","og_locale":"az_AZ","og_type":"article","og_title":"Risk Advisory - Moore Azerbaijan","og_description":"Risk Advisory Every organisation is exposed to risk, stemming from a wide variety of sources, whether financial, operational or strategic. Proactive risk assessment and effective risk management will not only safeguard against dangers, but will also identify business opportunities.&nbsp;Moore Azerbaijan can assist you in identifying and managing the risks that your organisation is exposed to, [&hellip;]","og_url":"https:\/\/az.moore-global.com\/az\/services-2\/risk-advisory\/","og_site_name":"Moore Azerbaijan","article_modified_time":"2025-12-10T12:22:51+00:00","twitter_card":"summary_large_image","twitter_misc":{"T\u0259xmini oxuma vaxt\u0131":"1 d\u0259qiq\u0259"},"schema":{"@context":"https:\/\/schema.org","@graph":[{"@type":"WebPage","@id":"https:\/\/az.moore-global.com\/ru\/services-2\/risk-advisory\/","url":"https:\/\/az.moore-global.com\/ru\/services-2\/risk-advisory\/","name":"Risk Advisory - Moore Azerbaijan","isPartOf":{"@id":"https:\/\/az.moore-global.com\/#website"},"datePublished":"2025-12-10T12:08:03+00:00","dateModified":"2025-12-10T12:22:51+00:00","breadcrumb":{"@id":"https:\/\/az.moore-global.com\/ru\/services-2\/risk-advisory\/#breadcrumb"},"inLanguage":"az","potentialAction":[{"@type":"ReadAction","target":["https:\/\/az.moore-global.com\/ru\/services-2\/risk-advisory\/"]}]},{"@type":"BreadcrumbList","@id":"https:\/\/az.moore-global.com\/ru\/services-2\/risk-advisory\/#breadcrumb","itemListElement":[{"@type":"ListItem","position":1,"name":"Home","item":"https:\/\/az.moore-global.com\/"},{"@type":"ListItem","position":2,"name":"Services","item":"https:\/\/az.moore-global.com\/ru\/services-2\/"},{"@type":"ListItem","position":3,"name":"Risk Advisory"}]},{"@type":"WebSite","@id":"https:\/\/az.moore-global.com\/#website","url":"https:\/\/az.moore-global.com\/","name":"Mur Az\u0259rbaycan","description":"Bu, Moore Azerbaijan \u00fc\u00e7\u00fcn \u0259sas saytd\u0131r","potentialAction":[{"@type":"SearchAction","target":{"@type":"EntryPoint","urlTemplate":"https:\/\/az.moore-global.com\/?s={search_term_string}"},"query-input":{"@type":"PropertyValueSpecification","valueRequired":true,"valueName":"search_term_string"}}],"inLanguage":"az"}]}},"_links":{"self":[{"href":"https:\/\/az.moore-global.com\/az\/wp-json\/wp\/v2\/pages\/263","targetHints":{"allow":["GET"]}}],"collection":[{"href":"https:\/\/az.moore-global.com\/az\/wp-json\/wp\/v2\/pages"}],"about":[{"href":"https:\/\/az.moore-global.com\/az\/wp-json\/wp\/v2\/types\/page"}],"author":[{"embeddable":true,"href":"https:\/\/az.moore-global.com\/az\/wp-json\/wp\/v2\/users\/12"}],"replies":[{"embeddable":true,"href":"https:\/\/az.moore-global.com\/az\/wp-json\/wp\/v2\/comments?post=263"}],"version-history":[{"count":0,"href":"https:\/\/az.moore-global.com\/az\/wp-json\/wp\/v2\/pages\/263\/revisions"}],"up":[{"embeddable":true,"href":"https:\/\/az.moore-global.com\/az\/wp-json\/wp\/v2\/pages\/223"}],"wp:attachment":[{"href":"https:\/\/az.moore-global.com\/az\/wp-json\/wp\/v2\/media?parent=263"}],"curies":[{"name":"wp","href":"https:\/\/api.w.org\/{rel}","templated":true}]}}