{"id":262,"date":"2025-12-10T12:08:03","date_gmt":"2025-12-10T12:08:03","guid":{"rendered":"https:\/\/moore-az.eu3.moore-global.com\/services-2\/payroll-services\/"},"modified":"2025-12-10T12:22:18","modified_gmt":"2025-12-10T12:22:18","slug":"payroll-services","status":"publish","type":"page","link":"https:\/\/az.moore-global.com\/az\/services-2\/payroll-services\/","title":{"rendered":"\u018fm\u0259k haqq\u0131 xidm\u0259tl\u0259ri"},"content":{"rendered":"<h1 class=\"wp-block-heading\">\u018fm\u0259k haqq\u0131 xidm\u0259tl\u0259ri<\/h1>\n\n\n\n<p>\u018fm\u0259k haqq\u0131 v\u0259 HR xidm\u0259tl\u0259rini t\u0259qdim ed\u0259n Moore Azerbaijan-a etibar etm\u0259kl\u0259 m\u00fc\u015ft\u0259ril\u0259r tam m\u0259xfilik, x\u0259rcl\u0259rin azald\u0131lmas\u0131 v\u0259 ixtisasl\u0131 kadr xidm\u0259tinin t\u0259minat\u0131ndan faydalan\u0131rlar.<br><br>T\u0259klif olunan xidm\u0259tl\u0259r:<\/p>\n\n\n\n<ul class=\"wp-block-list\">\n<li>Qeydiyyat xidm\u0259tl\u0259ri, vergi v\u0259 sosial t\u0259minat orqanlar\u0131 il\u0259 \u0259laq\u0259<\/li>\n\n\n\n<li>\u018fm\u0259k haqq\u0131n\u0131n hesablanmas\u0131<\/li>\n\n\n\n<li>Vergi v\u0259 sosial s\u0131\u011forta hesabatlar\u0131n\u0131n haz\u0131rlanmas\u0131<\/li>\n\n\n\n<li>\u018fm\u0259k qanunvericiliyin\u0259 uy\u011fun olaraq t\u0259l\u0259b olunan s\u0259n\u0259dl\u0259rin haz\u0131rlanmas\u0131<\/li>\n\n\n\n<li>Kadr yoxlamalar\u0131<\/li>\n<\/ul>","protected":false},"excerpt":{"rendered":"<p>Payroll Services By entrusting Moore Azerbaijan &nbsp;providing a payroll and HR services clients benefit from a guarantee of complete confidentiality, cost reduction and qualified personnel service. Services offered:<\/p>","protected":false},"author":12,"featured_media":0,"parent":223,"menu_order":0,"comment_status":"closed","ping_status":"closed","template":"","meta":{"_acf_changed":false,"footnotes":""},"class_list":["post-262","page","type-page","status-publish","hentry"],"acf":[],"yoast_head":"<!-- This site is optimized with the Yoast SEO plugin v27.3 - https:\/\/yoast.com\/product\/yoast-seo-wordpress\/ -->\n<title>Payroll Services - Moore Azerbaijan<\/title>\n<meta name=\"robots\" content=\"index, follow, max-snippet:-1, max-image-preview:large, max-video-preview:-1\" \/>\n<link rel=\"canonical\" href=\"https:\/\/az.moore-global.com\/az\/services-2\/payroll-services\/\" \/>\n<meta property=\"og:locale\" content=\"az_AZ\" \/>\n<meta property=\"og:type\" content=\"article\" \/>\n<meta property=\"og:title\" content=\"Payroll Services - Moore Azerbaijan\" \/>\n<meta property=\"og:description\" content=\"Payroll Services By entrusting Moore Azerbaijan &nbsp;providing a payroll and HR services clients benefit from a guarantee of complete confidentiality, cost reduction and qualified personnel service. Services offered:\" \/>\n<meta property=\"og:url\" content=\"https:\/\/az.moore-global.com\/az\/services-2\/payroll-services\/\" \/>\n<meta property=\"og:site_name\" content=\"Moore Azerbaijan\" \/>\n<meta property=\"article:modified_time\" content=\"2025-12-10T12:22:18+00:00\" \/>\n<meta name=\"twitter:card\" content=\"summary_large_image\" \/>\n<meta name=\"twitter:label1\" content=\"T\u0259xmini oxuma vaxt\u0131\" \/>\n\t<meta name=\"twitter:data1\" content=\"1 d\u0259qiq\u0259\" \/>\n<script type=\"application\/ld+json\" class=\"yoast-schema-graph\">{\"@context\":\"https:\\\/\\\/schema.org\",\"@graph\":[{\"@type\":\"WebPage\",\"@id\":\"https:\\\/\\\/az.moore-global.com\\\/services-2\\\/payroll-services\\\/\",\"url\":\"https:\\\/\\\/az.moore-global.com\\\/services-2\\\/payroll-services\\\/\",\"name\":\"Payroll Services - Moore Azerbaijan\",\"isPartOf\":{\"@id\":\"https:\\\/\\\/az.moore-global.com\\\/#website\"},\"datePublished\":\"2025-12-10T12:08:03+00:00\",\"dateModified\":\"2025-12-10T12:22:18+00:00\",\"breadcrumb\":{\"@id\":\"https:\\\/\\\/az.moore-global.com\\\/services-2\\\/payroll-services\\\/#breadcrumb\"},\"inLanguage\":\"az\",\"potentialAction\":[{\"@type\":\"ReadAction\",\"target\":[\"https:\\\/\\\/az.moore-global.com\\\/services-2\\\/payroll-services\\\/\"]}]},{\"@type\":\"BreadcrumbList\",\"@id\":\"https:\\\/\\\/az.moore-global.com\\\/services-2\\\/payroll-services\\\/#breadcrumb\",\"itemListElement\":[{\"@type\":\"ListItem\",\"position\":1,\"name\":\"Home\",\"item\":\"https:\\\/\\\/az.moore-global.com\\\/\"},{\"@type\":\"ListItem\",\"position\":2,\"name\":\"Services\",\"item\":\"https:\\\/\\\/az.moore-global.com\\\/ru\\\/services-2\\\/\"},{\"@type\":\"ListItem\",\"position\":3,\"name\":\"Payroll Services\"}]},{\"@type\":\"WebSite\",\"@id\":\"https:\\\/\\\/az.moore-global.com\\\/#website\",\"url\":\"https:\\\/\\\/az.moore-global.com\\\/\",\"name\":\"Moore Azerbaijan\",\"description\":\"This is the base site for Moore Azerbaijan\",\"potentialAction\":[{\"@type\":\"SearchAction\",\"target\":{\"@type\":\"EntryPoint\",\"urlTemplate\":\"https:\\\/\\\/az.moore-global.com\\\/?s={search_term_string}\"},\"query-input\":{\"@type\":\"PropertyValueSpecification\",\"valueRequired\":true,\"valueName\":\"search_term_string\"}}],\"inLanguage\":\"az\"}]}<\/script>\n<!-- \/ Yoast SEO plugin. -->","yoast_head_json":{"title":"Payroll Services - Moore Azerbaijan","robots":{"index":"index","follow":"follow","max-snippet":"max-snippet:-1","max-image-preview":"max-image-preview:large","max-video-preview":"max-video-preview:-1"},"canonical":"https:\/\/az.moore-global.com\/az\/services-2\/payroll-services\/","og_locale":"az_AZ","og_type":"article","og_title":"Payroll Services - Moore Azerbaijan","og_description":"Payroll Services By entrusting Moore Azerbaijan &nbsp;providing a payroll and HR services clients benefit from a guarantee of complete confidentiality, cost reduction and qualified personnel service. Services offered:","og_url":"https:\/\/az.moore-global.com\/az\/services-2\/payroll-services\/","og_site_name":"Moore Azerbaijan","article_modified_time":"2025-12-10T12:22:18+00:00","twitter_card":"summary_large_image","twitter_misc":{"T\u0259xmini oxuma vaxt\u0131":"1 d\u0259qiq\u0259"},"schema":{"@context":"https:\/\/schema.org","@graph":[{"@type":"WebPage","@id":"https:\/\/az.moore-global.com\/services-2\/payroll-services\/","url":"https:\/\/az.moore-global.com\/services-2\/payroll-services\/","name":"Payroll Services - Moore Azerbaijan","isPartOf":{"@id":"https:\/\/az.moore-global.com\/#website"},"datePublished":"2025-12-10T12:08:03+00:00","dateModified":"2025-12-10T12:22:18+00:00","breadcrumb":{"@id":"https:\/\/az.moore-global.com\/services-2\/payroll-services\/#breadcrumb"},"inLanguage":"az","potentialAction":[{"@type":"ReadAction","target":["https:\/\/az.moore-global.com\/services-2\/payroll-services\/"]}]},{"@type":"BreadcrumbList","@id":"https:\/\/az.moore-global.com\/services-2\/payroll-services\/#breadcrumb","itemListElement":[{"@type":"ListItem","position":1,"name":"Home","item":"https:\/\/az.moore-global.com\/"},{"@type":"ListItem","position":2,"name":"Services","item":"https:\/\/az.moore-global.com\/ru\/services-2\/"},{"@type":"ListItem","position":3,"name":"Payroll Services"}]},{"@type":"WebSite","@id":"https:\/\/az.moore-global.com\/#website","url":"https:\/\/az.moore-global.com\/","name":"Mur Az\u0259rbaycan","description":"Bu, Moore Azerbaijan \u00fc\u00e7\u00fcn \u0259sas saytd\u0131r","potentialAction":[{"@type":"SearchAction","target":{"@type":"EntryPoint","urlTemplate":"https:\/\/az.moore-global.com\/?s={search_term_string}"},"query-input":{"@type":"PropertyValueSpecification","valueRequired":true,"valueName":"search_term_string"}}],"inLanguage":"az"}]}},"_links":{"self":[{"href":"https:\/\/az.moore-global.com\/az\/wp-json\/wp\/v2\/pages\/262","targetHints":{"allow":["GET"]}}],"collection":[{"href":"https:\/\/az.moore-global.com\/az\/wp-json\/wp\/v2\/pages"}],"about":[{"href":"https:\/\/az.moore-global.com\/az\/wp-json\/wp\/v2\/types\/page"}],"author":[{"embeddable":true,"href":"https:\/\/az.moore-global.com\/az\/wp-json\/wp\/v2\/users\/12"}],"replies":[{"embeddable":true,"href":"https:\/\/az.moore-global.com\/az\/wp-json\/wp\/v2\/comments?post=262"}],"version-history":[{"count":0,"href":"https:\/\/az.moore-global.com\/az\/wp-json\/wp\/v2\/pages\/262\/revisions"}],"up":[{"embeddable":true,"href":"https:\/\/az.moore-global.com\/az\/wp-json\/wp\/v2\/pages\/223"}],"wp:attachment":[{"href":"https:\/\/az.moore-global.com\/az\/wp-json\/wp\/v2\/media?parent=262"}],"curies":[{"name":"wp","href":"https:\/\/api.w.org\/{rel}","templated":true}]}}