{"id":261,"date":"2025-12-10T12:08:02","date_gmt":"2025-12-10T12:08:02","guid":{"rendered":"https:\/\/moore-az.eu3.moore-global.com\/services-2\/labor-and-migration\/"},"modified":"2025-12-10T12:21:28","modified_gmt":"2025-12-10T12:21:28","slug":"labor-and-migration","status":"publish","type":"page","link":"https:\/\/az.moore-global.com\/az\/services-2\/labor-and-migration\/","title":{"rendered":"\u018fm\u0259k v\u0259 Miqrasiya"},"content":{"rendered":"<h1 class=\"wp-block-heading\">\u018fm\u0259k v\u0259 Miqrasiya<\/h1>\n\n\n\n<p>M\u00fc\u015ft\u0259ril\u0259rimiz\u0259 h\u0259rt\u0259r\u0259fli HR v\u0259 m\u0259\u015f\u011fulluq h\u00fcququ m\u0259sl\u0259h\u0259ti autsorsinq h\u0259lli t\u0259klif edirik. Xidm\u0259tl\u0259rimiz m\u00fcxt\u0259lif aspektl\u0259ri \u0259hat\u0259 edir, bunlarla m\u0259hdudla\u015fmayaraq:<\/p>\n\n\n\n<ul class=\"wp-block-list\">\n<li>HR Prosesl\u0259rinin qurulmas\u0131<\/li>\n\n\n\n<li>S\u0259m\u0259r\u0259liliyi art\u0131rmaq \u00fc\u00e7\u00fcn HR prosesl\u0259rinin qurulmas\u0131 v\u0259 optimalla\u015fd\u0131r\u0131lmas\u0131<\/li>\n\n\n\n<li>\u018fm\u0259k m\u00fcqavil\u0259l\u0259rinin haz\u0131rlanmas\u0131 v\u0259 qeydiyyat\u0131<\/li>\n\n\n\n<li>M\u00fcvafiq qaydalara uy\u011fun olaraq \u0259m\u0259k m\u00fcqavil\u0259l\u0259rinin haz\u0131rlanmas\u0131 v\u0259 qeydiyyat\u0131<\/li>\n\n\n\n<li>D\u0259yi\u015fiklikl\u0259rin v\u0259 Xitamlar\u0131n Haz\u0131rlanmas\u0131 v\u0259 Qeydiyyat\u0131<\/li>\n\n\n\n<li>\u018fm\u0259k m\u00fcqavil\u0259l\u0259rin\u0259 d\u0259yi\u015fiklikl\u0259rin haz\u0131rlanmas\u0131, qeydiyyat\u0131 v\u0259 s\u0259n\u0259dl\u0259\u015fdirilm\u0259si il\u0259 m\u0259\u015f\u011ful olmaq v\u0259 xitam prosesini idar\u0259 etm\u0259k<\/li>\n\n\n\n<li>M\u0259\u015f\u011fulluq H\u00fcququ M\u0259s\u0259l\u0259l\u0259ri \u00fczr\u0259 m\u0259sl\u0259h\u0259tl\u0259r<\/li>\n\n\n\n<li>Bir s\u0131ra \u0259m\u0259k h\u00fcququ m\u0259s\u0259l\u0259l\u0259ri \u00fczr\u0259 ekspert r\u0259hb\u0259rliyinin t\u0259min edilm\u0259si<\/li>\n\n\n\n<li>\u018fm\u0259k M\u00fcf\u0259tti\u015fliyi zaman\u0131 yard\u0131m<\/li>\n\n\n\n<li>Qaydalara riay\u0259t olunmas\u0131n\u0131 t\u0259min etm\u0259k \u00fc\u00e7\u00fcn \u0259m\u0259k yoxlamalar\u0131 zaman\u0131 m\u00fc\u015ft\u0259ril\u0259r\u0259 d\u0259st\u0259k olmaq<\/li>\n\n\n\n<li>M\u0259\u015f\u011fulluqla ba\u011fl\u0131 m\u00fcbahis\u0259l\u0259r<\/li>\n\n\n\n<li>M\u0259\u015f\u011fulluqla ba\u011fl\u0131 m\u00fcbahis\u0259l\u0259rd\u0259 yard\u0131m v\u0259 t\u0259msil\u00e7ilik t\u0259klif etm\u0259k<\/li>\n<\/ul>\n\n\n\n<p>M\u00fct\u0259x\u0259ssisl\u0259rimiz t\u0259nziml\u0259yici t\u0259l\u0259bl\u0259r\u0259 uy\u011funlu\u011fu t\u0259min etm\u0259k v\u0259 beyn\u0259lxalq ezamiyy\u0259tl\u0259r v\u0259 ikili m\u0259\u015f\u011fulluq kimi m\u0259\u015f\u011fullu\u011fun strukturla\u015fd\u0131r\u0131lmas\u0131 m\u0259s\u0259l\u0259l\u0259rini h\u0259ll etm\u0259k \u00fc\u00e7\u00fcn h\u0259rt\u0259r\u0259fli m\u0259\u015f\u011fulluq qanunvericiliyi v\u0259 HR laz\u0131mi ara\u015fd\u0131rma apar\u0131r. Bizim h\u0259m yerli, h\u0259m d\u0259 \u00e7oxmill\u0259tli \u015firk\u0259tl\u0259r\u0259 i\u015f\u00e7il\u0259rin ixtisar\u0131 v\u0259 ixtisar t\u0259\u015f\u0259bb\u00fcsl\u0259rind\u0259 d\u0259st\u0259k olmaq \u00fczr\u0259 t\u0259cr\u00fcb\u0259miz var.<br>&nbsp;<br>Bundan \u0259lav\u0259, biz Az\u0259rbaycanda \u0259m\u0259k f\u0259aliyy\u0259ti il\u0259 m\u0259\u015f\u011ful olan \u0259cn\u0259bil\u0259r \u00fc\u00e7\u00fcn i\u015f v\u0259 ya\u015fay\u0131\u015f icaz\u0259l\u0259rinin al\u0131nmas\u0131 \u00fc\u00e7\u00fcn s\u0259m\u0259r\u0259li h\u0259ll\u0259r t\u0259qdim edirik v\u0259 m\u00fc\u015ft\u0259ril\u0259rimiz \u00fc\u00e7\u00fcn asanla\u015fd\u0131r\u0131lm\u0131\u015f prosesi t\u0259min edirik.<\/p>","protected":false},"excerpt":{"rendered":"<p>Labor and Migration We offer our clients a comprehensive HR and employment law advisory outsourcing solution. Our services encompass various aspects, including but not limited to: Our specialists conduct thorough employment law and HR due diligence to ensure compliance with regulatory requirements and address employment structuring issues, such as international secondments and dual employment. We [&hellip;]<\/p>\n","protected":false},"author":12,"featured_media":0,"parent":223,"menu_order":0,"comment_status":"closed","ping_status":"closed","template":"","meta":{"_acf_changed":false,"footnotes":""},"class_list":["post-261","page","type-page","status-publish","hentry"],"acf":[],"yoast_head":"<!-- This site is optimized with the Yoast SEO plugin v27.3 - https:\/\/yoast.com\/product\/yoast-seo-wordpress\/ -->\n<title>Labor and Migration - Moore Azerbaijan<\/title>\n<meta name=\"robots\" content=\"index, follow, max-snippet:-1, max-image-preview:large, max-video-preview:-1\" \/>\n<link rel=\"canonical\" href=\"https:\/\/az.moore-global.com\/az\/services-2\/labor-and-migration\/\" \/>\n<meta property=\"og:locale\" content=\"az_AZ\" \/>\n<meta property=\"og:type\" content=\"article\" \/>\n<meta property=\"og:title\" content=\"Labor and Migration - Moore Azerbaijan\" \/>\n<meta property=\"og:description\" content=\"Labor and Migration We offer our clients a comprehensive HR and employment law advisory outsourcing solution. Our services encompass various aspects, including but not limited to: Our specialists conduct thorough employment law and HR due diligence to ensure compliance with regulatory requirements and address employment structuring issues, such as international secondments and dual employment. We [&hellip;]\" \/>\n<meta property=\"og:url\" content=\"https:\/\/az.moore-global.com\/az\/services-2\/labor-and-migration\/\" \/>\n<meta property=\"og:site_name\" content=\"Moore Azerbaijan\" \/>\n<meta property=\"article:modified_time\" content=\"2025-12-10T12:21:28+00:00\" \/>\n<meta name=\"twitter:card\" content=\"summary_large_image\" \/>\n<meta name=\"twitter:label1\" content=\"T\u0259xmini oxuma vaxt\u0131\" \/>\n\t<meta name=\"twitter:data1\" content=\"1 d\u0259qiq\u0259\" \/>\n<script type=\"application\/ld+json\" class=\"yoast-schema-graph\">{\"@context\":\"https:\\\/\\\/schema.org\",\"@graph\":[{\"@type\":\"WebPage\",\"@id\":\"https:\\\/\\\/az.moore-global.com\\\/services-2\\\/labor-and-migration\\\/\",\"url\":\"https:\\\/\\\/az.moore-global.com\\\/services-2\\\/labor-and-migration\\\/\",\"name\":\"Labor and Migration - Moore Azerbaijan\",\"isPartOf\":{\"@id\":\"https:\\\/\\\/az.moore-global.com\\\/#website\"},\"datePublished\":\"2025-12-10T12:08:02+00:00\",\"dateModified\":\"2025-12-10T12:21:28+00:00\",\"breadcrumb\":{\"@id\":\"https:\\\/\\\/az.moore-global.com\\\/services-2\\\/labor-and-migration\\\/#breadcrumb\"},\"inLanguage\":\"az\",\"potentialAction\":[{\"@type\":\"ReadAction\",\"target\":[\"https:\\\/\\\/az.moore-global.com\\\/services-2\\\/labor-and-migration\\\/\"]}]},{\"@type\":\"BreadcrumbList\",\"@id\":\"https:\\\/\\\/az.moore-global.com\\\/services-2\\\/labor-and-migration\\\/#breadcrumb\",\"itemListElement\":[{\"@type\":\"ListItem\",\"position\":1,\"name\":\"Home\",\"item\":\"https:\\\/\\\/az.moore-global.com\\\/\"},{\"@type\":\"ListItem\",\"position\":2,\"name\":\"Services\",\"item\":\"https:\\\/\\\/az.moore-global.com\\\/ru\\\/services-2\\\/\"},{\"@type\":\"ListItem\",\"position\":3,\"name\":\"Labor and Migration\"}]},{\"@type\":\"WebSite\",\"@id\":\"https:\\\/\\\/az.moore-global.com\\\/#website\",\"url\":\"https:\\\/\\\/az.moore-global.com\\\/\",\"name\":\"Moore Azerbaijan\",\"description\":\"This is the base site for Moore Azerbaijan\",\"potentialAction\":[{\"@type\":\"SearchAction\",\"target\":{\"@type\":\"EntryPoint\",\"urlTemplate\":\"https:\\\/\\\/az.moore-global.com\\\/?s={search_term_string}\"},\"query-input\":{\"@type\":\"PropertyValueSpecification\",\"valueRequired\":true,\"valueName\":\"search_term_string\"}}],\"inLanguage\":\"az\"}]}<\/script>\n<!-- \/ Yoast SEO plugin. -->","yoast_head_json":{"title":"Labor and Migration - Moore Azerbaijan","robots":{"index":"index","follow":"follow","max-snippet":"max-snippet:-1","max-image-preview":"max-image-preview:large","max-video-preview":"max-video-preview:-1"},"canonical":"https:\/\/az.moore-global.com\/az\/services-2\/labor-and-migration\/","og_locale":"az_AZ","og_type":"article","og_title":"Labor and Migration - Moore Azerbaijan","og_description":"Labor and Migration We offer our clients a comprehensive HR and employment law advisory outsourcing solution. Our services encompass various aspects, including but not limited to: Our specialists conduct thorough employment law and HR due diligence to ensure compliance with regulatory requirements and address employment structuring issues, such as international secondments and dual employment. We [&hellip;]","og_url":"https:\/\/az.moore-global.com\/az\/services-2\/labor-and-migration\/","og_site_name":"Moore Azerbaijan","article_modified_time":"2025-12-10T12:21:28+00:00","twitter_card":"summary_large_image","twitter_misc":{"T\u0259xmini oxuma vaxt\u0131":"1 d\u0259qiq\u0259"},"schema":{"@context":"https:\/\/schema.org","@graph":[{"@type":"WebPage","@id":"https:\/\/az.moore-global.com\/services-2\/labor-and-migration\/","url":"https:\/\/az.moore-global.com\/services-2\/labor-and-migration\/","name":"Labor and Migration - Moore Azerbaijan","isPartOf":{"@id":"https:\/\/az.moore-global.com\/#website"},"datePublished":"2025-12-10T12:08:02+00:00","dateModified":"2025-12-10T12:21:28+00:00","breadcrumb":{"@id":"https:\/\/az.moore-global.com\/services-2\/labor-and-migration\/#breadcrumb"},"inLanguage":"az","potentialAction":[{"@type":"ReadAction","target":["https:\/\/az.moore-global.com\/services-2\/labor-and-migration\/"]}]},{"@type":"BreadcrumbList","@id":"https:\/\/az.moore-global.com\/services-2\/labor-and-migration\/#breadcrumb","itemListElement":[{"@type":"ListItem","position":1,"name":"Home","item":"https:\/\/az.moore-global.com\/"},{"@type":"ListItem","position":2,"name":"Services","item":"https:\/\/az.moore-global.com\/ru\/services-2\/"},{"@type":"ListItem","position":3,"name":"Labor and Migration"}]},{"@type":"WebSite","@id":"https:\/\/az.moore-global.com\/#website","url":"https:\/\/az.moore-global.com\/","name":"Mur Az\u0259rbaycan","description":"Bu, Moore Azerbaijan \u00fc\u00e7\u00fcn \u0259sas saytd\u0131r","potentialAction":[{"@type":"SearchAction","target":{"@type":"EntryPoint","urlTemplate":"https:\/\/az.moore-global.com\/?s={search_term_string}"},"query-input":{"@type":"PropertyValueSpecification","valueRequired":true,"valueName":"search_term_string"}}],"inLanguage":"az"}]}},"_links":{"self":[{"href":"https:\/\/az.moore-global.com\/az\/wp-json\/wp\/v2\/pages\/261","targetHints":{"allow":["GET"]}}],"collection":[{"href":"https:\/\/az.moore-global.com\/az\/wp-json\/wp\/v2\/pages"}],"about":[{"href":"https:\/\/az.moore-global.com\/az\/wp-json\/wp\/v2\/types\/page"}],"author":[{"embeddable":true,"href":"https:\/\/az.moore-global.com\/az\/wp-json\/wp\/v2\/users\/12"}],"replies":[{"embeddable":true,"href":"https:\/\/az.moore-global.com\/az\/wp-json\/wp\/v2\/comments?post=261"}],"version-history":[{"count":0,"href":"https:\/\/az.moore-global.com\/az\/wp-json\/wp\/v2\/pages\/261\/revisions"}],"up":[{"embeddable":true,"href":"https:\/\/az.moore-global.com\/az\/wp-json\/wp\/v2\/pages\/223"}],"wp:attachment":[{"href":"https:\/\/az.moore-global.com\/az\/wp-json\/wp\/v2\/media?parent=261"}],"curies":[{"name":"wp","href":"https:\/\/api.w.org\/{rel}","templated":true}]}}