{"id":260,"date":"2025-12-10T12:08:02","date_gmt":"2025-12-10T12:08:02","guid":{"rendered":"https:\/\/moore-az.eu3.moore-global.com\/services-2\/it-internal-controls-consultancy\/"},"modified":"2025-12-10T12:20:29","modified_gmt":"2025-12-10T12:20:29","slug":"it-internal-controls-consultancy","status":"publish","type":"page","link":"https:\/\/az.moore-global.com\/az\/services-2\/it-internal-controls-consultancy\/","title":{"rendered":"\u0130T v\u0259 Daxili N\u0259zar\u0259t M\u0259sl\u0259h\u0259t\u00e7iliyi"},"content":{"rendered":"<h1 class=\"wp-block-heading\">\u0130T v\u0259 Daxili N\u0259zar\u0259t M\u0259sl\u0259h\u0259t\u00e7iliyi<\/h1>\n\n\n\n<p>M\u00fcasir r\u0259qab\u0259t \u015f\u0259raitind\u0259 m\u00fc\u0259ssis\u0259l\u0259r getdikc\u0259 effektiv komp\u00fcter sisteml\u0259rind\u0259n as\u0131l\u0131d\u0131r. Lakin u\u011fursuzluq riskl\u0259ri y\u00fcks\u0259k ola bil\u0259r v\u0259 getdikc\u0259 artan problem riskl\u0259rd\u0259n qa\u00e7ark\u0259n \u0130T-nin g\u00fcc\u00fcnd\u0259n istifad\u0259 etm\u0259kdir.<br><br>Ehtiyac\u0131n\u0131z n\u0259 olursa olsun, t\u0259cr\u00fcb\u0259miz v\u0259 t\u0259cr\u00fcb\u0259miz bu problemin \u00f6hd\u0259sind\u0259n g\u0259lm\u0259y\u0259 k\u00f6m\u0259k ed\u0259 bil\u0259r.<br>\u018fks\u0259r m\u00fc\u0259ssis\u0259l\u0259r yeni m\u0259hsulun inki\u015faf\u0131, daha \u00e7ox bazar pay\u0131 v\u0259 ya \u0259lav\u0259 x\u0259rcl\u0259rin azald\u0131lmas\u0131 yolu il\u0259 g\u0259l\u0259c\u0259yi proqnozla\u015fd\u0131ran \u0259trafl\u0131 biznes planlar\u0131 il\u0259 d\u0259st\u0259kl\u0259n\u0259n yax\u015f\u0131 i\u015fl\u0259nmi\u015f strategiyalara malikdir.<br><br>B\u0259zi m\u00fc\u0259ssis\u0259l\u0259rin h\u0259m\u00e7inin \u0130T m\u00fchitl\u0259rinin g\u0259l\u0259c\u0259yi \u00fc\u00e7\u00fcn \u0130T strategiyalar\u0131 v\u0259 planlar\u0131 var. B\u0259s, bu strategiya v\u0259 planlar\u0131n eyni m\u0259qs\u0259dl\u0259ri varm\u0131 v\u0259 bir-birini d\u0259st\u0259kl\u0259yirmi?<br><br>Biz tez-tez g\u00f6r\u00fcr\u00fck ki, \u0130T strategiyalar\u0131 biznes planlar\u0131na uy\u011fun g\u0259lmir, n\u0259tic\u0259d\u0259 \u0130T biznesin u\u011furlu inki\u015faf\u0131na mane olur.<br><br>Biz siz\u0259 biznes plan\u0131n\u0131za uy\u011fun olaraq \u0130T strategiyan\u0131z\u0131 inki\u015faf etdirm\u0259y\u0259 k\u00f6m\u0259k ed\u0259 bil\u0259rik v\u0259 ya cari \u0130T strategiyan\u0131z\u0131 n\u0259z\u0259rd\u0259n ke\u00e7ir\u0259r\u0259k onun real v\u0259 \u0259ld\u0259 edil\u0259 bil\u0259n olmas\u0131n\u0131 t\u0259min ed\u0259 bil\u0259rik.<br><br>\u0130T sisteml\u0259rinizd\u0259n g\u0259l\u0259n m\u0259lumatlar v\u0259 \u0259sas hesabatlar r\u0259hb\u0259rliy\u0259 \u0259sas biznes q\u0259rarlar\u0131n\u0131n q\u0259bulu \u00fc\u00e7\u00fcn m\u0259lumat verir. Buna g\u00f6r\u0259 d\u0259 d\u0259qiqlik h\u0259r \u015feyd\u0259n \u00fcst\u00fcnd\u00fcr.<br><br>Biz geni\u015f \u0130T audit t\u0259cr\u00fcb\u0259mizd\u0259n istifad\u0259 ed\u0259r\u0259k m\u0259lumatlar\u0131n\u0131z\u0131n v\u0259 hesabatlar\u0131n\u0131z\u0131n d\u00fczg\u00fcnl\u00fcy\u00fcn\u00fc yoxlamaqda siz\u0259 k\u00f6m\u0259k ed\u0259 bil\u0259rik.<\/p>","protected":false},"excerpt":{"rendered":"<p>IT &amp; Internal Controls Consultancy In today&#8217;s competitive environment, businesses increasingly depend on effective computer systems. But the risks of failure can be high and the ever-increasing challenge is to harness the power of IT whilst avoiding the risks. Whatever your needs, our experience and expertise can help you meet this challenge.Most businesses have well [&hellip;]<\/p>\n","protected":false},"author":12,"featured_media":0,"parent":223,"menu_order":0,"comment_status":"closed","ping_status":"closed","template":"","meta":{"_acf_changed":false,"footnotes":""},"class_list":["post-260","page","type-page","status-publish","hentry"],"acf":[],"yoast_head":"<!-- This site is optimized with the Yoast SEO plugin v27.3 - https:\/\/yoast.com\/product\/yoast-seo-wordpress\/ -->\n<title>IT &amp; Internal Controls Consultancy - Moore Azerbaijan<\/title>\n<meta name=\"robots\" content=\"index, follow, max-snippet:-1, max-image-preview:large, max-video-preview:-1\" \/>\n<link rel=\"canonical\" href=\"https:\/\/az.moore-global.com\/az\/services-2\/it-internal-controls-consultancy\/\" \/>\n<meta property=\"og:locale\" content=\"az_AZ\" \/>\n<meta property=\"og:type\" content=\"article\" \/>\n<meta property=\"og:title\" content=\"IT &amp; Internal Controls Consultancy - Moore Azerbaijan\" \/>\n<meta property=\"og:description\" content=\"IT &amp; Internal Controls Consultancy In today&#8217;s competitive environment, businesses increasingly depend on effective computer systems. But the risks of failure can be high and the ever-increasing challenge is to harness the power of IT whilst avoiding the risks. Whatever your needs, our experience and expertise can help you meet this challenge.Most businesses have well [&hellip;]\" \/>\n<meta property=\"og:url\" content=\"https:\/\/az.moore-global.com\/az\/services-2\/it-internal-controls-consultancy\/\" \/>\n<meta property=\"og:site_name\" content=\"Moore Azerbaijan\" \/>\n<meta property=\"article:modified_time\" content=\"2025-12-10T12:20:29+00:00\" \/>\n<meta name=\"twitter:card\" content=\"summary_large_image\" \/>\n<script type=\"application\/ld+json\" class=\"yoast-schema-graph\">{\"@context\":\"https:\\\/\\\/schema.org\",\"@graph\":[{\"@type\":\"WebPage\",\"@id\":\"https:\\\/\\\/az.moore-global.com\\\/services-2\\\/it-internal-controls-consultancy\\\/\",\"url\":\"https:\\\/\\\/az.moore-global.com\\\/services-2\\\/it-internal-controls-consultancy\\\/\",\"name\":\"IT &amp; Internal Controls Consultancy - Moore Azerbaijan\",\"isPartOf\":{\"@id\":\"https:\\\/\\\/az.moore-global.com\\\/#website\"},\"datePublished\":\"2025-12-10T12:08:02+00:00\",\"dateModified\":\"2025-12-10T12:20:29+00:00\",\"breadcrumb\":{\"@id\":\"https:\\\/\\\/az.moore-global.com\\\/services-2\\\/it-internal-controls-consultancy\\\/#breadcrumb\"},\"inLanguage\":\"az\",\"potentialAction\":[{\"@type\":\"ReadAction\",\"target\":[\"https:\\\/\\\/az.moore-global.com\\\/services-2\\\/it-internal-controls-consultancy\\\/\"]}]},{\"@type\":\"BreadcrumbList\",\"@id\":\"https:\\\/\\\/az.moore-global.com\\\/services-2\\\/it-internal-controls-consultancy\\\/#breadcrumb\",\"itemListElement\":[{\"@type\":\"ListItem\",\"position\":1,\"name\":\"Home\",\"item\":\"https:\\\/\\\/az.moore-global.com\\\/\"},{\"@type\":\"ListItem\",\"position\":2,\"name\":\"Services\",\"item\":\"https:\\\/\\\/az.moore-global.com\\\/ru\\\/services-2\\\/\"},{\"@type\":\"ListItem\",\"position\":3,\"name\":\"IT &amp; Internal Controls Consultancy\"}]},{\"@type\":\"WebSite\",\"@id\":\"https:\\\/\\\/az.moore-global.com\\\/#website\",\"url\":\"https:\\\/\\\/az.moore-global.com\\\/\",\"name\":\"Moore Azerbaijan\",\"description\":\"This is the base site for Moore Azerbaijan\",\"potentialAction\":[{\"@type\":\"SearchAction\",\"target\":{\"@type\":\"EntryPoint\",\"urlTemplate\":\"https:\\\/\\\/az.moore-global.com\\\/?s={search_term_string}\"},\"query-input\":{\"@type\":\"PropertyValueSpecification\",\"valueRequired\":true,\"valueName\":\"search_term_string\"}}],\"inLanguage\":\"az\"}]}<\/script>\n<!-- \/ Yoast SEO plugin. -->","yoast_head_json":{"title":"IT &amp; Internal Controls Consultancy - Moore Azerbaijan","robots":{"index":"index","follow":"follow","max-snippet":"max-snippet:-1","max-image-preview":"max-image-preview:large","max-video-preview":"max-video-preview:-1"},"canonical":"https:\/\/az.moore-global.com\/az\/services-2\/it-internal-controls-consultancy\/","og_locale":"az_AZ","og_type":"article","og_title":"IT &amp; Internal Controls Consultancy - Moore Azerbaijan","og_description":"IT &amp; Internal Controls Consultancy In today&#8217;s competitive environment, businesses increasingly depend on effective computer systems. But the risks of failure can be high and the ever-increasing challenge is to harness the power of IT whilst avoiding the risks. Whatever your needs, our experience and expertise can help you meet this challenge.Most businesses have well [&hellip;]","og_url":"https:\/\/az.moore-global.com\/az\/services-2\/it-internal-controls-consultancy\/","og_site_name":"Moore Azerbaijan","article_modified_time":"2025-12-10T12:20:29+00:00","twitter_card":"summary_large_image","schema":{"@context":"https:\/\/schema.org","@graph":[{"@type":"WebPage","@id":"https:\/\/az.moore-global.com\/services-2\/it-internal-controls-consultancy\/","url":"https:\/\/az.moore-global.com\/services-2\/it-internal-controls-consultancy\/","name":"IT &amp; Internal Controls Consultancy - Moore Azerbaijan","isPartOf":{"@id":"https:\/\/az.moore-global.com\/#website"},"datePublished":"2025-12-10T12:08:02+00:00","dateModified":"2025-12-10T12:20:29+00:00","breadcrumb":{"@id":"https:\/\/az.moore-global.com\/services-2\/it-internal-controls-consultancy\/#breadcrumb"},"inLanguage":"az","potentialAction":[{"@type":"ReadAction","target":["https:\/\/az.moore-global.com\/services-2\/it-internal-controls-consultancy\/"]}]},{"@type":"BreadcrumbList","@id":"https:\/\/az.moore-global.com\/services-2\/it-internal-controls-consultancy\/#breadcrumb","itemListElement":[{"@type":"ListItem","position":1,"name":"Home","item":"https:\/\/az.moore-global.com\/"},{"@type":"ListItem","position":2,"name":"Services","item":"https:\/\/az.moore-global.com\/ru\/services-2\/"},{"@type":"ListItem","position":3,"name":"IT &amp; Internal Controls Consultancy"}]},{"@type":"WebSite","@id":"https:\/\/az.moore-global.com\/#website","url":"https:\/\/az.moore-global.com\/","name":"Mur Az\u0259rbaycan","description":"Bu, Moore Azerbaijan \u00fc\u00e7\u00fcn \u0259sas saytd\u0131r","potentialAction":[{"@type":"SearchAction","target":{"@type":"EntryPoint","urlTemplate":"https:\/\/az.moore-global.com\/?s={search_term_string}"},"query-input":{"@type":"PropertyValueSpecification","valueRequired":true,"valueName":"search_term_string"}}],"inLanguage":"az"}]}},"_links":{"self":[{"href":"https:\/\/az.moore-global.com\/az\/wp-json\/wp\/v2\/pages\/260","targetHints":{"allow":["GET"]}}],"collection":[{"href":"https:\/\/az.moore-global.com\/az\/wp-json\/wp\/v2\/pages"}],"about":[{"href":"https:\/\/az.moore-global.com\/az\/wp-json\/wp\/v2\/types\/page"}],"author":[{"embeddable":true,"href":"https:\/\/az.moore-global.com\/az\/wp-json\/wp\/v2\/users\/12"}],"replies":[{"embeddable":true,"href":"https:\/\/az.moore-global.com\/az\/wp-json\/wp\/v2\/comments?post=260"}],"version-history":[{"count":0,"href":"https:\/\/az.moore-global.com\/az\/wp-json\/wp\/v2\/pages\/260\/revisions"}],"up":[{"embeddable":true,"href":"https:\/\/az.moore-global.com\/az\/wp-json\/wp\/v2\/pages\/223"}],"wp:attachment":[{"href":"https:\/\/az.moore-global.com\/az\/wp-json\/wp\/v2\/media?parent=260"}],"curies":[{"name":"wp","href":"https:\/\/api.w.org\/{rel}","templated":true}]}}