{"id":259,"date":"2025-12-10T12:08:02","date_gmt":"2025-12-10T12:08:02","guid":{"rendered":"https:\/\/moore-az.eu3.moore-global.com\/services-2\/fraud-prevention-and-detection\/"},"modified":"2025-12-10T12:17:34","modified_gmt":"2025-12-10T12:17:34","slug":"fraud-prevention-and-detection","status":"publish","type":"page","link":"https:\/\/az.moore-global.com\/az\/services-2\/fraud-prevention-and-detection\/","title":{"rendered":"F\u0131r\u0131ldaq\u00e7\u0131l\u0131\u011f\u0131n qar\u015f\u0131s\u0131n\u0131n al\u0131nmas\u0131 v\u0259 a\u015fkarlanmas\u0131"},"content":{"rendered":"<h1 class=\"wp-block-heading\">F\u0131r\u0131ldaq\u00e7\u0131l\u0131\u011f\u0131n qar\u015f\u0131s\u0131n\u0131n al\u0131nmas\u0131 v\u0259 a\u015fkarlanmas\u0131<\/h1>\n\n\n\n<p>F\u0131r\u0131ldaq\u00e7\u0131l\u0131q t\u0259\u015fkilatlar \u00fc\u00e7\u00fcn \u0259sas narahatl\u0131q do\u011furur v\u0259 artan f\u0131r\u0131ldaq\u00e7\u0131l\u0131q d\u0259r\u0259c\u0259l\u0259ri biznesl\u0259rd\u0259n z\u0259r\u0259r riskini azaltmaq \u00fc\u00e7\u00fcn m\u00fcvafiq f\u0131r\u0131ldaq\u00e7\u0131l\u0131qla m\u00fcbariz\u0259 proqramlar\u0131 v\u0259 n\u0259zar\u0259tl\u0259r haz\u0131rlama\u011f\u0131 t\u0259l\u0259b edir.<br><br>F\u0131r\u0131ldaq\u00e7\u0131l\u0131q ekspertizas\u0131 f\u0131r\u0131ldaq\u00e7\u0131l\u0131\u011f\u0131n qar\u015f\u0131s\u0131n\u0131 almaq v\u0259 a\u015fkar etm\u0259k \u00fc\u00e7\u00fcn effektiv proqram\u0131n haz\u0131rlanmas\u0131na k\u00f6m\u0259k ed\u0259c\u0259kdir.<br><br>Biz:<\/p>\n\n\n\n<ul class=\"wp-block-list\">\n<li>M\u00fcqavil\u0259l\u0259rd\u0259 v\u0259 sat\u0131nalma, inventar, sat\u0131\u015f v\u0259 dig\u0259r d\u00f6vrl\u0259rd\u0259 f\u0131r\u0131ldaq\u00e7\u0131l\u0131q riskl\u0259rini m\u00fc\u0259yy\u0259n etm\u0259y\u0259 k\u00f6m\u0259k edin<\/li>\n\n\n\n<li>Bu riskl\u0259ri qiym\u0259tl\u0259ndirm\u0259k, n\u0259zar\u0259t etm\u0259k v\u0259 idar\u0259 etm\u0259k \u00fc\u00e7\u00fcn strategiyalar haz\u0131rlay\u0131n<\/li>\n\n\n\n<li>Daha d\u0259rin ara\u015fd\u0131rma t\u0259l\u0259b olundu\u011fu yerl\u0259rd\u0259 xas riskl\u0259ri m\u00fc\u0259yy\u0259nl\u0259\u015fdirin<\/li>\n\n\n\n<li>N\u0259zar\u0259tin effektivliyin\u0259 dair \u0259minlik \u0259ld\u0259 edin<\/li>\n\n\n\n<li>Saxtakarl\u0131q v\u0259 sui-istifad\u0259 \u0259lam\u0259tl\u0259rini m\u00fc\u0259yy\u0259n etm\u0259k \u00fc\u00e7\u00fcn \u0259m\u0259liyyatlar\u0131n tarixi yoxlamas\u0131 v\u0259 saxtakarl\u0131q ara\u015fd\u0131rmas\u0131 apar\u0131n<\/li>\n\n\n\n<li>Sistematik n\u0259z\u0259rd\u0259n ke\u00e7irm\u0259k \u00fc\u00e7\u00fcn prosedurlar qurun v\u0259 m\u0259nf\u0259\u0259t itkisinin qar\u015f\u0131s\u0131n\u0131 almaq v\u0259 aktivl\u0259ri qorumaq \u00fc\u00e7\u00fcn hans\u0131 sah\u0259l\u0259rd\u0259 n\u0259zar\u0259tin g\u00fccl\u0259ndirilm\u0259sini m\u00fc\u0259yy\u0259nl\u0259\u015fdirin<\/li>\n<\/ul>","protected":false},"excerpt":{"rendered":"<p>Fraud prevention and detection Fraud is a major concern for organisations and rising fraud rates require businesses to develop appropriate fraud management programmes and controls to curtail the risk of loss. Our fraud examination will assist in developing an effective programme to prevent and detect fraud. We will:<\/p>","protected":false},"author":12,"featured_media":0,"parent":223,"menu_order":0,"comment_status":"closed","ping_status":"closed","template":"","meta":{"_acf_changed":false,"footnotes":""},"class_list":["post-259","page","type-page","status-publish","hentry"],"acf":[],"yoast_head":"<!-- This site is optimized with the Yoast SEO plugin v27.3 - https:\/\/yoast.com\/product\/yoast-seo-wordpress\/ -->\n<title>Fraud prevention and detection - Moore Azerbaijan<\/title>\n<meta name=\"robots\" content=\"index, follow, max-snippet:-1, max-image-preview:large, max-video-preview:-1\" \/>\n<link rel=\"canonical\" href=\"https:\/\/az.moore-global.com\/az\/services-2\/fraud-prevention-and-detection\/\" \/>\n<meta property=\"og:locale\" content=\"az_AZ\" \/>\n<meta property=\"og:type\" content=\"article\" \/>\n<meta property=\"og:title\" content=\"Fraud prevention and detection - Moore Azerbaijan\" \/>\n<meta property=\"og:description\" content=\"Fraud prevention and detection Fraud is a major concern for organisations and rising fraud rates require businesses to develop appropriate fraud management programmes and controls to curtail the risk of loss. Our fraud examination will assist in developing an effective programme to prevent and detect fraud. We will:\" \/>\n<meta property=\"og:url\" content=\"https:\/\/az.moore-global.com\/az\/services-2\/fraud-prevention-and-detection\/\" \/>\n<meta property=\"og:site_name\" content=\"Moore Azerbaijan\" \/>\n<meta property=\"article:modified_time\" content=\"2025-12-10T12:17:34+00:00\" \/>\n<meta name=\"twitter:card\" content=\"summary_large_image\" \/>\n<script type=\"application\/ld+json\" class=\"yoast-schema-graph\">{\"@context\":\"https:\\\/\\\/schema.org\",\"@graph\":[{\"@type\":\"WebPage\",\"@id\":\"https:\\\/\\\/az.moore-global.com\\\/services-2\\\/fraud-prevention-and-detection\\\/\",\"url\":\"https:\\\/\\\/az.moore-global.com\\\/services-2\\\/fraud-prevention-and-detection\\\/\",\"name\":\"Fraud prevention and detection - Moore Azerbaijan\",\"isPartOf\":{\"@id\":\"https:\\\/\\\/az.moore-global.com\\\/#website\"},\"datePublished\":\"2025-12-10T12:08:02+00:00\",\"dateModified\":\"2025-12-10T12:17:34+00:00\",\"breadcrumb\":{\"@id\":\"https:\\\/\\\/az.moore-global.com\\\/services-2\\\/fraud-prevention-and-detection\\\/#breadcrumb\"},\"inLanguage\":\"az\",\"potentialAction\":[{\"@type\":\"ReadAction\",\"target\":[\"https:\\\/\\\/az.moore-global.com\\\/services-2\\\/fraud-prevention-and-detection\\\/\"]}]},{\"@type\":\"BreadcrumbList\",\"@id\":\"https:\\\/\\\/az.moore-global.com\\\/services-2\\\/fraud-prevention-and-detection\\\/#breadcrumb\",\"itemListElement\":[{\"@type\":\"ListItem\",\"position\":1,\"name\":\"Home\",\"item\":\"https:\\\/\\\/az.moore-global.com\\\/\"},{\"@type\":\"ListItem\",\"position\":2,\"name\":\"Services\",\"item\":\"https:\\\/\\\/az.moore-global.com\\\/ru\\\/services-2\\\/\"},{\"@type\":\"ListItem\",\"position\":3,\"name\":\"Fraud prevention and detection\"}]},{\"@type\":\"WebSite\",\"@id\":\"https:\\\/\\\/az.moore-global.com\\\/#website\",\"url\":\"https:\\\/\\\/az.moore-global.com\\\/\",\"name\":\"Moore Azerbaijan\",\"description\":\"This is the base site for Moore Azerbaijan\",\"potentialAction\":[{\"@type\":\"SearchAction\",\"target\":{\"@type\":\"EntryPoint\",\"urlTemplate\":\"https:\\\/\\\/az.moore-global.com\\\/?s={search_term_string}\"},\"query-input\":{\"@type\":\"PropertyValueSpecification\",\"valueRequired\":true,\"valueName\":\"search_term_string\"}}],\"inLanguage\":\"az\"}]}<\/script>\n<!-- \/ Yoast SEO plugin. -->","yoast_head_json":{"title":"Fraud prevention and detection - Moore Azerbaijan","robots":{"index":"index","follow":"follow","max-snippet":"max-snippet:-1","max-image-preview":"max-image-preview:large","max-video-preview":"max-video-preview:-1"},"canonical":"https:\/\/az.moore-global.com\/az\/services-2\/fraud-prevention-and-detection\/","og_locale":"az_AZ","og_type":"article","og_title":"Fraud prevention and detection - Moore Azerbaijan","og_description":"Fraud prevention and detection Fraud is a major concern for organisations and rising fraud rates require businesses to develop appropriate fraud management programmes and controls to curtail the risk of loss. Our fraud examination will assist in developing an effective programme to prevent and detect fraud. We will:","og_url":"https:\/\/az.moore-global.com\/az\/services-2\/fraud-prevention-and-detection\/","og_site_name":"Moore Azerbaijan","article_modified_time":"2025-12-10T12:17:34+00:00","twitter_card":"summary_large_image","schema":{"@context":"https:\/\/schema.org","@graph":[{"@type":"WebPage","@id":"https:\/\/az.moore-global.com\/services-2\/fraud-prevention-and-detection\/","url":"https:\/\/az.moore-global.com\/services-2\/fraud-prevention-and-detection\/","name":"Fraud prevention and detection - Moore Azerbaijan","isPartOf":{"@id":"https:\/\/az.moore-global.com\/#website"},"datePublished":"2025-12-10T12:08:02+00:00","dateModified":"2025-12-10T12:17:34+00:00","breadcrumb":{"@id":"https:\/\/az.moore-global.com\/services-2\/fraud-prevention-and-detection\/#breadcrumb"},"inLanguage":"az","potentialAction":[{"@type":"ReadAction","target":["https:\/\/az.moore-global.com\/services-2\/fraud-prevention-and-detection\/"]}]},{"@type":"BreadcrumbList","@id":"https:\/\/az.moore-global.com\/services-2\/fraud-prevention-and-detection\/#breadcrumb","itemListElement":[{"@type":"ListItem","position":1,"name":"Home","item":"https:\/\/az.moore-global.com\/"},{"@type":"ListItem","position":2,"name":"Services","item":"https:\/\/az.moore-global.com\/ru\/services-2\/"},{"@type":"ListItem","position":3,"name":"Fraud prevention and detection"}]},{"@type":"WebSite","@id":"https:\/\/az.moore-global.com\/#website","url":"https:\/\/az.moore-global.com\/","name":"Mur Az\u0259rbaycan","description":"Bu, Moore Azerbaijan \u00fc\u00e7\u00fcn \u0259sas saytd\u0131r","potentialAction":[{"@type":"SearchAction","target":{"@type":"EntryPoint","urlTemplate":"https:\/\/az.moore-global.com\/?s={search_term_string}"},"query-input":{"@type":"PropertyValueSpecification","valueRequired":true,"valueName":"search_term_string"}}],"inLanguage":"az"}]}},"_links":{"self":[{"href":"https:\/\/az.moore-global.com\/az\/wp-json\/wp\/v2\/pages\/259","targetHints":{"allow":["GET"]}}],"collection":[{"href":"https:\/\/az.moore-global.com\/az\/wp-json\/wp\/v2\/pages"}],"about":[{"href":"https:\/\/az.moore-global.com\/az\/wp-json\/wp\/v2\/types\/page"}],"author":[{"embeddable":true,"href":"https:\/\/az.moore-global.com\/az\/wp-json\/wp\/v2\/users\/12"}],"replies":[{"embeddable":true,"href":"https:\/\/az.moore-global.com\/az\/wp-json\/wp\/v2\/comments?post=259"}],"version-history":[{"count":0,"href":"https:\/\/az.moore-global.com\/az\/wp-json\/wp\/v2\/pages\/259\/revisions"}],"up":[{"embeddable":true,"href":"https:\/\/az.moore-global.com\/az\/wp-json\/wp\/v2\/pages\/223"}],"wp:attachment":[{"href":"https:\/\/az.moore-global.com\/az\/wp-json\/wp\/v2\/media?parent=259"}],"curies":[{"name":"wp","href":"https:\/\/api.w.org\/{rel}","templated":true}]}}