{"id":258,"date":"2025-12-10T12:08:02","date_gmt":"2025-12-10T12:08:02","guid":{"rendered":"https:\/\/moore-az.eu3.moore-global.com\/services-2\/corporate-finance\/"},"modified":"2025-12-10T12:18:25","modified_gmt":"2025-12-10T12:18:25","slug":"corporate-finance","status":"publish","type":"page","link":"https:\/\/az.moore-global.com\/az\/services-2\/corporate-finance\/","title":{"rendered":"Korporativ Maliyy\u0259"},"content":{"rendered":"<h1 class=\"wp-block-heading\">Korporativ Maliyy\u0259<\/h1>\n\n\n\n<p>Davaml\u0131 b\u00f6y\u00fcm\u0259, yeni bazarlara geni\u015fl\u0259nm\u0259, r\u0259qibl\u0259rin tan\u0131nmas\u0131, \u0259n uy\u011fun ortaql\u0131qlar\u0131n m\u00fc\u0259yy\u0259n edilm\u0259si, birl\u0259\u015fm\u0259l\u0259r v\u0259 sat\u0131nalmalar bu t\u0259bii r\u0259qab\u0259tli v\u0259 m\u00fct\u0259r\u0259qqi i\u015f h\u0259yat\u0131nda biznes \u00fc\u00e7\u00fcn vacib \u0259sas elementl\u0259rdir.<br><br>Sat\u0131\u015f, birl\u0259\u015fm\u0259 v\u0259 s\u0259hml\u0259rin k\u00fctl\u0259vi t\u0259klif prosedurlar\u0131 d\u0259qiq qiym\u0259tl\u0259r vasit\u0259sil\u0259 m\u0259qs\u0259dl\u0259rin\u0259 \u00e7at\u0131r; ox\u015far \u015f\u0259kild\u0259, \u015firk\u0259tl\u0259rin sat\u0131\u015f\u0131, kapital bazarlar\u0131ndan maliyy\u0259l\u0259\u015fdirm\u0259 t\u0259\u015f\u0259bb\u00fcsl\u0259ri v\u0259 ya kapital\u0131n art\u0131r\u0131lmas\u0131 d\u00fczg\u00fcn strategiyan\u0131n d\u00fczg\u00fcn vaxtda t\u0259tbiqind\u0259n as\u0131l\u0131d\u0131r.<br>&nbsp;<br>Moore Azerbaijan a\u015fa\u011f\u0131dak\u0131 xidm\u0259tl\u0259ri t\u0259klif edir:<\/p>\n\n\n\n<ul class=\"wp-block-list\">\n<li>\u015eirk\u0259t qiym\u0259tl\u0259ndirm\u0259l\u0259ri<\/li>\n\n\n\n<li>Birl\u0259\u015fm\u0259, \u015firk\u0259tl\u0259rin devral\u0131nmas\u0131 v\u0259 \u015firk\u0259tin n\u00f6v\u00fcn\u00fcn\/n\u00f6v\u00fcn\u00fcn d\u0259yi\u015fdirilm\u0259si \u00fczr\u0259 m\u0259sl\u0259h\u0259t xidm\u0259ti<\/li>\n\n\n\n<li>R\u0259qab\u0259tli sektorun t\u0259hlili<\/li>\n\n\n\n<li>Layih\u0259nin maliyy\u0259l\u0259\u015fdirilm\u0259si<\/li>\n\n\n\n<li>Layih\u0259nin maliyy\u0259l\u0259\u015fdirilm\u0259si<\/li>\n\n\n\n<li>\u0130ctimai t\u0259klifl\u0259r<\/li>\n\n\n\n<li>Yerli v\u0259 beyn\u0259lxalq t\u0259r\u0259fda\u015fl\u0131q<\/li>\n\n\n\n<li>Maliyy\u0259 planla\u015fd\u0131rmas\u0131<\/li>\n\n\n\n<li>Borc alma v\u0259 yenid\u0259n strukturla\u015fd\u0131rma<\/li>\n\n\n\n<li>Laz\u0131mi Diligence<\/li>\n\n\n\n<li>Milli v\u0259 beyn\u0259lxalq bazarlardan v\u0259saitl\u0259rin al\u0131nmas\u0131 \u00fczr\u0259 m\u0259sl\u0259h\u0259t xidm\u0259tl\u0259ri<\/li>\n\n\n\n<li>B\u00fcdc\u0259nin planla\u015fd\u0131r\u0131lmas\u0131 v\u0259 variasiya t\u0259hlili<\/li>\n\n\n\n<li>Strateji t\u0259hlil v\u0259 idar\u0259etm\u0259 m\u0259sl\u0259h\u0259tl\u0259ri<\/li>\n\n\n\n<li>T\u0259\u015fkilati restrukturizasiya<\/li>\n\n\n\n<li>Riskl\u0259rin idar\u0259 edilm\u0259si<\/li>\n<\/ul>","protected":false},"excerpt":{"rendered":"<p>Corporate Finance Continuous growth, expansion into new markets, recognizing competitors, determining the most appropriate partnerships, mergers and acquisitions are important key elements for businesses in this naturally competitive and progressive business life. Sales, mergers and public offering procedures reach its goals through accurate pricing; in a similar manner, sales of companies, funding initiatives from the [&hellip;]<\/p>\n","protected":false},"author":12,"featured_media":0,"parent":223,"menu_order":0,"comment_status":"closed","ping_status":"closed","template":"","meta":{"_acf_changed":false,"footnotes":""},"class_list":["post-258","page","type-page","status-publish","hentry"],"acf":[],"yoast_head":"<!-- This site is optimized with the Yoast SEO plugin v27.3 - https:\/\/yoast.com\/product\/yoast-seo-wordpress\/ -->\n<title>Corporate Finance - Moore Azerbaijan<\/title>\n<meta name=\"robots\" content=\"index, follow, max-snippet:-1, max-image-preview:large, max-video-preview:-1\" \/>\n<link rel=\"canonical\" href=\"https:\/\/az.moore-global.com\/az\/services-2\/corporate-finance\/\" \/>\n<meta property=\"og:locale\" content=\"az_AZ\" \/>\n<meta property=\"og:type\" content=\"article\" \/>\n<meta property=\"og:title\" content=\"Corporate Finance - Moore Azerbaijan\" \/>\n<meta property=\"og:description\" content=\"Corporate Finance Continuous growth, expansion into new markets, recognizing competitors, determining the most appropriate partnerships, mergers and acquisitions are important key elements for businesses in this naturally competitive and progressive business life. Sales, mergers and public offering procedures reach its goals through accurate pricing; in a similar manner, sales of companies, funding initiatives from the [&hellip;]\" \/>\n<meta property=\"og:url\" content=\"https:\/\/az.moore-global.com\/az\/services-2\/corporate-finance\/\" \/>\n<meta property=\"og:site_name\" content=\"Moore Azerbaijan\" \/>\n<meta property=\"article:modified_time\" content=\"2025-12-10T12:18:25+00:00\" \/>\n<meta name=\"twitter:card\" content=\"summary_large_image\" \/>\n<script type=\"application\/ld+json\" class=\"yoast-schema-graph\">{\"@context\":\"https:\\\/\\\/schema.org\",\"@graph\":[{\"@type\":\"WebPage\",\"@id\":\"https:\\\/\\\/az.moore-global.com\\\/services-2\\\/corporate-finance\\\/\",\"url\":\"https:\\\/\\\/az.moore-global.com\\\/services-2\\\/corporate-finance\\\/\",\"name\":\"Corporate Finance - Moore Azerbaijan\",\"isPartOf\":{\"@id\":\"https:\\\/\\\/az.moore-global.com\\\/#website\"},\"datePublished\":\"2025-12-10T12:08:02+00:00\",\"dateModified\":\"2025-12-10T12:18:25+00:00\",\"breadcrumb\":{\"@id\":\"https:\\\/\\\/az.moore-global.com\\\/services-2\\\/corporate-finance\\\/#breadcrumb\"},\"inLanguage\":\"az\",\"potentialAction\":[{\"@type\":\"ReadAction\",\"target\":[\"https:\\\/\\\/az.moore-global.com\\\/services-2\\\/corporate-finance\\\/\"]}]},{\"@type\":\"BreadcrumbList\",\"@id\":\"https:\\\/\\\/az.moore-global.com\\\/services-2\\\/corporate-finance\\\/#breadcrumb\",\"itemListElement\":[{\"@type\":\"ListItem\",\"position\":1,\"name\":\"Home\",\"item\":\"https:\\\/\\\/az.moore-global.com\\\/\"},{\"@type\":\"ListItem\",\"position\":2,\"name\":\"Services\",\"item\":\"https:\\\/\\\/az.moore-global.com\\\/ru\\\/services-2\\\/\"},{\"@type\":\"ListItem\",\"position\":3,\"name\":\"Corporate Finance\"}]},{\"@type\":\"WebSite\",\"@id\":\"https:\\\/\\\/az.moore-global.com\\\/#website\",\"url\":\"https:\\\/\\\/az.moore-global.com\\\/\",\"name\":\"Moore Azerbaijan\",\"description\":\"This is the base site for Moore Azerbaijan\",\"potentialAction\":[{\"@type\":\"SearchAction\",\"target\":{\"@type\":\"EntryPoint\",\"urlTemplate\":\"https:\\\/\\\/az.moore-global.com\\\/?s={search_term_string}\"},\"query-input\":{\"@type\":\"PropertyValueSpecification\",\"valueRequired\":true,\"valueName\":\"search_term_string\"}}],\"inLanguage\":\"az\"}]}<\/script>\n<!-- \/ Yoast SEO plugin. -->","yoast_head_json":{"title":"Corporate Finance - Moore Azerbaijan","robots":{"index":"index","follow":"follow","max-snippet":"max-snippet:-1","max-image-preview":"max-image-preview:large","max-video-preview":"max-video-preview:-1"},"canonical":"https:\/\/az.moore-global.com\/az\/services-2\/corporate-finance\/","og_locale":"az_AZ","og_type":"article","og_title":"Corporate Finance - Moore Azerbaijan","og_description":"Corporate Finance Continuous growth, expansion into new markets, recognizing competitors, determining the most appropriate partnerships, mergers and acquisitions are important key elements for businesses in this naturally competitive and progressive business life. Sales, mergers and public offering procedures reach its goals through accurate pricing; in a similar manner, sales of companies, funding initiatives from the [&hellip;]","og_url":"https:\/\/az.moore-global.com\/az\/services-2\/corporate-finance\/","og_site_name":"Moore Azerbaijan","article_modified_time":"2025-12-10T12:18:25+00:00","twitter_card":"summary_large_image","schema":{"@context":"https:\/\/schema.org","@graph":[{"@type":"WebPage","@id":"https:\/\/az.moore-global.com\/services-2\/corporate-finance\/","url":"https:\/\/az.moore-global.com\/services-2\/corporate-finance\/","name":"Corporate Finance - Moore Azerbaijan","isPartOf":{"@id":"https:\/\/az.moore-global.com\/#website"},"datePublished":"2025-12-10T12:08:02+00:00","dateModified":"2025-12-10T12:18:25+00:00","breadcrumb":{"@id":"https:\/\/az.moore-global.com\/services-2\/corporate-finance\/#breadcrumb"},"inLanguage":"az","potentialAction":[{"@type":"ReadAction","target":["https:\/\/az.moore-global.com\/services-2\/corporate-finance\/"]}]},{"@type":"BreadcrumbList","@id":"https:\/\/az.moore-global.com\/services-2\/corporate-finance\/#breadcrumb","itemListElement":[{"@type":"ListItem","position":1,"name":"Home","item":"https:\/\/az.moore-global.com\/"},{"@type":"ListItem","position":2,"name":"Services","item":"https:\/\/az.moore-global.com\/ru\/services-2\/"},{"@type":"ListItem","position":3,"name":"Corporate Finance"}]},{"@type":"WebSite","@id":"https:\/\/az.moore-global.com\/#website","url":"https:\/\/az.moore-global.com\/","name":"Mur Az\u0259rbaycan","description":"Bu, Moore Azerbaijan \u00fc\u00e7\u00fcn \u0259sas saytd\u0131r","potentialAction":[{"@type":"SearchAction","target":{"@type":"EntryPoint","urlTemplate":"https:\/\/az.moore-global.com\/?s={search_term_string}"},"query-input":{"@type":"PropertyValueSpecification","valueRequired":true,"valueName":"search_term_string"}}],"inLanguage":"az"}]}},"_links":{"self":[{"href":"https:\/\/az.moore-global.com\/az\/wp-json\/wp\/v2\/pages\/258","targetHints":{"allow":["GET"]}}],"collection":[{"href":"https:\/\/az.moore-global.com\/az\/wp-json\/wp\/v2\/pages"}],"about":[{"href":"https:\/\/az.moore-global.com\/az\/wp-json\/wp\/v2\/types\/page"}],"author":[{"embeddable":true,"href":"https:\/\/az.moore-global.com\/az\/wp-json\/wp\/v2\/users\/12"}],"replies":[{"embeddable":true,"href":"https:\/\/az.moore-global.com\/az\/wp-json\/wp\/v2\/comments?post=258"}],"version-history":[{"count":0,"href":"https:\/\/az.moore-global.com\/az\/wp-json\/wp\/v2\/pages\/258\/revisions"}],"up":[{"embeddable":true,"href":"https:\/\/az.moore-global.com\/az\/wp-json\/wp\/v2\/pages\/223"}],"wp:attachment":[{"href":"https:\/\/az.moore-global.com\/az\/wp-json\/wp\/v2\/media?parent=258"}],"curies":[{"name":"wp","href":"https:\/\/api.w.org\/{rel}","templated":true}]}}