{"id":257,"date":"2025-12-10T12:08:02","date_gmt":"2025-12-10T12:08:02","guid":{"rendered":"https:\/\/moore-az.eu3.moore-global.com\/services-2\/business-advisory-services\/"},"modified":"2025-12-10T12:16:46","modified_gmt":"2025-12-10T12:16:46","slug":"business-advisory-services","status":"publish","type":"page","link":"https:\/\/az.moore-global.com\/az\/services-2\/business-advisory-services\/","title":{"rendered":"Biznes M\u0259sl\u0259h\u0259t Xidm\u0259tl\u0259ri"},"content":{"rendered":"<h1 class=\"wp-block-heading\">Biznes M\u0259sl\u0259h\u0259t Xidm\u0259tl\u0259ri<\/h1>\n\n\n\n<p>Bizim biznes konsultasiyam\u0131z\u0131n m\u0259qs\u0259di M\u00fc\u015ft\u0259ril\u0259r\u0259 qar\u015f\u0131la\u015fa bil\u0259c\u0259kl\u0259ri biznes probleml\u0259rini h\u0259ll etm\u0259kd\u0259 k\u00f6m\u0259k etm\u0259kdir. B\u00f6y\u00fck t\u0259cr\u00fcb\u0259mizd\u0259n istifad\u0259 ed\u0259r\u0259k, Moore Azerbaijan \u00f6z M\u00fc\u015ft\u0259ril\u0259rin\u0259 bazar t\u0259l\u0259bl\u0259rin\u0259 uy\u011funla\u015fmaqda v\u0259 r\u0259qab\u0259t \u00fcst\u00fcnl\u00fcy\u00fc \u0259ld\u0259 etm\u0259kd\u0259 k\u00f6m\u0259k edir.<br><br>A\u015fa\u011f\u0131dak\u0131 sah\u0259l\u0259rd\u0259 m\u0259sl\u0259h\u0259tl\u0259r veririk:<\/p>\n\n\n\n<ul class=\"wp-block-list\">\n<li>Maliyy\u0259 r\u0259yl\u0259ri v\u0259 t\u0259hlill\u0259ri<\/li>\n\n\n\n<li>Emissiya prospektl\u0259rinin haz\u0131rlanmas\u0131<\/li>\n\n\n\n<li>\u015eirk\u0259tl\u0259r \u00fc\u00e7\u00fcn ictimai m\u0259sl\u0259h\u0259tl\u0259rin verilm\u0259si<\/li>\n\n\n\n<li>Tarixi maliyy\u0259 m\u0259lumatlar\u0131n\u0131n auditi<\/li>\n\n\n\n<li>B\u00fcdc\u0259l\u0259rin, biznes planlar\u0131n, idar\u0259etm\u0259 m\u0259lumatlar\u0131n\u0131n, audit komit\u0259sinin hesabatlar\u0131n\u0131n, minoritar s\u0259hmdarlar \u00fc\u00e7\u00fcn auditl\u0259rin haz\u0131rlanmas\u0131 v\u0259 qiym\u0259tl\u0259ndirilm\u0259si<\/li>\n\n\n\n<li>Maliyy\u0259 m\u0259sl\u0259h\u0259tl\u0259ri, maliyy\u0259 \u0259m\u0259liyyatlar\u0131n\u0131n modell\u0259\u015fdirilm\u0259si v\u0259 optimalla\u015fd\u0131r\u0131lmas\u0131<\/li>\n\n\n\n<li>Biznes planlar\u0131n v\u0259 ya proforma b\u0259yanatlar\u0131n haz\u0131rlanmas\u0131<\/li>\n<\/ul>","protected":false},"excerpt":{"rendered":"<p>Business Advisory Services The purpose behind our business consultancy is to assist Clients in solving any business problems they may be facing. Harnessing our vast experience, Moore&nbsp; Azerbaijan helps its Clients adapt to market requirements and gain a competitive advantage. We offer advice in the following areas:<\/p>","protected":false},"author":12,"featured_media":0,"parent":223,"menu_order":0,"comment_status":"closed","ping_status":"closed","template":"","meta":{"_acf_changed":false,"footnotes":""},"class_list":["post-257","page","type-page","status-publish","hentry"],"acf":[],"yoast_head":"<!-- This site is optimized with the Yoast SEO plugin v27.3 - https:\/\/yoast.com\/product\/yoast-seo-wordpress\/ -->\n<title>Business Advisory Services - Moore Azerbaijan<\/title>\n<meta name=\"robots\" content=\"index, follow, max-snippet:-1, max-image-preview:large, max-video-preview:-1\" \/>\n<link rel=\"canonical\" href=\"https:\/\/az.moore-global.com\/az\/services-2\/business-advisory-services\/\" \/>\n<meta property=\"og:locale\" content=\"az_AZ\" \/>\n<meta property=\"og:type\" content=\"article\" \/>\n<meta property=\"og:title\" content=\"Business Advisory Services - Moore Azerbaijan\" \/>\n<meta property=\"og:description\" content=\"Business Advisory Services The purpose behind our business consultancy is to assist Clients in solving any business problems they may be facing. Harnessing our vast experience, Moore&nbsp; Azerbaijan helps its Clients adapt to market requirements and gain a competitive advantage. We offer advice in the following areas:\" \/>\n<meta property=\"og:url\" content=\"https:\/\/az.moore-global.com\/az\/services-2\/business-advisory-services\/\" \/>\n<meta property=\"og:site_name\" content=\"Moore Azerbaijan\" \/>\n<meta property=\"article:modified_time\" content=\"2025-12-10T12:16:46+00:00\" \/>\n<meta name=\"twitter:card\" content=\"summary_large_image\" \/>\n<meta name=\"twitter:label1\" content=\"T\u0259xmini oxuma vaxt\u0131\" \/>\n\t<meta name=\"twitter:data1\" content=\"1 d\u0259qiq\u0259\" \/>\n<script type=\"application\/ld+json\" class=\"yoast-schema-graph\">{\"@context\":\"https:\\\/\\\/schema.org\",\"@graph\":[{\"@type\":\"WebPage\",\"@id\":\"https:\\\/\\\/az.moore-global.com\\\/services-2\\\/business-advisory-services\\\/\",\"url\":\"https:\\\/\\\/az.moore-global.com\\\/services-2\\\/business-advisory-services\\\/\",\"name\":\"Business Advisory Services - Moore Azerbaijan\",\"isPartOf\":{\"@id\":\"https:\\\/\\\/az.moore-global.com\\\/#website\"},\"datePublished\":\"2025-12-10T12:08:02+00:00\",\"dateModified\":\"2025-12-10T12:16:46+00:00\",\"breadcrumb\":{\"@id\":\"https:\\\/\\\/az.moore-global.com\\\/services-2\\\/business-advisory-services\\\/#breadcrumb\"},\"inLanguage\":\"az\",\"potentialAction\":[{\"@type\":\"ReadAction\",\"target\":[\"https:\\\/\\\/az.moore-global.com\\\/services-2\\\/business-advisory-services\\\/\"]}]},{\"@type\":\"BreadcrumbList\",\"@id\":\"https:\\\/\\\/az.moore-global.com\\\/services-2\\\/business-advisory-services\\\/#breadcrumb\",\"itemListElement\":[{\"@type\":\"ListItem\",\"position\":1,\"name\":\"Home\",\"item\":\"https:\\\/\\\/az.moore-global.com\\\/\"},{\"@type\":\"ListItem\",\"position\":2,\"name\":\"Services\",\"item\":\"https:\\\/\\\/az.moore-global.com\\\/ru\\\/services-2\\\/\"},{\"@type\":\"ListItem\",\"position\":3,\"name\":\"Business Advisory Services\"}]},{\"@type\":\"WebSite\",\"@id\":\"https:\\\/\\\/az.moore-global.com\\\/#website\",\"url\":\"https:\\\/\\\/az.moore-global.com\\\/\",\"name\":\"Moore Azerbaijan\",\"description\":\"This is the base site for Moore Azerbaijan\",\"potentialAction\":[{\"@type\":\"SearchAction\",\"target\":{\"@type\":\"EntryPoint\",\"urlTemplate\":\"https:\\\/\\\/az.moore-global.com\\\/?s={search_term_string}\"},\"query-input\":{\"@type\":\"PropertyValueSpecification\",\"valueRequired\":true,\"valueName\":\"search_term_string\"}}],\"inLanguage\":\"az\"}]}<\/script>\n<!-- \/ Yoast SEO plugin. -->","yoast_head_json":{"title":"Business Advisory Services - Moore Azerbaijan","robots":{"index":"index","follow":"follow","max-snippet":"max-snippet:-1","max-image-preview":"max-image-preview:large","max-video-preview":"max-video-preview:-1"},"canonical":"https:\/\/az.moore-global.com\/az\/services-2\/business-advisory-services\/","og_locale":"az_AZ","og_type":"article","og_title":"Business Advisory Services - Moore Azerbaijan","og_description":"Business Advisory Services The purpose behind our business consultancy is to assist Clients in solving any business problems they may be facing. Harnessing our vast experience, Moore&nbsp; Azerbaijan helps its Clients adapt to market requirements and gain a competitive advantage. We offer advice in the following areas:","og_url":"https:\/\/az.moore-global.com\/az\/services-2\/business-advisory-services\/","og_site_name":"Moore Azerbaijan","article_modified_time":"2025-12-10T12:16:46+00:00","twitter_card":"summary_large_image","twitter_misc":{"T\u0259xmini oxuma vaxt\u0131":"1 d\u0259qiq\u0259"},"schema":{"@context":"https:\/\/schema.org","@graph":[{"@type":"WebPage","@id":"https:\/\/az.moore-global.com\/services-2\/business-advisory-services\/","url":"https:\/\/az.moore-global.com\/services-2\/business-advisory-services\/","name":"Business Advisory Services - Moore Azerbaijan","isPartOf":{"@id":"https:\/\/az.moore-global.com\/#website"},"datePublished":"2025-12-10T12:08:02+00:00","dateModified":"2025-12-10T12:16:46+00:00","breadcrumb":{"@id":"https:\/\/az.moore-global.com\/services-2\/business-advisory-services\/#breadcrumb"},"inLanguage":"az","potentialAction":[{"@type":"ReadAction","target":["https:\/\/az.moore-global.com\/services-2\/business-advisory-services\/"]}]},{"@type":"BreadcrumbList","@id":"https:\/\/az.moore-global.com\/services-2\/business-advisory-services\/#breadcrumb","itemListElement":[{"@type":"ListItem","position":1,"name":"Home","item":"https:\/\/az.moore-global.com\/"},{"@type":"ListItem","position":2,"name":"Services","item":"https:\/\/az.moore-global.com\/ru\/services-2\/"},{"@type":"ListItem","position":3,"name":"Business Advisory Services"}]},{"@type":"WebSite","@id":"https:\/\/az.moore-global.com\/#website","url":"https:\/\/az.moore-global.com\/","name":"Mur Az\u0259rbaycan","description":"Bu, Moore Azerbaijan \u00fc\u00e7\u00fcn \u0259sas saytd\u0131r","potentialAction":[{"@type":"SearchAction","target":{"@type":"EntryPoint","urlTemplate":"https:\/\/az.moore-global.com\/?s={search_term_string}"},"query-input":{"@type":"PropertyValueSpecification","valueRequired":true,"valueName":"search_term_string"}}],"inLanguage":"az"}]}},"_links":{"self":[{"href":"https:\/\/az.moore-global.com\/az\/wp-json\/wp\/v2\/pages\/257","targetHints":{"allow":["GET"]}}],"collection":[{"href":"https:\/\/az.moore-global.com\/az\/wp-json\/wp\/v2\/pages"}],"about":[{"href":"https:\/\/az.moore-global.com\/az\/wp-json\/wp\/v2\/types\/page"}],"author":[{"embeddable":true,"href":"https:\/\/az.moore-global.com\/az\/wp-json\/wp\/v2\/users\/12"}],"replies":[{"embeddable":true,"href":"https:\/\/az.moore-global.com\/az\/wp-json\/wp\/v2\/comments?post=257"}],"version-history":[{"count":0,"href":"https:\/\/az.moore-global.com\/az\/wp-json\/wp\/v2\/pages\/257\/revisions"}],"up":[{"embeddable":true,"href":"https:\/\/az.moore-global.com\/az\/wp-json\/wp\/v2\/pages\/223"}],"wp:attachment":[{"href":"https:\/\/az.moore-global.com\/az\/wp-json\/wp\/v2\/media?parent=257"}],"curies":[{"name":"wp","href":"https:\/\/api.w.org\/{rel}","templated":true}]}}