{"id":256,"date":"2025-12-10T12:08:02","date_gmt":"2025-12-10T12:08:02","guid":{"rendered":"https:\/\/moore-az.eu3.moore-global.com\/services-2\/audit-and-assurance\/"},"modified":"2025-12-10T12:15:52","modified_gmt":"2025-12-10T12:15:52","slug":"audit-and-assurance","status":"publish","type":"page","link":"https:\/\/az.moore-global.com\/az\/services-2\/audit-and-assurance\/","title":{"rendered":"Audit v\u0259 T\u0259minat"},"content":{"rendered":"<h1 class=\"wp-block-heading\">Audit v\u0259 T\u0259minat<\/h1>\n\n\n\n<p>Biz biznes n\u0259zar\u0259tiniz\u0259 z\u0259man\u0259tin verilm\u0259sinin v\u0259 n\u0259hay\u0259t, t\u0259nziml\u0259yici \u00f6hd\u0259likl\u0259rinizl\u0259 uy\u011funla\u015fd\u0131r\u0131lmas\u0131n\u0131n \u0259h\u0259miyy\u0259tli kommersiya \u0259h\u0259miyy\u0259tini q\u0259bul edirik. Buna baxmayaraq, bizim \u00f6hd\u0259liyimiz \u0259sas uy\u011funluq xidm\u0259tl\u0259ri \u00e7\u0259r\u00e7iv\u0259sind\u0259n k\u0259nara \u00e7\u0131x\u0131r. Biz biznesinizin inki\u015faf\u0131na v\u0259 kommersiya m\u0259qs\u0259dl\u0259rinizin h\u0259yata ke\u00e7irilm\u0259sin\u0259 k\u00f6m\u0259k ed\u0259n strateji m\u0259sl\u0259h\u0259tl\u0259r t\u0259klif etm\u0259yin vacibliyini q\u0259bul edirik.<br><br>D\u0259y\u0259rli uy\u011funluq xidm\u0259tinin t\u0259m\u0259li t\u0259\u015fkilat\u0131n\u0131z v\u0259 komandam\u0131z aras\u0131ndak\u0131 \u0259laq\u0259nin m\u00f6hk\u0259mliyind\u0259dir. Bu m\u00f6hk\u0259m \u0259laq\u0259 sizin x\u00fcsusi t\u0259l\u0259bl\u0259riniz\u0259 cavab verm\u0259k \u00fc\u00e7\u00fcn i\u015fimizin d\u0259qiq v\u0259 x\u00fcsusi planla\u015fd\u0131r\u0131lmas\u0131na imkan verir.<br>Audit komandam\u0131z m\u00fc\u015ft\u0259ril\u0259rimiz\u0259 \u0259n y\u00fcks\u0259k s\u0259viyy\u0259d\u0259 t\u0259minat xidm\u0259tl\u0259ri g\u00f6st\u0259rm\u0259k \u00fc\u00e7\u00fcn \u0259sas biliy\u0259, metodologiyaya v\u0259 t\u0259cr\u00fcb\u0259y\u0259 malikdir. Xidm\u0259t t\u0259klifl\u0259rimiz a\u015fa\u011f\u0131dak\u0131lar\u0131 \u0259hat\u0259 edir:<\/p>\n\n\n\n<ul class=\"wp-block-list\">\n<li>F\u0259rdi v\u0259 konsolid\u0259 edilmi\u015f maliyy\u0259 hesabatlar\u0131n\u0131n auditi<\/li>\n\n\n\n<li>F\u0259rdi v\u0259 ya konsolidasiya edilmi\u015f maliyy\u0259 hesabatlar\u0131n\u0131n n\u0259z\u0259rd\u0259n ke\u00e7irilm\u0259si<\/li>\n\n\n\n<li>\u018fn\u0259n\u0259vi audit v\u0259 ya t\u0259hlill\u0259rd\u0259n k\u0259nar \u0259minlik tap\u015f\u0131r\u0131qlar\u0131<\/li>\n\n\n\n<li>Raz\u0131la\u015fd\u0131r\u0131lm\u0131\u015f prosedur tap\u015f\u0131r\u0131qlar\u0131<\/li>\n\n\n\n<li>Maliyy\u0259 hesabatlar\u0131n\u0131n t\u0259rtibi<\/li>\n<\/ul>\n\n\n\n<p>\u018fn uy\u011fun xidm\u0259tl\u0259rin m\u00fc\u0259yy\u0259n edilm\u0259sind\u0259 n\u0259z\u0259r\u0259 al\u0131nan amill\u0259r\u0259 a\u015fa\u011f\u0131dak\u0131lar daxildir:<\/p>\n\n\n\n<ul class=\"wp-block-list\">\n<li>\u0130ctimai v\u0259 ya \u00f6z\u0259l status<\/li>\n\n\n\n<li>M\u00fc\u0259ssis\u0259nin \u00f6l\u00e7\u00fcs\u00fc<\/li>\n\n\n\n<li>Biznesin m\u00fcr\u0259kk\u0259bliyi<\/li>\n\n\n\n<li>Maliyy\u0259l\u0259\u015fdirm\u0259 t\u0259l\u0259bl\u0259ri<\/li>\n\n\n\n<li>Art\u0131m ambisiyalar\u0131<\/li>\n\n\n\n<li>Maliyy\u0259 hesabatlar\u0131n\u0131n \u0259sas istifad\u0259\u00e7il\u0259ri (m\u0259s\u0259l\u0259n, S\u0259hmdarlar, kreditorlar, potensial investorlar, h\u00f6kum\u0259t orqanlar\u0131, sahibl\u0259r\/r\u0259hb\u0259rlik v\u0259 s.)<\/li>\n<\/ul>\n\n\n\n<p>Auditl\u0259rd\u0259n, icmallardan v\u0259 t\u0259rtib tap\u015f\u0131r\u0131qlar\u0131ndan tutmu\u015f raz\u0131la\u015fd\u0131r\u0131lm\u0131\u015f prosedur tap\u015f\u0131r\u0131qlar\u0131na v\u0259 dig\u0259r t\u0259minat xidm\u0259tl\u0259rin\u0259 q\u0259d\u0259r, h\u0259m ki\u00e7ik, h\u0259m d\u0259 b\u00f6y\u00fck m\u00fc\u0259ssis\u0259l\u0259r\u0259 bug\u00fcnk\u00fc biznes m\u00fchitinin m\u00fcxt\u0259lif t\u0259l\u0259bl\u0259rini \u00f6d\u0259m\u0259kd\u0259 k\u00f6m\u0259k etm\u0259y\u0259 haz\u0131r\u0131q. \u00c7evikliyimiz unikal ehtiyaclar\u0131n\u0131z\u0131 effektiv \u015f\u0259kild\u0259 \u00f6d\u0259m\u0259k \u00fc\u00e7\u00fcn f\u0259rdil\u0259\u015fdirilmi\u015f xidm\u0259t kombinasiyalar\u0131 haz\u0131rlamaqdan ibar\u0259tdir.<\/p>","protected":false},"excerpt":{"rendered":"<p>Audit and Assurance We acknowledge the significant commercial importance of delivering assurance on your business controls and, ultimately, aligning with your regulatory obligations. Nevertheless, our commitment goes beyond the scope of basic compliance services. We recognize the imperative to offer strategic advice that aids in the development of your business and the accomplishment of your [&hellip;]<\/p>\n","protected":false},"author":12,"featured_media":0,"parent":223,"menu_order":0,"comment_status":"closed","ping_status":"closed","template":"","meta":{"_acf_changed":false,"footnotes":""},"class_list":["post-256","page","type-page","status-publish","hentry"],"acf":[],"yoast_head":"<!-- This site is optimized with the Yoast SEO plugin v27.3 - https:\/\/yoast.com\/product\/yoast-seo-wordpress\/ -->\n<title>Audit and Assurance - Moore Azerbaijan<\/title>\n<meta name=\"robots\" content=\"index, follow, max-snippet:-1, max-image-preview:large, max-video-preview:-1\" \/>\n<link rel=\"canonical\" href=\"https:\/\/az.moore-global.com\/az\/services-2\/audit-and-assurance\/\" \/>\n<meta property=\"og:locale\" content=\"az_AZ\" \/>\n<meta property=\"og:type\" content=\"article\" \/>\n<meta property=\"og:title\" content=\"Audit and Assurance - Moore Azerbaijan\" \/>\n<meta property=\"og:description\" content=\"Audit and Assurance We acknowledge the significant commercial importance of delivering assurance on your business controls and, ultimately, aligning with your regulatory obligations. Nevertheless, our commitment goes beyond the scope of basic compliance services. We recognize the imperative to offer strategic advice that aids in the development of your business and the accomplishment of your [&hellip;]\" \/>\n<meta property=\"og:url\" content=\"https:\/\/az.moore-global.com\/az\/services-2\/audit-and-assurance\/\" \/>\n<meta property=\"og:site_name\" content=\"Moore Azerbaijan\" \/>\n<meta property=\"article:modified_time\" content=\"2025-12-10T12:15:52+00:00\" \/>\n<meta name=\"twitter:card\" content=\"summary_large_image\" \/>\n<meta name=\"twitter:label1\" content=\"T\u0259xmini oxuma vaxt\u0131\" \/>\n\t<meta name=\"twitter:data1\" content=\"2 minutes\" \/>\n<script type=\"application\/ld+json\" class=\"yoast-schema-graph\">{\"@context\":\"https:\\\/\\\/schema.org\",\"@graph\":[{\"@type\":\"WebPage\",\"@id\":\"https:\\\/\\\/az.moore-global.com\\\/services-2\\\/audit-and-assurance\\\/\",\"url\":\"https:\\\/\\\/az.moore-global.com\\\/services-2\\\/audit-and-assurance\\\/\",\"name\":\"Audit and Assurance - Moore Azerbaijan\",\"isPartOf\":{\"@id\":\"https:\\\/\\\/az.moore-global.com\\\/#website\"},\"datePublished\":\"2025-12-10T12:08:02+00:00\",\"dateModified\":\"2025-12-10T12:15:52+00:00\",\"breadcrumb\":{\"@id\":\"https:\\\/\\\/az.moore-global.com\\\/services-2\\\/audit-and-assurance\\\/#breadcrumb\"},\"inLanguage\":\"az\",\"potentialAction\":[{\"@type\":\"ReadAction\",\"target\":[\"https:\\\/\\\/az.moore-global.com\\\/services-2\\\/audit-and-assurance\\\/\"]}]},{\"@type\":\"BreadcrumbList\",\"@id\":\"https:\\\/\\\/az.moore-global.com\\\/services-2\\\/audit-and-assurance\\\/#breadcrumb\",\"itemListElement\":[{\"@type\":\"ListItem\",\"position\":1,\"name\":\"Home\",\"item\":\"https:\\\/\\\/az.moore-global.com\\\/\"},{\"@type\":\"ListItem\",\"position\":2,\"name\":\"Services\",\"item\":\"https:\\\/\\\/az.moore-global.com\\\/ru\\\/services-2\\\/\"},{\"@type\":\"ListItem\",\"position\":3,\"name\":\"Audit and Assurance\"}]},{\"@type\":\"WebSite\",\"@id\":\"https:\\\/\\\/az.moore-global.com\\\/#website\",\"url\":\"https:\\\/\\\/az.moore-global.com\\\/\",\"name\":\"Moore Azerbaijan\",\"description\":\"This is the base site for Moore Azerbaijan\",\"potentialAction\":[{\"@type\":\"SearchAction\",\"target\":{\"@type\":\"EntryPoint\",\"urlTemplate\":\"https:\\\/\\\/az.moore-global.com\\\/?s={search_term_string}\"},\"query-input\":{\"@type\":\"PropertyValueSpecification\",\"valueRequired\":true,\"valueName\":\"search_term_string\"}}],\"inLanguage\":\"az\"}]}<\/script>\n<!-- \/ Yoast SEO plugin. -->","yoast_head_json":{"title":"Audit and Assurance - Moore Azerbaijan","robots":{"index":"index","follow":"follow","max-snippet":"max-snippet:-1","max-image-preview":"max-image-preview:large","max-video-preview":"max-video-preview:-1"},"canonical":"https:\/\/az.moore-global.com\/az\/services-2\/audit-and-assurance\/","og_locale":"az_AZ","og_type":"article","og_title":"Audit and Assurance - Moore Azerbaijan","og_description":"Audit and Assurance We acknowledge the significant commercial importance of delivering assurance on your business controls and, ultimately, aligning with your regulatory obligations. Nevertheless, our commitment goes beyond the scope of basic compliance services. We recognize the imperative to offer strategic advice that aids in the development of your business and the accomplishment of your [&hellip;]","og_url":"https:\/\/az.moore-global.com\/az\/services-2\/audit-and-assurance\/","og_site_name":"Moore Azerbaijan","article_modified_time":"2025-12-10T12:15:52+00:00","twitter_card":"summary_large_image","twitter_misc":{"T\u0259xmini oxuma vaxt\u0131":"2 minutes"},"schema":{"@context":"https:\/\/schema.org","@graph":[{"@type":"WebPage","@id":"https:\/\/az.moore-global.com\/services-2\/audit-and-assurance\/","url":"https:\/\/az.moore-global.com\/services-2\/audit-and-assurance\/","name":"Audit and Assurance - Moore Azerbaijan","isPartOf":{"@id":"https:\/\/az.moore-global.com\/#website"},"datePublished":"2025-12-10T12:08:02+00:00","dateModified":"2025-12-10T12:15:52+00:00","breadcrumb":{"@id":"https:\/\/az.moore-global.com\/services-2\/audit-and-assurance\/#breadcrumb"},"inLanguage":"az","potentialAction":[{"@type":"ReadAction","target":["https:\/\/az.moore-global.com\/services-2\/audit-and-assurance\/"]}]},{"@type":"BreadcrumbList","@id":"https:\/\/az.moore-global.com\/services-2\/audit-and-assurance\/#breadcrumb","itemListElement":[{"@type":"ListItem","position":1,"name":"Home","item":"https:\/\/az.moore-global.com\/"},{"@type":"ListItem","position":2,"name":"Services","item":"https:\/\/az.moore-global.com\/ru\/services-2\/"},{"@type":"ListItem","position":3,"name":"Audit and Assurance"}]},{"@type":"WebSite","@id":"https:\/\/az.moore-global.com\/#website","url":"https:\/\/az.moore-global.com\/","name":"Mur Az\u0259rbaycan","description":"Bu, Moore Azerbaijan \u00fc\u00e7\u00fcn \u0259sas saytd\u0131r","potentialAction":[{"@type":"SearchAction","target":{"@type":"EntryPoint","urlTemplate":"https:\/\/az.moore-global.com\/?s={search_term_string}"},"query-input":{"@type":"PropertyValueSpecification","valueRequired":true,"valueName":"search_term_string"}}],"inLanguage":"az"}]}},"_links":{"self":[{"href":"https:\/\/az.moore-global.com\/az\/wp-json\/wp\/v2\/pages\/256","targetHints":{"allow":["GET"]}}],"collection":[{"href":"https:\/\/az.moore-global.com\/az\/wp-json\/wp\/v2\/pages"}],"about":[{"href":"https:\/\/az.moore-global.com\/az\/wp-json\/wp\/v2\/types\/page"}],"author":[{"embeddable":true,"href":"https:\/\/az.moore-global.com\/az\/wp-json\/wp\/v2\/users\/12"}],"replies":[{"embeddable":true,"href":"https:\/\/az.moore-global.com\/az\/wp-json\/wp\/v2\/comments?post=256"}],"version-history":[{"count":0,"href":"https:\/\/az.moore-global.com\/az\/wp-json\/wp\/v2\/pages\/256\/revisions"}],"up":[{"embeddable":true,"href":"https:\/\/az.moore-global.com\/az\/wp-json\/wp\/v2\/pages\/223"}],"wp:attachment":[{"href":"https:\/\/az.moore-global.com\/az\/wp-json\/wp\/v2\/media?parent=256"}],"curies":[{"name":"wp","href":"https:\/\/api.w.org\/{rel}","templated":true}]}}