{"id":255,"date":"2025-12-10T12:08:02","date_gmt":"2025-12-10T12:08:02","guid":{"rendered":"https:\/\/moore-az.eu3.moore-global.com\/services-2\/company-registration-services\/"},"modified":"2025-12-10T12:11:09","modified_gmt":"2025-12-10T12:11:09","slug":"company-registration-services","status":"publish","type":"page","link":"https:\/\/az.moore-global.com\/az\/services-2\/company-registration-services\/","title":{"rendered":"\u015eirk\u0259tin qeydiyyat\u0131 xidm\u0259tl\u0259ri"},"content":{"rendered":"<h1 class=\"wp-block-heading\">\u015eirk\u0259tin qeydiyyat\u0131 xidm\u0259tl\u0259ri<\/h1>\n\n\n\n<p>Moore Azerbaijan Az\u0259rbaycanda \u015firk\u0259tl\u0259rin qeydiyyat\u0131 xidm\u0259tl\u0259rinin apar\u0131c\u0131 t\u0259chizat\u00e7\u0131s\u0131d\u0131r. Bizim \u015firk\u0259tinizin Az\u0259rbaycanda qeydiyyatdan ke\u00e7m\u0259si prosesind\u0259 siz\u0259 b\u0259l\u0259d\u00e7ilik ed\u0259 bil\u0259c\u0259k t\u0259cr\u00fcb\u0259li pe\u015f\u0259karlardan ibar\u0259t komandam\u0131z var. Biz sizin ehtiyaclar\u0131n\u0131z\u0131 \u00f6d\u0259m\u0259k \u00fc\u00e7\u00fcn bir s\u0131ra xidm\u0259tl\u0259r t\u0259klif edirik, o c\u00fcml\u0259d\u0259n:<br>&nbsp;<br>B\u00fct\u00fcn laz\u0131mi s\u0259n\u0259dl\u0259rin haz\u0131rlanmas\u0131<br>M\u00fcraci\u0259tinizin m\u00fcvafiq orqanlara t\u0259qdim edilm\u0259si<br>Laz\u0131mi t\u0259sdiql\u0259rin al\u0131nmas\u0131<br>Bank hesab\u0131 a\u00e7\u0131lmas\u0131<br>Vergi qeydiyyat\u0131n\u0131n al\u0131nmas\u0131<br>Davaml\u0131 d\u0259st\u0259yin t\u0259min edilm\u0259si<br>&nbsp;Xidm\u0259tl\u0259rimiz<br>&nbsp;<br>&nbsp;Biz \u015firk\u0259t qeydiyyat\u0131 xidm\u0259tl\u0259rinin geni\u015f spektrini t\u0259klif edirik, o c\u00fcml\u0259d\u0259n:<br>&nbsp;<br>\u015eirk\u0259tin yarad\u0131lmas\u0131: Biz siz\u0259 Az\u0259rbaycanda yeni \u015firk\u0259t yaratma\u011fa k\u00f6m\u0259k ed\u0259 bil\u0259rik, o c\u00fcml\u0259d\u0259n d\u00fczg\u00fcn \u015firk\u0259t n\u00f6v\u00fcn\u00fc se\u00e7m\u0259k, \u015firk\u0259t nizamnam\u0259sini haz\u0131rlamaq v\u0259 laz\u0131mi t\u0259sdiql\u0259ri \u0259ld\u0259 etm\u0259k.<br>Filial Qeydiyyat\u0131: Biz siz\u0259 xarici \u015firk\u0259tinizin Az\u0259rbaycanda filial\u0131n\u0131 qeydiyyatdan ke\u00e7irm\u0259y\u0259 k\u00f6m\u0259k ed\u0259 bil\u0259rik.<br>N\u00fcmay\u0259nd\u0259liyin Qeydiyyat\u0131: Biz siz\u0259 xarici \u015firk\u0259tinizin Az\u0259rbaycanda n\u00fcmay\u0259nd\u0259liyini qeydiyyatdan ke\u00e7irm\u0259y\u0259 k\u00f6m\u0259k ed\u0259 bil\u0259rik.<br>\u015eirk\u0259t ad\u0131n\u0131n rezervasiyas\u0131: Biz siz\u0259 Az\u0259rbaycanda \u015firk\u0259t ad\u0131n\u0131n rezervasiyas\u0131na k\u00f6m\u0259k ed\u0259 bil\u0259rik.<br>Vergi Qeydiyyat\u0131: Biz siz\u0259 Az\u0259rbaycanda vergi m\u0259qs\u0259dl\u0259ri \u00fc\u00e7\u00fcn \u015firk\u0259tinizi qeydiyyatdan ke\u00e7irm\u0259y\u0259 k\u00f6m\u0259k ed\u0259 bil\u0259rik.<br>Bank Hesab\u0131n\u0131n A\u00e7\u0131lmas\u0131: Biz siz\u0259 Az\u0259rbaycanda \u015firk\u0259tiniz \u00fc\u00e7\u00fcn bank hesab\u0131 a\u00e7ma\u011fa k\u00f6m\u0259k ed\u0259 bil\u0259rik.<br>Davaml\u0131 D\u0259st\u0259k: Vergi uy\u011funlu\u011fu, m\u00fchasibat u\u00e7otu v\u0259 h\u00fcquqi m\u0259s\u0259l\u0259l\u0259r daxil olmaqla, \u015firk\u0259tiniz\u0259 davaml\u0131 d\u0259st\u0259k g\u00f6st\u0259r\u0259 bil\u0259rik.<br>&nbsp;Faydalar\u0131m\u0131z<br>&nbsp;<br>T\u0259cr\u00fcb\u0259: \u015eirk\u0259tinizin Az\u0259rbaycanda qeydiyyata al\u0131nmas\u0131 prosesind\u0259 siz\u0259 b\u0259l\u0259d\u00e7ilik ed\u0259 bil\u0259c\u0259k t\u0259cr\u00fcb\u0259li pe\u015f\u0259karlardan ibar\u0259t komandam\u0131z var.<br>Ekspertiza: Biz Az\u0259rbaycan \u015firk\u0259tl\u0259r h\u00fcququ \u00fczr\u0259 ekspertik v\u0259 \u015firk\u0259tinizin d\u00fczg\u00fcn qeydiyyatdan ke\u00e7m\u0259sini t\u0259min ed\u0259 bil\u0259rik.<br>Effektivlik: Biz sizin \u015firk\u0259tinizi tez v\u0259 s\u0259m\u0259r\u0259li \u015f\u0259kild\u0259 qeydiyyatdan ke\u00e7ir\u0259 bil\u0259rik.<br>Effektiv: Xidm\u0259tl\u0259rimiz \u00fc\u00e7\u00fcn r\u0259qab\u0259t\u0259davaml\u0131 tarifl\u0259r t\u0259klif edirik.<\/p>","protected":false},"excerpt":{"rendered":"<p>Company registration services Moore Azerbaijan is a leading provider of company registration services in Azerbaijan. We have a team of experienced professionals who can guide you through the entire process of registering your company in Azerbaijan. We offer a range of services to meet your needs, including:&nbsp;Preparing all necessary documentationSubmitting your application to the relevant [&hellip;]<\/p>\n","protected":false},"author":12,"featured_media":0,"parent":223,"menu_order":0,"comment_status":"closed","ping_status":"closed","template":"","meta":{"_acf_changed":false,"footnotes":""},"class_list":["post-255","page","type-page","status-publish","hentry"],"acf":[],"yoast_head":"<!-- This site is optimized with the Yoast SEO plugin v27.3 - https:\/\/yoast.com\/product\/yoast-seo-wordpress\/ -->\n<title>Company registration services - Moore Azerbaijan<\/title>\n<meta name=\"robots\" content=\"index, follow, max-snippet:-1, max-image-preview:large, max-video-preview:-1\" \/>\n<link rel=\"canonical\" href=\"https:\/\/az.moore-global.com\/az\/services-2\/company-registration-services\/\" \/>\n<meta property=\"og:locale\" content=\"az_AZ\" \/>\n<meta property=\"og:type\" content=\"article\" \/>\n<meta property=\"og:title\" content=\"Company registration services - Moore Azerbaijan\" \/>\n<meta property=\"og:description\" content=\"Company registration services Moore Azerbaijan is a leading provider of company registration services in Azerbaijan. We have a team of experienced professionals who can guide you through the entire process of registering your company in Azerbaijan. We offer a range of services to meet your needs, including:&nbsp;Preparing all necessary documentationSubmitting your application to the relevant [&hellip;]\" \/>\n<meta property=\"og:url\" content=\"https:\/\/az.moore-global.com\/az\/services-2\/company-registration-services\/\" \/>\n<meta property=\"og:site_name\" content=\"Moore Azerbaijan\" \/>\n<meta property=\"article:modified_time\" content=\"2025-12-10T12:11:09+00:00\" \/>\n<meta name=\"twitter:card\" content=\"summary_large_image\" \/>\n<script type=\"application\/ld+json\" class=\"yoast-schema-graph\">{\"@context\":\"https:\\\/\\\/schema.org\",\"@graph\":[{\"@type\":\"WebPage\",\"@id\":\"https:\\\/\\\/az.moore-global.com\\\/services-2\\\/company-registration-services\\\/\",\"url\":\"https:\\\/\\\/az.moore-global.com\\\/services-2\\\/company-registration-services\\\/\",\"name\":\"Company registration services - Moore Azerbaijan\",\"isPartOf\":{\"@id\":\"https:\\\/\\\/az.moore-global.com\\\/#website\"},\"datePublished\":\"2025-12-10T12:08:02+00:00\",\"dateModified\":\"2025-12-10T12:11:09+00:00\",\"breadcrumb\":{\"@id\":\"https:\\\/\\\/az.moore-global.com\\\/services-2\\\/company-registration-services\\\/#breadcrumb\"},\"inLanguage\":\"az\",\"potentialAction\":[{\"@type\":\"ReadAction\",\"target\":[\"https:\\\/\\\/az.moore-global.com\\\/services-2\\\/company-registration-services\\\/\"]}]},{\"@type\":\"BreadcrumbList\",\"@id\":\"https:\\\/\\\/az.moore-global.com\\\/services-2\\\/company-registration-services\\\/#breadcrumb\",\"itemListElement\":[{\"@type\":\"ListItem\",\"position\":1,\"name\":\"Home\",\"item\":\"https:\\\/\\\/az.moore-global.com\\\/\"},{\"@type\":\"ListItem\",\"position\":2,\"name\":\"Services\",\"item\":\"https:\\\/\\\/az.moore-global.com\\\/ru\\\/services-2\\\/\"},{\"@type\":\"ListItem\",\"position\":3,\"name\":\"Company registration services\"}]},{\"@type\":\"WebSite\",\"@id\":\"https:\\\/\\\/az.moore-global.com\\\/#website\",\"url\":\"https:\\\/\\\/az.moore-global.com\\\/\",\"name\":\"Moore Azerbaijan\",\"description\":\"This is the base site for Moore Azerbaijan\",\"potentialAction\":[{\"@type\":\"SearchAction\",\"target\":{\"@type\":\"EntryPoint\",\"urlTemplate\":\"https:\\\/\\\/az.moore-global.com\\\/?s={search_term_string}\"},\"query-input\":{\"@type\":\"PropertyValueSpecification\",\"valueRequired\":true,\"valueName\":\"search_term_string\"}}],\"inLanguage\":\"az\"}]}<\/script>\n<!-- \/ Yoast SEO plugin. -->","yoast_head_json":{"title":"Company registration services - Moore Azerbaijan","robots":{"index":"index","follow":"follow","max-snippet":"max-snippet:-1","max-image-preview":"max-image-preview:large","max-video-preview":"max-video-preview:-1"},"canonical":"https:\/\/az.moore-global.com\/az\/services-2\/company-registration-services\/","og_locale":"az_AZ","og_type":"article","og_title":"Company registration services - Moore Azerbaijan","og_description":"Company registration services Moore Azerbaijan is a leading provider of company registration services in Azerbaijan. We have a team of experienced professionals who can guide you through the entire process of registering your company in Azerbaijan. We offer a range of services to meet your needs, including:&nbsp;Preparing all necessary documentationSubmitting your application to the relevant [&hellip;]","og_url":"https:\/\/az.moore-global.com\/az\/services-2\/company-registration-services\/","og_site_name":"Moore Azerbaijan","article_modified_time":"2025-12-10T12:11:09+00:00","twitter_card":"summary_large_image","schema":{"@context":"https:\/\/schema.org","@graph":[{"@type":"WebPage","@id":"https:\/\/az.moore-global.com\/services-2\/company-registration-services\/","url":"https:\/\/az.moore-global.com\/services-2\/company-registration-services\/","name":"Company registration services - Moore Azerbaijan","isPartOf":{"@id":"https:\/\/az.moore-global.com\/#website"},"datePublished":"2025-12-10T12:08:02+00:00","dateModified":"2025-12-10T12:11:09+00:00","breadcrumb":{"@id":"https:\/\/az.moore-global.com\/services-2\/company-registration-services\/#breadcrumb"},"inLanguage":"az","potentialAction":[{"@type":"ReadAction","target":["https:\/\/az.moore-global.com\/services-2\/company-registration-services\/"]}]},{"@type":"BreadcrumbList","@id":"https:\/\/az.moore-global.com\/services-2\/company-registration-services\/#breadcrumb","itemListElement":[{"@type":"ListItem","position":1,"name":"Home","item":"https:\/\/az.moore-global.com\/"},{"@type":"ListItem","position":2,"name":"Services","item":"https:\/\/az.moore-global.com\/ru\/services-2\/"},{"@type":"ListItem","position":3,"name":"Company registration services"}]},{"@type":"WebSite","@id":"https:\/\/az.moore-global.com\/#website","url":"https:\/\/az.moore-global.com\/","name":"Mur Az\u0259rbaycan","description":"Bu, Moore Azerbaijan \u00fc\u00e7\u00fcn \u0259sas saytd\u0131r","potentialAction":[{"@type":"SearchAction","target":{"@type":"EntryPoint","urlTemplate":"https:\/\/az.moore-global.com\/?s={search_term_string}"},"query-input":{"@type":"PropertyValueSpecification","valueRequired":true,"valueName":"search_term_string"}}],"inLanguage":"az"}]}},"_links":{"self":[{"href":"https:\/\/az.moore-global.com\/az\/wp-json\/wp\/v2\/pages\/255","targetHints":{"allow":["GET"]}}],"collection":[{"href":"https:\/\/az.moore-global.com\/az\/wp-json\/wp\/v2\/pages"}],"about":[{"href":"https:\/\/az.moore-global.com\/az\/wp-json\/wp\/v2\/types\/page"}],"author":[{"embeddable":true,"href":"https:\/\/az.moore-global.com\/az\/wp-json\/wp\/v2\/users\/12"}],"replies":[{"embeddable":true,"href":"https:\/\/az.moore-global.com\/az\/wp-json\/wp\/v2\/comments?post=255"}],"version-history":[{"count":0,"href":"https:\/\/az.moore-global.com\/az\/wp-json\/wp\/v2\/pages\/255\/revisions"}],"up":[{"embeddable":true,"href":"https:\/\/az.moore-global.com\/az\/wp-json\/wp\/v2\/pages\/223"}],"wp:attachment":[{"href":"https:\/\/az.moore-global.com\/az\/wp-json\/wp\/v2\/media?parent=255"}],"curies":[{"name":"wp","href":"https:\/\/api.w.org\/{rel}","templated":true}]}}