{"id":245,"date":"2025-12-10T08:26:30","date_gmt":"2025-12-10T08:26:30","guid":{"rendered":"https:\/\/moore-az.eu3.moore-global.com\/sectors\/retail-and-wholesale\/"},"modified":"2025-12-10T11:05:35","modified_gmt":"2025-12-10T11:05:35","slug":"retail-and-wholesale","status":"publish","type":"page","link":"https:\/\/az.moore-global.com\/az\/sectors\/retail-and-wholesale\/","title":{"rendered":"P\u0259rak\u0259nd\u0259 v\u0259 Topdan"},"content":{"rendered":"<h2 class=\"wp-block-heading alignwide\" id=\"we-re-a-studio-in-berlin-with-an-international-practice-in-architecture-urban-planning-and-interior-design-we-believe-in-sharing-knowledge-and-promoting-dialogue-to-increase-the-creative-potential-of-collaboration\" style=\"font-size:48px;line-height:1.1\">P\u0259rak\u0259nd\u0259 v\u0259 Topdan<\/h2>\n\n\n\n<p>D\u0259yi\u015f\u0259n istehlak\u00e7\u0131 davran\u0131\u015f\u0131, kiber riskl\u0259r, yeni yaranan r\u0259q\u0259msal texnologiyalar v\u0259 x\u0259rcl\u0259rin azald\u0131lmas\u0131 imperativi p\u0259rak\u0259nd\u0259 v\u0259 topdansat\u0131\u015f m\u0259nz\u0259r\u0259sini d\u0259yi\u015fir. Bu s\u00fcr\u0259tl\u0259 inki\u015faf ed\u0259n m\u00fchitd\u0259 biznesl\u0259r bu \u00e7\u0259tinlikl\u0259rin \u00f6hd\u0259sind\u0259n u\u011furla g\u0259lm\u0259k \u00fc\u00e7\u00fcn sa\u011flam m\u0259sl\u0259h\u0259t t\u0259l\u0259b edir. Moore Azerbaijan-da partnyorumuzun r\u0259hb\u0259rlik etdiyi komandalar m\u00fc\u015ft\u0259ril\u0259rl\u0259 g\u00f6r\u00fc\u015fm\u0259k \u00fc\u00e7\u00fcn m\u00fct\u0259madi olaraq haz\u0131rd\u0131r v\u0259 vaxt\u0131nda r\u0259hb\u0259rlik t\u0259klif edir. Bizim f\u0259rdi yana\u015fmam\u0131z p\u0259rak\u0259nd\u0259 v\u0259 topdansat\u0131\u015f m\u00fc\u015ft\u0259ril\u0259rin getdikc\u0259 daha r\u0259qab\u0259tli bazarda f\u00fcrs\u0259tl\u0259rd\u0259n istifad\u0259 etm\u0259l\u0259rini t\u0259min edir.<\/p>\n\n\n\n<p><\/p>","protected":false},"excerpt":{"rendered":"<p>Retail and Wholesale Changing consumer behavior, cyber risks, emerging digital technologies, and the imperative of cost-cutting are transforming the landscape of retail and wholesale. In this rapidly evolving environment, businesses require sound advice to navigate these challenges successfully. At Moore Azerbaijan, our partner-led teams are consistently available to meet with clients, offering timely guidance. Our [&hellip;]<\/p>\n","protected":false},"author":12,"featured_media":0,"parent":207,"menu_order":0,"comment_status":"closed","ping_status":"closed","template":"","meta":{"_acf_changed":false,"footnotes":""},"class_list":["post-245","page","type-page","status-publish","hentry"],"acf":[],"yoast_head":"<!-- This site is optimized with the Yoast SEO plugin v27.3 - https:\/\/yoast.com\/product\/yoast-seo-wordpress\/ -->\n<title>Retail and Wholesale - Moore Azerbaijan<\/title>\n<meta name=\"robots\" content=\"index, follow, max-snippet:-1, max-image-preview:large, max-video-preview:-1\" \/>\n<link rel=\"canonical\" href=\"https:\/\/az.moore-global.com\/az\/sectors\/retail-and-wholesale\/\" \/>\n<meta property=\"og:locale\" content=\"az_AZ\" \/>\n<meta property=\"og:type\" content=\"article\" \/>\n<meta property=\"og:title\" content=\"Retail and Wholesale - Moore Azerbaijan\" \/>\n<meta property=\"og:description\" content=\"Retail and Wholesale Changing consumer behavior, cyber risks, emerging digital technologies, and the imperative of cost-cutting are transforming the landscape of retail and wholesale. In this rapidly evolving environment, businesses require sound advice to navigate these challenges successfully. At Moore Azerbaijan, our partner-led teams are consistently available to meet with clients, offering timely guidance. Our [&hellip;]\" \/>\n<meta property=\"og:url\" content=\"https:\/\/az.moore-global.com\/az\/sectors\/retail-and-wholesale\/\" \/>\n<meta property=\"og:site_name\" content=\"Moore Azerbaijan\" \/>\n<meta property=\"article:modified_time\" content=\"2025-12-10T11:05:35+00:00\" \/>\n<meta name=\"twitter:card\" content=\"summary_large_image\" \/>\n<meta name=\"twitter:label1\" content=\"T\u0259xmini oxuma vaxt\u0131\" \/>\n\t<meta name=\"twitter:data1\" content=\"1 d\u0259qiq\u0259\" \/>\n<script type=\"application\/ld+json\" class=\"yoast-schema-graph\">{\"@context\":\"https:\\\/\\\/schema.org\",\"@graph\":[{\"@type\":\"WebPage\",\"@id\":\"https:\\\/\\\/az.moore-global.com\\\/sectors\\\/retail-and-wholesale\\\/\",\"url\":\"https:\\\/\\\/az.moore-global.com\\\/sectors\\\/retail-and-wholesale\\\/\",\"name\":\"Retail and Wholesale - Moore Azerbaijan\",\"isPartOf\":{\"@id\":\"https:\\\/\\\/az.moore-global.com\\\/#website\"},\"datePublished\":\"2025-12-10T08:26:30+00:00\",\"dateModified\":\"2025-12-10T11:05:35+00:00\",\"breadcrumb\":{\"@id\":\"https:\\\/\\\/az.moore-global.com\\\/sectors\\\/retail-and-wholesale\\\/#breadcrumb\"},\"inLanguage\":\"az\",\"potentialAction\":[{\"@type\":\"ReadAction\",\"target\":[\"https:\\\/\\\/az.moore-global.com\\\/sectors\\\/retail-and-wholesale\\\/\"]}]},{\"@type\":\"BreadcrumbList\",\"@id\":\"https:\\\/\\\/az.moore-global.com\\\/sectors\\\/retail-and-wholesale\\\/#breadcrumb\",\"itemListElement\":[{\"@type\":\"ListItem\",\"position\":1,\"name\":\"Home\",\"item\":\"https:\\\/\\\/az.moore-global.com\\\/\"},{\"@type\":\"ListItem\",\"position\":2,\"name\":\"Sectors\",\"item\":\"https:\\\/\\\/az.moore-global.com\\\/sectors\\\/\"},{\"@type\":\"ListItem\",\"position\":3,\"name\":\"Retail and Wholesale\"}]},{\"@type\":\"WebSite\",\"@id\":\"https:\\\/\\\/az.moore-global.com\\\/#website\",\"url\":\"https:\\\/\\\/az.moore-global.com\\\/\",\"name\":\"Moore Azerbaijan\",\"description\":\"This is the base site for Moore Azerbaijan\",\"potentialAction\":[{\"@type\":\"SearchAction\",\"target\":{\"@type\":\"EntryPoint\",\"urlTemplate\":\"https:\\\/\\\/az.moore-global.com\\\/?s={search_term_string}\"},\"query-input\":{\"@type\":\"PropertyValueSpecification\",\"valueRequired\":true,\"valueName\":\"search_term_string\"}}],\"inLanguage\":\"az\"}]}<\/script>\n<!-- \/ Yoast SEO plugin. -->","yoast_head_json":{"title":"Retail and Wholesale - Moore Azerbaijan","robots":{"index":"index","follow":"follow","max-snippet":"max-snippet:-1","max-image-preview":"max-image-preview:large","max-video-preview":"max-video-preview:-1"},"canonical":"https:\/\/az.moore-global.com\/az\/sectors\/retail-and-wholesale\/","og_locale":"az_AZ","og_type":"article","og_title":"Retail and Wholesale - Moore Azerbaijan","og_description":"Retail and Wholesale Changing consumer behavior, cyber risks, emerging digital technologies, and the imperative of cost-cutting are transforming the landscape of retail and wholesale. In this rapidly evolving environment, businesses require sound advice to navigate these challenges successfully. At Moore Azerbaijan, our partner-led teams are consistently available to meet with clients, offering timely guidance. Our [&hellip;]","og_url":"https:\/\/az.moore-global.com\/az\/sectors\/retail-and-wholesale\/","og_site_name":"Moore Azerbaijan","article_modified_time":"2025-12-10T11:05:35+00:00","twitter_card":"summary_large_image","twitter_misc":{"T\u0259xmini oxuma vaxt\u0131":"1 d\u0259qiq\u0259"},"schema":{"@context":"https:\/\/schema.org","@graph":[{"@type":"WebPage","@id":"https:\/\/az.moore-global.com\/sectors\/retail-and-wholesale\/","url":"https:\/\/az.moore-global.com\/sectors\/retail-and-wholesale\/","name":"Retail and Wholesale - Moore Azerbaijan","isPartOf":{"@id":"https:\/\/az.moore-global.com\/#website"},"datePublished":"2025-12-10T08:26:30+00:00","dateModified":"2025-12-10T11:05:35+00:00","breadcrumb":{"@id":"https:\/\/az.moore-global.com\/sectors\/retail-and-wholesale\/#breadcrumb"},"inLanguage":"az","potentialAction":[{"@type":"ReadAction","target":["https:\/\/az.moore-global.com\/sectors\/retail-and-wholesale\/"]}]},{"@type":"BreadcrumbList","@id":"https:\/\/az.moore-global.com\/sectors\/retail-and-wholesale\/#breadcrumb","itemListElement":[{"@type":"ListItem","position":1,"name":"Home","item":"https:\/\/az.moore-global.com\/"},{"@type":"ListItem","position":2,"name":"Sectors","item":"https:\/\/az.moore-global.com\/sectors\/"},{"@type":"ListItem","position":3,"name":"Retail and Wholesale"}]},{"@type":"WebSite","@id":"https:\/\/az.moore-global.com\/#website","url":"https:\/\/az.moore-global.com\/","name":"Mur Az\u0259rbaycan","description":"Bu, Moore Azerbaijan \u00fc\u00e7\u00fcn \u0259sas saytd\u0131r","potentialAction":[{"@type":"SearchAction","target":{"@type":"EntryPoint","urlTemplate":"https:\/\/az.moore-global.com\/?s={search_term_string}"},"query-input":{"@type":"PropertyValueSpecification","valueRequired":true,"valueName":"search_term_string"}}],"inLanguage":"az"}]}},"_links":{"self":[{"href":"https:\/\/az.moore-global.com\/az\/wp-json\/wp\/v2\/pages\/245","targetHints":{"allow":["GET"]}}],"collection":[{"href":"https:\/\/az.moore-global.com\/az\/wp-json\/wp\/v2\/pages"}],"about":[{"href":"https:\/\/az.moore-global.com\/az\/wp-json\/wp\/v2\/types\/page"}],"author":[{"embeddable":true,"href":"https:\/\/az.moore-global.com\/az\/wp-json\/wp\/v2\/users\/12"}],"replies":[{"embeddable":true,"href":"https:\/\/az.moore-global.com\/az\/wp-json\/wp\/v2\/comments?post=245"}],"version-history":[{"count":0,"href":"https:\/\/az.moore-global.com\/az\/wp-json\/wp\/v2\/pages\/245\/revisions"}],"up":[{"embeddable":true,"href":"https:\/\/az.moore-global.com\/az\/wp-json\/wp\/v2\/pages\/207"}],"wp:attachment":[{"href":"https:\/\/az.moore-global.com\/az\/wp-json\/wp\/v2\/media?parent=245"}],"curies":[{"name":"wp","href":"https:\/\/api.w.org\/{rel}","templated":true}]}}