{"id":244,"date":"2025-12-10T08:26:30","date_gmt":"2025-12-10T08:26:30","guid":{"rendered":"https:\/\/moore-az.eu3.moore-global.com\/sectors\/energy-mining-renewables\/"},"modified":"2025-12-10T11:06:30","modified_gmt":"2025-12-10T11:06:30","slug":"energy-mining-renewables","status":"publish","type":"page","link":"https:\/\/az.moore-global.com\/az\/sectors\/energy-mining-renewables\/","title":{"rendered":"Enerji, m\u0259d\u0259n\u00e7\u0131xarma v\u0259 b\u0259rpa olunan enerji"},"content":{"rendered":"<h1 class=\"wp-block-heading\">Enerji, m\u0259d\u0259n\u00e7\u0131xarma v\u0259 b\u0259rpa olunan enerji<\/h1>\n\n\n\n<p>Enerji, m\u0259d\u0259n\u00e7\u0131xarma v\u0259 b\u0259rpa olunan enerji sektoru d\u00fcnya iqtisadiyyat\u0131nda \u0259mt\u0259\u0259 qiym\u0259tl\u0259rinin d\u0259yi\u015fk\u0259nliyi, artan x\u0259rcl\u0259r, artan t\u0259nziml\u0259m\u0259 v\u0259 d\u0259yi\u015f\u0259n h\u00f6kum\u0259t siyas\u0259ti d\u0259 daxil olmaqla \u00e7oxsayl\u0131 imkanlar v\u0259 probleml\u0259rl\u0259 \u00fczl\u0259\u015fir. Qar\u015f\u0131la\u015fd\u0131\u011f\u0131n\u0131z m\u00fcr\u0259kk\u0259b probleml\u0259ri d\u0259rind\u0259n d\u0259rk etm\u0259yimiz v\u0259 ox\u015far biznesl\u0259rl\u0259 i\u015fl\u0259m\u0259k t\u0259cr\u00fcb\u0259miz biz\u0259 bu \u00e7\u0259tinlikl\u0259rin \u00f6hd\u0259sind\u0259n g\u0259lm\u0259kd\u0259, performans\u0131 optimalla\u015fd\u0131rmaqda v\u0259 m\u0259qs\u0259dl\u0259riniz\u0259 \u00e7atmaqda siz\u0259 k\u00f6m\u0259k etm\u0259k imkan\u0131 verir. Biz b\u00fct\u00fcn \u0259sas regionlarda yerl\u0259\u015f\u0259n sektor v\u0259 texniki ekspertl\u0259r vasit\u0259si il\u0259 \u00e7oxlu yurisdiksiyal\u0131 t\u0259minat v\u0259 m\u0259sl\u0259h\u0259t xidm\u0259tl\u0259rinin geni\u015f spektrini t\u0259klif edirik.<\/p>","protected":false},"excerpt":{"rendered":"<p>Energy, mining &amp; renewables The energy, mining, and renewables sector faces numerous opportunities and challenges in the world economy, including commodity price volatility, rising costs, increased regulation, and changing government policies. Our in-depth understanding of the complex issues you face, coupled with our experience of working with similar businesses, enables us to assist you in [&hellip;]<\/p>\n","protected":false},"author":12,"featured_media":0,"parent":207,"menu_order":0,"comment_status":"closed","ping_status":"closed","template":"","meta":{"_acf_changed":false,"footnotes":""},"class_list":["post-244","page","type-page","status-publish","hentry"],"acf":[],"yoast_head":"<!-- This site is optimized with the Yoast SEO plugin v27.5 - https:\/\/yoast.com\/product\/yoast-seo-wordpress\/ -->\n<title>Energy, mining &amp; renewables - Moore Azerbaijan<\/title>\n<meta name=\"robots\" content=\"index, follow, max-snippet:-1, max-image-preview:large, max-video-preview:-1\" \/>\n<link rel=\"canonical\" href=\"https:\/\/az.moore-global.com\/az\/sectors\/energy-mining-renewables\/\" \/>\n<meta property=\"og:locale\" content=\"az_AZ\" \/>\n<meta property=\"og:type\" content=\"article\" \/>\n<meta property=\"og:title\" content=\"Energy, mining &amp; renewables - Moore Azerbaijan\" \/>\n<meta property=\"og:description\" content=\"Energy, mining &amp; renewables The energy, mining, and renewables sector faces numerous opportunities and challenges in the world economy, including commodity price volatility, rising costs, increased regulation, and changing government policies. Our in-depth understanding of the complex issues you face, coupled with our experience of working with similar businesses, enables us to assist you in [&hellip;]\" \/>\n<meta property=\"og:url\" content=\"https:\/\/az.moore-global.com\/az\/sectors\/energy-mining-renewables\/\" \/>\n<meta property=\"og:site_name\" content=\"Moore Azerbaijan\" \/>\n<meta property=\"article:modified_time\" content=\"2025-12-10T11:06:30+00:00\" \/>\n<meta name=\"twitter:card\" content=\"summary_large_image\" \/>\n<script type=\"application\/ld+json\" class=\"yoast-schema-graph\">{\"@context\":\"https:\\\/\\\/schema.org\",\"@graph\":[{\"@type\":\"WebPage\",\"@id\":\"https:\\\/\\\/az.moore-global.com\\\/sectors\\\/energy-mining-renewables\\\/\",\"url\":\"https:\\\/\\\/az.moore-global.com\\\/sectors\\\/energy-mining-renewables\\\/\",\"name\":\"Energy, mining &amp; renewables - Moore Azerbaijan\",\"isPartOf\":{\"@id\":\"https:\\\/\\\/az.moore-global.com\\\/#website\"},\"datePublished\":\"2025-12-10T08:26:30+00:00\",\"dateModified\":\"2025-12-10T11:06:30+00:00\",\"breadcrumb\":{\"@id\":\"https:\\\/\\\/az.moore-global.com\\\/sectors\\\/energy-mining-renewables\\\/#breadcrumb\"},\"inLanguage\":\"az\",\"potentialAction\":[{\"@type\":\"ReadAction\",\"target\":[\"https:\\\/\\\/az.moore-global.com\\\/sectors\\\/energy-mining-renewables\\\/\"]}]},{\"@type\":\"BreadcrumbList\",\"@id\":\"https:\\\/\\\/az.moore-global.com\\\/sectors\\\/energy-mining-renewables\\\/#breadcrumb\",\"itemListElement\":[{\"@type\":\"ListItem\",\"position\":1,\"name\":\"Home\",\"item\":\"https:\\\/\\\/az.moore-global.com\\\/\"},{\"@type\":\"ListItem\",\"position\":2,\"name\":\"Sectors\",\"item\":\"https:\\\/\\\/az.moore-global.com\\\/sectors\\\/\"},{\"@type\":\"ListItem\",\"position\":3,\"name\":\"Energy, mining &amp; renewables\"}]},{\"@type\":\"WebSite\",\"@id\":\"https:\\\/\\\/az.moore-global.com\\\/#website\",\"url\":\"https:\\\/\\\/az.moore-global.com\\\/\",\"name\":\"Moore Azerbaijan\",\"description\":\"This is the base site for Moore Azerbaijan\",\"potentialAction\":[{\"@type\":\"SearchAction\",\"target\":{\"@type\":\"EntryPoint\",\"urlTemplate\":\"https:\\\/\\\/az.moore-global.com\\\/?s={search_term_string}\"},\"query-input\":{\"@type\":\"PropertyValueSpecification\",\"valueRequired\":true,\"valueName\":\"search_term_string\"}}],\"inLanguage\":\"az\"}]}<\/script>\n<!-- \/ Yoast SEO plugin. -->","yoast_head_json":{"title":"Energy, mining &amp; renewables - Moore Azerbaijan","robots":{"index":"index","follow":"follow","max-snippet":"max-snippet:-1","max-image-preview":"max-image-preview:large","max-video-preview":"max-video-preview:-1"},"canonical":"https:\/\/az.moore-global.com\/az\/sectors\/energy-mining-renewables\/","og_locale":"az_AZ","og_type":"article","og_title":"Energy, mining &amp; renewables - Moore Azerbaijan","og_description":"Energy, mining &amp; renewables The energy, mining, and renewables sector faces numerous opportunities and challenges in the world economy, including commodity price volatility, rising costs, increased regulation, and changing government policies. Our in-depth understanding of the complex issues you face, coupled with our experience of working with similar businesses, enables us to assist you in [&hellip;]","og_url":"https:\/\/az.moore-global.com\/az\/sectors\/energy-mining-renewables\/","og_site_name":"Moore Azerbaijan","article_modified_time":"2025-12-10T11:06:30+00:00","twitter_card":"summary_large_image","schema":{"@context":"https:\/\/schema.org","@graph":[{"@type":"WebPage","@id":"https:\/\/az.moore-global.com\/sectors\/energy-mining-renewables\/","url":"https:\/\/az.moore-global.com\/sectors\/energy-mining-renewables\/","name":"Energy, mining &amp; renewables - Moore Azerbaijan","isPartOf":{"@id":"https:\/\/az.moore-global.com\/#website"},"datePublished":"2025-12-10T08:26:30+00:00","dateModified":"2025-12-10T11:06:30+00:00","breadcrumb":{"@id":"https:\/\/az.moore-global.com\/sectors\/energy-mining-renewables\/#breadcrumb"},"inLanguage":"az","potentialAction":[{"@type":"ReadAction","target":["https:\/\/az.moore-global.com\/sectors\/energy-mining-renewables\/"]}]},{"@type":"BreadcrumbList","@id":"https:\/\/az.moore-global.com\/sectors\/energy-mining-renewables\/#breadcrumb","itemListElement":[{"@type":"ListItem","position":1,"name":"Home","item":"https:\/\/az.moore-global.com\/"},{"@type":"ListItem","position":2,"name":"Sectors","item":"https:\/\/az.moore-global.com\/sectors\/"},{"@type":"ListItem","position":3,"name":"Energy, mining &amp; renewables"}]},{"@type":"WebSite","@id":"https:\/\/az.moore-global.com\/#website","url":"https:\/\/az.moore-global.com\/","name":"Mur Az\u0259rbaycan","description":"Bu, Moore Azerbaijan \u00fc\u00e7\u00fcn \u0259sas saytd\u0131r","potentialAction":[{"@type":"SearchAction","target":{"@type":"EntryPoint","urlTemplate":"https:\/\/az.moore-global.com\/?s={search_term_string}"},"query-input":{"@type":"PropertyValueSpecification","valueRequired":true,"valueName":"search_term_string"}}],"inLanguage":"az"}]}},"_links":{"self":[{"href":"https:\/\/az.moore-global.com\/az\/wp-json\/wp\/v2\/pages\/244","targetHints":{"allow":["GET"]}}],"collection":[{"href":"https:\/\/az.moore-global.com\/az\/wp-json\/wp\/v2\/pages"}],"about":[{"href":"https:\/\/az.moore-global.com\/az\/wp-json\/wp\/v2\/types\/page"}],"author":[{"embeddable":true,"href":"https:\/\/az.moore-global.com\/az\/wp-json\/wp\/v2\/users\/12"}],"replies":[{"embeddable":true,"href":"https:\/\/az.moore-global.com\/az\/wp-json\/wp\/v2\/comments?post=244"}],"version-history":[{"count":0,"href":"https:\/\/az.moore-global.com\/az\/wp-json\/wp\/v2\/pages\/244\/revisions"}],"up":[{"embeddable":true,"href":"https:\/\/az.moore-global.com\/az\/wp-json\/wp\/v2\/pages\/207"}],"wp:attachment":[{"href":"https:\/\/az.moore-global.com\/az\/wp-json\/wp\/v2\/media?parent=244"}],"curies":[{"name":"wp","href":"https:\/\/api.w.org\/{rel}","templated":true}]}}