{"id":243,"date":"2025-12-10T08:26:30","date_gmt":"2025-12-10T08:26:30","guid":{"rendered":"https:\/\/moore-az.eu3.moore-global.com\/sectors\/oil-and-gas\/"},"modified":"2025-12-10T11:11:59","modified_gmt":"2025-12-10T11:11:59","slug":"oil-and-gas","status":"publish","type":"page","link":"https:\/\/az.moore-global.com\/az\/sectors\/oil-and-gas\/","title":{"rendered":"NEFT V\u018f QAZ"},"content":{"rendered":"<h1 class=\"wp-block-heading\">Neft v\u0259 Qaz<\/h1>\n\n\n\n<p>Az\u0259rbaycan z\u0259ngin enerji v\u0259 t\u0259bii s\u0259rv\u0259tl\u0259r\u0259 malikdir, ilk n\u00f6vb\u0259d\u0259 \u00f6lk\u0259nin haz\u0131rk\u0131 iqtisadi m\u0259nz\u0259r\u0259sini formala\u015fd\u0131r\u0131r, neft v\u0259 qaz sektoruna g\u00fccl\u00fc diqq\u0259t yetirir. \u00d6lk\u0259d\u0259 h\u0259m yerli, h\u0259m d\u0259 beyn\u0259lxalq \u015firk\u0259tl\u0259r m\u00fcxt\u0259lif f\u0259aliyy\u0259tl\u0259rl\u0259, o c\u00fcml\u0259d\u0259n neft v\u0259 qaz yataqlar\u0131n\u0131n k\u0259\u015ffiyyat\u0131, neft, qaz v\u0259 qaz kondensat\u0131n\u0131n hasilat\u0131, emal\u0131 v\u0259 n\u0259qli il\u0259 m\u0259\u015f\u011ful olurlar. Bu \u015firk\u0259tl\u0259r h\u0259m daxili, h\u0259m d\u0259 beyn\u0259lxalq bazarlarda neft v\u0259 neft-kimya m\u0259hsullar\u0131n\u0131 bazara \u00e7\u0131xararaq, Az\u0259rbaycan daxilind\u0259 s\u0259naye sah\u0259l\u0259rini v\u0259 \u0259halini t\u0259bii qazla t\u0259min edir.<br><br>Moore Az\u0259rbaycan\u0131n Qlobal Neft v\u0259 Qaz Kimya s\u0259nayesi m\u00fc\u0259ssis\u0259nin biznes potensial\u0131n\u0131n art\u0131r\u0131lmas\u0131na k\u00f6m\u0259k edir. Biz m\u00fc\u015ft\u0259ril\u0259rin personal\u0131n\u0131n biznes ehtiyaclar\u0131n\u0131 idar\u0259 etm\u0259k v\u0259 idar\u0259 etm\u0259k \u00fc\u00e7\u00fcn \u0259n b\u00f6y\u00fck \u015firk\u0259tl\u0259r v\u0259 kommersiya m\u00fc\u0259ssis\u0259l\u0259ri, m\u00fcst\u0259qil h\u00fcquqi \u015f\u0259xsl\u0259rl\u0259 i\u015fl\u0259yirik.<\/p>\n\n\n\n<p><\/p>","protected":false},"excerpt":{"rendered":"<p>Oil and Gas Azerbaijan boasts abundant energy and natural resources, primarily shaping the country&#8217;s current economic landscape, with a strong emphasis on the oil and gas sector. Both local and international companies in the nation are engaged in various activities, including exploration of oil and gas fields, production, processing, and transportation of oil, gas, and [&hellip;]<\/p>\n","protected":false},"author":12,"featured_media":0,"parent":207,"menu_order":0,"comment_status":"closed","ping_status":"closed","template":"","meta":{"_acf_changed":false,"footnotes":""},"class_list":["post-243","page","type-page","status-publish","hentry"],"acf":[],"yoast_head":"<!-- This site is optimized with the Yoast SEO plugin v27.3 - https:\/\/yoast.com\/product\/yoast-seo-wordpress\/ -->\n<title>OIL AND GAS - Moore Azerbaijan<\/title>\n<meta name=\"robots\" content=\"index, follow, max-snippet:-1, max-image-preview:large, max-video-preview:-1\" \/>\n<link rel=\"canonical\" href=\"https:\/\/az.moore-global.com\/az\/sectors\/oil-and-gas\/\" \/>\n<meta property=\"og:locale\" content=\"az_AZ\" \/>\n<meta property=\"og:type\" content=\"article\" \/>\n<meta property=\"og:title\" content=\"OIL AND GAS - Moore Azerbaijan\" \/>\n<meta property=\"og:description\" content=\"Oil and Gas Azerbaijan boasts abundant energy and natural resources, primarily shaping the country&#8217;s current economic landscape, with a strong emphasis on the oil and gas sector. Both local and international companies in the nation are engaged in various activities, including exploration of oil and gas fields, production, processing, and transportation of oil, gas, and [&hellip;]\" \/>\n<meta property=\"og:url\" content=\"https:\/\/az.moore-global.com\/az\/sectors\/oil-and-gas\/\" \/>\n<meta property=\"og:site_name\" content=\"Moore Azerbaijan\" \/>\n<meta property=\"article:modified_time\" content=\"2025-12-10T11:11:59+00:00\" \/>\n<meta name=\"twitter:card\" content=\"summary_large_image\" \/>\n<meta name=\"twitter:label1\" content=\"T\u0259xmini oxuma vaxt\u0131\" \/>\n\t<meta name=\"twitter:data1\" content=\"1 d\u0259qiq\u0259\" \/>\n<script type=\"application\/ld+json\" class=\"yoast-schema-graph\">{\"@context\":\"https:\\\/\\\/schema.org\",\"@graph\":[{\"@type\":\"WebPage\",\"@id\":\"https:\\\/\\\/az.moore-global.com\\\/sectors\\\/oil-and-gas\\\/\",\"url\":\"https:\\\/\\\/az.moore-global.com\\\/sectors\\\/oil-and-gas\\\/\",\"name\":\"OIL AND GAS - Moore Azerbaijan\",\"isPartOf\":{\"@id\":\"https:\\\/\\\/az.moore-global.com\\\/#website\"},\"datePublished\":\"2025-12-10T08:26:30+00:00\",\"dateModified\":\"2025-12-10T11:11:59+00:00\",\"breadcrumb\":{\"@id\":\"https:\\\/\\\/az.moore-global.com\\\/sectors\\\/oil-and-gas\\\/#breadcrumb\"},\"inLanguage\":\"az\",\"potentialAction\":[{\"@type\":\"ReadAction\",\"target\":[\"https:\\\/\\\/az.moore-global.com\\\/sectors\\\/oil-and-gas\\\/\"]}]},{\"@type\":\"BreadcrumbList\",\"@id\":\"https:\\\/\\\/az.moore-global.com\\\/sectors\\\/oil-and-gas\\\/#breadcrumb\",\"itemListElement\":[{\"@type\":\"ListItem\",\"position\":1,\"name\":\"Home\",\"item\":\"https:\\\/\\\/az.moore-global.com\\\/\"},{\"@type\":\"ListItem\",\"position\":2,\"name\":\"Sectors\",\"item\":\"https:\\\/\\\/az.moore-global.com\\\/sectors\\\/\"},{\"@type\":\"ListItem\",\"position\":3,\"name\":\"OIL AND GAS\"}]},{\"@type\":\"WebSite\",\"@id\":\"https:\\\/\\\/az.moore-global.com\\\/#website\",\"url\":\"https:\\\/\\\/az.moore-global.com\\\/\",\"name\":\"Moore Azerbaijan\",\"description\":\"This is the base site for Moore Azerbaijan\",\"potentialAction\":[{\"@type\":\"SearchAction\",\"target\":{\"@type\":\"EntryPoint\",\"urlTemplate\":\"https:\\\/\\\/az.moore-global.com\\\/?s={search_term_string}\"},\"query-input\":{\"@type\":\"PropertyValueSpecification\",\"valueRequired\":true,\"valueName\":\"search_term_string\"}}],\"inLanguage\":\"az\"}]}<\/script>\n<!-- \/ Yoast SEO plugin. -->","yoast_head_json":{"title":"OIL AND GAS - Moore Azerbaijan","robots":{"index":"index","follow":"follow","max-snippet":"max-snippet:-1","max-image-preview":"max-image-preview:large","max-video-preview":"max-video-preview:-1"},"canonical":"https:\/\/az.moore-global.com\/az\/sectors\/oil-and-gas\/","og_locale":"az_AZ","og_type":"article","og_title":"OIL AND GAS - Moore Azerbaijan","og_description":"Oil and Gas Azerbaijan boasts abundant energy and natural resources, primarily shaping the country&#8217;s current economic landscape, with a strong emphasis on the oil and gas sector. Both local and international companies in the nation are engaged in various activities, including exploration of oil and gas fields, production, processing, and transportation of oil, gas, and [&hellip;]","og_url":"https:\/\/az.moore-global.com\/az\/sectors\/oil-and-gas\/","og_site_name":"Moore Azerbaijan","article_modified_time":"2025-12-10T11:11:59+00:00","twitter_card":"summary_large_image","twitter_misc":{"T\u0259xmini oxuma vaxt\u0131":"1 d\u0259qiq\u0259"},"schema":{"@context":"https:\/\/schema.org","@graph":[{"@type":"WebPage","@id":"https:\/\/az.moore-global.com\/sectors\/oil-and-gas\/","url":"https:\/\/az.moore-global.com\/sectors\/oil-and-gas\/","name":"OIL AND GAS - Moore Azerbaijan","isPartOf":{"@id":"https:\/\/az.moore-global.com\/#website"},"datePublished":"2025-12-10T08:26:30+00:00","dateModified":"2025-12-10T11:11:59+00:00","breadcrumb":{"@id":"https:\/\/az.moore-global.com\/sectors\/oil-and-gas\/#breadcrumb"},"inLanguage":"az","potentialAction":[{"@type":"ReadAction","target":["https:\/\/az.moore-global.com\/sectors\/oil-and-gas\/"]}]},{"@type":"BreadcrumbList","@id":"https:\/\/az.moore-global.com\/sectors\/oil-and-gas\/#breadcrumb","itemListElement":[{"@type":"ListItem","position":1,"name":"Home","item":"https:\/\/az.moore-global.com\/"},{"@type":"ListItem","position":2,"name":"Sectors","item":"https:\/\/az.moore-global.com\/sectors\/"},{"@type":"ListItem","position":3,"name":"OIL AND GAS"}]},{"@type":"WebSite","@id":"https:\/\/az.moore-global.com\/#website","url":"https:\/\/az.moore-global.com\/","name":"Mur Az\u0259rbaycan","description":"Bu, Moore Azerbaijan \u00fc\u00e7\u00fcn \u0259sas saytd\u0131r","potentialAction":[{"@type":"SearchAction","target":{"@type":"EntryPoint","urlTemplate":"https:\/\/az.moore-global.com\/?s={search_term_string}"},"query-input":{"@type":"PropertyValueSpecification","valueRequired":true,"valueName":"search_term_string"}}],"inLanguage":"az"}]}},"_links":{"self":[{"href":"https:\/\/az.moore-global.com\/az\/wp-json\/wp\/v2\/pages\/243","targetHints":{"allow":["GET"]}}],"collection":[{"href":"https:\/\/az.moore-global.com\/az\/wp-json\/wp\/v2\/pages"}],"about":[{"href":"https:\/\/az.moore-global.com\/az\/wp-json\/wp\/v2\/types\/page"}],"author":[{"embeddable":true,"href":"https:\/\/az.moore-global.com\/az\/wp-json\/wp\/v2\/users\/12"}],"replies":[{"embeddable":true,"href":"https:\/\/az.moore-global.com\/az\/wp-json\/wp\/v2\/comments?post=243"}],"version-history":[{"count":0,"href":"https:\/\/az.moore-global.com\/az\/wp-json\/wp\/v2\/pages\/243\/revisions"}],"up":[{"embeddable":true,"href":"https:\/\/az.moore-global.com\/az\/wp-json\/wp\/v2\/pages\/207"}],"wp:attachment":[{"href":"https:\/\/az.moore-global.com\/az\/wp-json\/wp\/v2\/media?parent=243"}],"curies":[{"name":"wp","href":"https:\/\/api.w.org\/{rel}","templated":true}]}}