{"id":242,"date":"2025-12-10T08:26:30","date_gmt":"2025-12-10T08:26:30","guid":{"rendered":"https:\/\/moore-az.eu3.moore-global.com\/sectors\/non-bank-financial-institutions\/"},"modified":"2025-12-10T11:10:19","modified_gmt":"2025-12-10T11:10:19","slug":"non-bank-financial-institutions","status":"publish","type":"page","link":"https:\/\/az.moore-global.com\/az\/sectors\/non-bank-financial-institutions\/","title":{"rendered":"Bank olmayan maliyy\u0259 qurumlar\u0131"},"content":{"rendered":"<h1 class=\"wp-block-heading\">Bank olmayan maliyy\u0259 qurumlar\u0131<\/h1>\n\n\n\n<p>Moore Azerbaijan Az\u0259rbaycanda bank olmayan kredit t\u0259\u015fkilatlar\u0131na (BOKT) h\u0259rt\u0259r\u0259fli audit v\u0259 m\u0259sl\u0259h\u0259t xidm\u0259tl\u0259ri g\u00f6st\u0259rir. T\u0259cr\u00fcb\u0259li komandam\u0131z BOKT-l\u0259r\u0259 m\u00fcr\u0259kk\u0259b maliyy\u0259 qaydalar\u0131na riay\u0259t etm\u0259y\u0259, daxili n\u0259zar\u0259ti g\u00fccl\u0259ndirm\u0259y\u0259 v\u0259 riskl\u0259ri azaltma\u011fa k\u00f6m\u0259k edir.<br><br>Biz t\u0259klif edirik:<\/p>\n\n\n\n<ul class=\"wp-block-list\">\n<li>MHBS v\u0259 dig\u0259r t\u0259tbiq olunan standartlara uy\u011fun olaraq maliyy\u0259 hesabatlar\u0131n\u0131n auditi<\/li>\n\n\n\n<li>Potensial riskl\u0259ri m\u00fc\u0259yy\u0259n etm\u0259k v\u0259 h\u0259ll etm\u0259k \u00fc\u00e7\u00fcn daxili n\u0259zar\u0259t auditl\u0259ri<\/li>\n\n\n\n<li>M\u00fcvafiq qanun v\u0259 qaydalara riay\u0259t olunmas\u0131n\u0131 t\u0259min etm\u0259k \u00fc\u00e7\u00fcn uy\u011funluq auditl\u0259ri<\/li>\n\n\n\n<li>F\u0131r\u0131ldaq\u00e7\u0131l\u0131q ara\u015fd\u0131rmalar\u0131 kimi x\u00fcsusi narahatl\u0131qlar\u0131 h\u0259ll etm\u0259k \u00fc\u00e7\u00fcn x\u00fcsusi auditl\u0259r<\/li>\n\n\n\n<li>D\u0259qiq maliyy\u0259 hesabatlar\u0131 \u00fc\u00e7\u00fcn m\u00fchasibat u\u00e7otu v\u0259 maliyy\u0259 hesabatlar\u0131 \u00fczr\u0259 m\u0259sl\u0259h\u0259tl\u0259r<\/li>\n\n\n\n<li>Riskl\u0259ri effektiv \u015f\u0259kild\u0259 m\u00fc\u0259yy\u0259n etm\u0259k, qiym\u0259tl\u0259ndirm\u0259k v\u0259 idar\u0259 etm\u0259k \u00fc\u00e7\u00fcn riskl\u0259rin idar\u0259 edilm\u0259si \u00fczr\u0259 m\u0259sl\u0259h\u0259tl\u0259r<\/li>\n\n\n\n<li>\u015euran\u0131n effektivliyini v\u0259 riskl\u0259rin idar\u0259 edilm\u0259si t\u0259cr\u00fcb\u0259l\u0259rini art\u0131rmaq \u00fc\u00e7\u00fcn korporativ idar\u0259etm\u0259 m\u0259sl\u0259h\u0259tl\u0259ri<\/li>\n<\/ul>\n\n\n\n<p>Etibar ed\u0259 bil\u0259c\u0259yiniz audit v\u0259 uy\u011funluq t\u0259r\u0259fda\u015f\u0131 olmaq \u00fc\u00e7\u00fcn bu g\u00fcn Moore Azerbaijan il\u0259 \u0259laq\u0259 saxlay\u0131n.<\/p>","protected":false},"excerpt":{"rendered":"<p>Non-bank financial institutions Moore Azerbaijan provides comprehensive audit and advisory services to non-bank credit institutions (NBCIs) in Azerbaijan. Our experienced team helps NBCIs navigate complex financial regulations, enhance internal controls, and mitigate risks. We offer: Contact Moore Azerbaijan today to become an audit and compliance partner you can trust.<\/p>","protected":false},"author":12,"featured_media":0,"parent":207,"menu_order":0,"comment_status":"closed","ping_status":"closed","template":"","meta":{"_acf_changed":false,"footnotes":""},"class_list":["post-242","page","type-page","status-publish","hentry"],"acf":[],"yoast_head":"<!-- This site is optimized with the Yoast SEO plugin v27.3 - https:\/\/yoast.com\/product\/yoast-seo-wordpress\/ -->\n<title>Non-bank financial institutions - Moore Azerbaijan<\/title>\n<meta name=\"robots\" content=\"index, follow, max-snippet:-1, max-image-preview:large, max-video-preview:-1\" \/>\n<link rel=\"canonical\" href=\"https:\/\/az.moore-global.com\/az\/sectors\/non-bank-financial-institutions\/\" \/>\n<meta property=\"og:locale\" content=\"az_AZ\" \/>\n<meta property=\"og:type\" content=\"article\" \/>\n<meta property=\"og:title\" content=\"Non-bank financial institutions - Moore Azerbaijan\" \/>\n<meta property=\"og:description\" content=\"Non-bank financial institutions Moore Azerbaijan provides comprehensive audit and advisory services to non-bank credit institutions (NBCIs) in Azerbaijan. Our experienced team helps NBCIs navigate complex financial regulations, enhance internal controls, and mitigate risks. We offer: Contact Moore Azerbaijan today to become an audit and compliance partner you can trust.\" \/>\n<meta property=\"og:url\" content=\"https:\/\/az.moore-global.com\/az\/sectors\/non-bank-financial-institutions\/\" \/>\n<meta property=\"og:site_name\" content=\"Moore Azerbaijan\" \/>\n<meta property=\"article:modified_time\" content=\"2025-12-10T11:10:19+00:00\" \/>\n<meta name=\"twitter:card\" content=\"summary_large_image\" \/>\n<script type=\"application\/ld+json\" class=\"yoast-schema-graph\">{\"@context\":\"https:\\\/\\\/schema.org\",\"@graph\":[{\"@type\":\"WebPage\",\"@id\":\"https:\\\/\\\/az.moore-global.com\\\/sectors\\\/non-bank-financial-institutions\\\/\",\"url\":\"https:\\\/\\\/az.moore-global.com\\\/sectors\\\/non-bank-financial-institutions\\\/\",\"name\":\"Non-bank financial institutions - Moore Azerbaijan\",\"isPartOf\":{\"@id\":\"https:\\\/\\\/az.moore-global.com\\\/#website\"},\"datePublished\":\"2025-12-10T08:26:30+00:00\",\"dateModified\":\"2025-12-10T11:10:19+00:00\",\"breadcrumb\":{\"@id\":\"https:\\\/\\\/az.moore-global.com\\\/sectors\\\/non-bank-financial-institutions\\\/#breadcrumb\"},\"inLanguage\":\"az\",\"potentialAction\":[{\"@type\":\"ReadAction\",\"target\":[\"https:\\\/\\\/az.moore-global.com\\\/sectors\\\/non-bank-financial-institutions\\\/\"]}]},{\"@type\":\"BreadcrumbList\",\"@id\":\"https:\\\/\\\/az.moore-global.com\\\/sectors\\\/non-bank-financial-institutions\\\/#breadcrumb\",\"itemListElement\":[{\"@type\":\"ListItem\",\"position\":1,\"name\":\"Home\",\"item\":\"https:\\\/\\\/az.moore-global.com\\\/\"},{\"@type\":\"ListItem\",\"position\":2,\"name\":\"Sectors\",\"item\":\"https:\\\/\\\/az.moore-global.com\\\/sectors\\\/\"},{\"@type\":\"ListItem\",\"position\":3,\"name\":\"Non-bank financial institutions\"}]},{\"@type\":\"WebSite\",\"@id\":\"https:\\\/\\\/az.moore-global.com\\\/#website\",\"url\":\"https:\\\/\\\/az.moore-global.com\\\/\",\"name\":\"Moore Azerbaijan\",\"description\":\"This is the base site for Moore Azerbaijan\",\"potentialAction\":[{\"@type\":\"SearchAction\",\"target\":{\"@type\":\"EntryPoint\",\"urlTemplate\":\"https:\\\/\\\/az.moore-global.com\\\/?s={search_term_string}\"},\"query-input\":{\"@type\":\"PropertyValueSpecification\",\"valueRequired\":true,\"valueName\":\"search_term_string\"}}],\"inLanguage\":\"az\"}]}<\/script>\n<!-- \/ Yoast SEO plugin. -->","yoast_head_json":{"title":"Non-bank financial institutions - Moore Azerbaijan","robots":{"index":"index","follow":"follow","max-snippet":"max-snippet:-1","max-image-preview":"max-image-preview:large","max-video-preview":"max-video-preview:-1"},"canonical":"https:\/\/az.moore-global.com\/az\/sectors\/non-bank-financial-institutions\/","og_locale":"az_AZ","og_type":"article","og_title":"Non-bank financial institutions - Moore Azerbaijan","og_description":"Non-bank financial institutions Moore Azerbaijan provides comprehensive audit and advisory services to non-bank credit institutions (NBCIs) in Azerbaijan. Our experienced team helps NBCIs navigate complex financial regulations, enhance internal controls, and mitigate risks. We offer: Contact Moore Azerbaijan today to become an audit and compliance partner you can trust.","og_url":"https:\/\/az.moore-global.com\/az\/sectors\/non-bank-financial-institutions\/","og_site_name":"Moore Azerbaijan","article_modified_time":"2025-12-10T11:10:19+00:00","twitter_card":"summary_large_image","schema":{"@context":"https:\/\/schema.org","@graph":[{"@type":"WebPage","@id":"https:\/\/az.moore-global.com\/sectors\/non-bank-financial-institutions\/","url":"https:\/\/az.moore-global.com\/sectors\/non-bank-financial-institutions\/","name":"Non-bank financial institutions - Moore Azerbaijan","isPartOf":{"@id":"https:\/\/az.moore-global.com\/#website"},"datePublished":"2025-12-10T08:26:30+00:00","dateModified":"2025-12-10T11:10:19+00:00","breadcrumb":{"@id":"https:\/\/az.moore-global.com\/sectors\/non-bank-financial-institutions\/#breadcrumb"},"inLanguage":"az","potentialAction":[{"@type":"ReadAction","target":["https:\/\/az.moore-global.com\/sectors\/non-bank-financial-institutions\/"]}]},{"@type":"BreadcrumbList","@id":"https:\/\/az.moore-global.com\/sectors\/non-bank-financial-institutions\/#breadcrumb","itemListElement":[{"@type":"ListItem","position":1,"name":"Home","item":"https:\/\/az.moore-global.com\/"},{"@type":"ListItem","position":2,"name":"Sectors","item":"https:\/\/az.moore-global.com\/sectors\/"},{"@type":"ListItem","position":3,"name":"Non-bank financial institutions"}]},{"@type":"WebSite","@id":"https:\/\/az.moore-global.com\/#website","url":"https:\/\/az.moore-global.com\/","name":"Mur Az\u0259rbaycan","description":"Bu, Moore Azerbaijan \u00fc\u00e7\u00fcn \u0259sas saytd\u0131r","potentialAction":[{"@type":"SearchAction","target":{"@type":"EntryPoint","urlTemplate":"https:\/\/az.moore-global.com\/?s={search_term_string}"},"query-input":{"@type":"PropertyValueSpecification","valueRequired":true,"valueName":"search_term_string"}}],"inLanguage":"az"}]}},"_links":{"self":[{"href":"https:\/\/az.moore-global.com\/az\/wp-json\/wp\/v2\/pages\/242","targetHints":{"allow":["GET"]}}],"collection":[{"href":"https:\/\/az.moore-global.com\/az\/wp-json\/wp\/v2\/pages"}],"about":[{"href":"https:\/\/az.moore-global.com\/az\/wp-json\/wp\/v2\/types\/page"}],"author":[{"embeddable":true,"href":"https:\/\/az.moore-global.com\/az\/wp-json\/wp\/v2\/users\/12"}],"replies":[{"embeddable":true,"href":"https:\/\/az.moore-global.com\/az\/wp-json\/wp\/v2\/comments?post=242"}],"version-history":[{"count":0,"href":"https:\/\/az.moore-global.com\/az\/wp-json\/wp\/v2\/pages\/242\/revisions"}],"up":[{"embeddable":true,"href":"https:\/\/az.moore-global.com\/az\/wp-json\/wp\/v2\/pages\/207"}],"wp:attachment":[{"href":"https:\/\/az.moore-global.com\/az\/wp-json\/wp\/v2\/media?parent=242"}],"curies":[{"name":"wp","href":"https:\/\/api.w.org\/{rel}","templated":true}]}}