{"id":241,"date":"2025-12-10T08:26:30","date_gmt":"2025-12-10T08:26:30","guid":{"rendered":"https:\/\/moore-az.eu3.moore-global.com\/sectors\/manufacturing-2\/"},"modified":"2025-12-10T11:09:26","modified_gmt":"2025-12-10T11:09:26","slug":"manufacturing-2","status":"publish","type":"page","link":"https:\/\/az.moore-global.com\/az\/sectors\/manufacturing-2\/","title":{"rendered":"\u0130STEHSAL"},"content":{"rendered":"<h1 class=\"wp-block-heading\">\u0130stehsalat<\/h1>\n\n\n\n<p>Az\u0259rbaycan\u0131n Avropa il\u0259 Asiya aras\u0131nda k\u00f6rp\u00fc kimi strateji m\u00f6vqeyi istehsal sektoruna daxil olan investorlar \u00fc\u00e7\u00fcn \u00e7oxsayl\u0131 \u00fcst\u00fcnl\u00fckl\u0259r t\u0259qdim edir.<br>Xidm\u0259tl\u0259rimiz m\u00fc\u015ft\u0259ril\u0259rin miqyas\u0131n\u0131, s\u0259nayesini v\u0259 x\u00fcsusi t\u0259nziml\u0259m\u0259 t\u0259l\u0259bl\u0259rini n\u0259z\u0259r\u0259 alaraq, onlar\u0131n f\u0259rdi ehtiyaclar\u0131na uy\u011funla\u015fd\u0131r\u0131l\u0131r.<\/p>","protected":false},"excerpt":{"rendered":"<p>Manufacturing Azerbaijan&#8217;s strategic positioning as a bridge between Europe and Asia offers numerous advantages for investors venturing into the manufacturing sector.Our services are customized to suit the individual needs of clients, accounting for their scale, industry, and specific regulatory demands.<\/p>","protected":false},"author":12,"featured_media":0,"parent":207,"menu_order":0,"comment_status":"closed","ping_status":"closed","template":"","meta":{"_acf_changed":false,"footnotes":""},"class_list":["post-241","page","type-page","status-publish","hentry"],"acf":[],"yoast_head":"<!-- This site is optimized with the Yoast SEO plugin v27.3 - https:\/\/yoast.com\/product\/yoast-seo-wordpress\/ -->\n<title>MANUFACTURING - Moore Azerbaijan<\/title>\n<meta name=\"robots\" content=\"index, follow, max-snippet:-1, max-image-preview:large, max-video-preview:-1\" \/>\n<link rel=\"canonical\" href=\"https:\/\/az.moore-global.com\/az\/sectors\/manufacturing-2\/\" \/>\n<meta property=\"og:locale\" content=\"az_AZ\" \/>\n<meta property=\"og:type\" content=\"article\" \/>\n<meta property=\"og:title\" content=\"MANUFACTURING - Moore Azerbaijan\" \/>\n<meta property=\"og:description\" content=\"Manufacturing Azerbaijan&#8217;s strategic positioning as a bridge between Europe and Asia offers numerous advantages for investors venturing into the manufacturing sector.Our services are customized to suit the individual needs of clients, accounting for their scale, industry, and specific regulatory demands.\" \/>\n<meta property=\"og:url\" content=\"https:\/\/az.moore-global.com\/az\/sectors\/manufacturing-2\/\" \/>\n<meta property=\"og:site_name\" content=\"Moore Azerbaijan\" \/>\n<meta property=\"article:modified_time\" content=\"2025-12-10T11:09:26+00:00\" \/>\n<meta name=\"twitter:card\" content=\"summary_large_image\" \/>\n<script type=\"application\/ld+json\" class=\"yoast-schema-graph\">{\"@context\":\"https:\\\/\\\/schema.org\",\"@graph\":[{\"@type\":\"WebPage\",\"@id\":\"https:\\\/\\\/az.moore-global.com\\\/sectors\\\/manufacturing-2\\\/\",\"url\":\"https:\\\/\\\/az.moore-global.com\\\/sectors\\\/manufacturing-2\\\/\",\"name\":\"MANUFACTURING - Moore Azerbaijan\",\"isPartOf\":{\"@id\":\"https:\\\/\\\/az.moore-global.com\\\/#website\"},\"datePublished\":\"2025-12-10T08:26:30+00:00\",\"dateModified\":\"2025-12-10T11:09:26+00:00\",\"breadcrumb\":{\"@id\":\"https:\\\/\\\/az.moore-global.com\\\/sectors\\\/manufacturing-2\\\/#breadcrumb\"},\"inLanguage\":\"az\",\"potentialAction\":[{\"@type\":\"ReadAction\",\"target\":[\"https:\\\/\\\/az.moore-global.com\\\/sectors\\\/manufacturing-2\\\/\"]}]},{\"@type\":\"BreadcrumbList\",\"@id\":\"https:\\\/\\\/az.moore-global.com\\\/sectors\\\/manufacturing-2\\\/#breadcrumb\",\"itemListElement\":[{\"@type\":\"ListItem\",\"position\":1,\"name\":\"Home\",\"item\":\"https:\\\/\\\/az.moore-global.com\\\/\"},{\"@type\":\"ListItem\",\"position\":2,\"name\":\"Sectors\",\"item\":\"https:\\\/\\\/az.moore-global.com\\\/sectors\\\/\"},{\"@type\":\"ListItem\",\"position\":3,\"name\":\"MANUFACTURING\"}]},{\"@type\":\"WebSite\",\"@id\":\"https:\\\/\\\/az.moore-global.com\\\/#website\",\"url\":\"https:\\\/\\\/az.moore-global.com\\\/\",\"name\":\"Moore Azerbaijan\",\"description\":\"This is the base site for Moore Azerbaijan\",\"potentialAction\":[{\"@type\":\"SearchAction\",\"target\":{\"@type\":\"EntryPoint\",\"urlTemplate\":\"https:\\\/\\\/az.moore-global.com\\\/?s={search_term_string}\"},\"query-input\":{\"@type\":\"PropertyValueSpecification\",\"valueRequired\":true,\"valueName\":\"search_term_string\"}}],\"inLanguage\":\"az\"}]}<\/script>\n<!-- \/ Yoast SEO plugin. -->","yoast_head_json":{"title":"MANUFACTURING - Moore Azerbaijan","robots":{"index":"index","follow":"follow","max-snippet":"max-snippet:-1","max-image-preview":"max-image-preview:large","max-video-preview":"max-video-preview:-1"},"canonical":"https:\/\/az.moore-global.com\/az\/sectors\/manufacturing-2\/","og_locale":"az_AZ","og_type":"article","og_title":"MANUFACTURING - Moore Azerbaijan","og_description":"Manufacturing Azerbaijan&#8217;s strategic positioning as a bridge between Europe and Asia offers numerous advantages for investors venturing into the manufacturing sector.Our services are customized to suit the individual needs of clients, accounting for their scale, industry, and specific regulatory demands.","og_url":"https:\/\/az.moore-global.com\/az\/sectors\/manufacturing-2\/","og_site_name":"Moore Azerbaijan","article_modified_time":"2025-12-10T11:09:26+00:00","twitter_card":"summary_large_image","schema":{"@context":"https:\/\/schema.org","@graph":[{"@type":"WebPage","@id":"https:\/\/az.moore-global.com\/sectors\/manufacturing-2\/","url":"https:\/\/az.moore-global.com\/sectors\/manufacturing-2\/","name":"MANUFACTURING - Moore Azerbaijan","isPartOf":{"@id":"https:\/\/az.moore-global.com\/#website"},"datePublished":"2025-12-10T08:26:30+00:00","dateModified":"2025-12-10T11:09:26+00:00","breadcrumb":{"@id":"https:\/\/az.moore-global.com\/sectors\/manufacturing-2\/#breadcrumb"},"inLanguage":"az","potentialAction":[{"@type":"ReadAction","target":["https:\/\/az.moore-global.com\/sectors\/manufacturing-2\/"]}]},{"@type":"BreadcrumbList","@id":"https:\/\/az.moore-global.com\/sectors\/manufacturing-2\/#breadcrumb","itemListElement":[{"@type":"ListItem","position":1,"name":"Home","item":"https:\/\/az.moore-global.com\/"},{"@type":"ListItem","position":2,"name":"Sectors","item":"https:\/\/az.moore-global.com\/sectors\/"},{"@type":"ListItem","position":3,"name":"MANUFACTURING"}]},{"@type":"WebSite","@id":"https:\/\/az.moore-global.com\/#website","url":"https:\/\/az.moore-global.com\/","name":"Mur Az\u0259rbaycan","description":"Bu, Moore Azerbaijan \u00fc\u00e7\u00fcn \u0259sas saytd\u0131r","potentialAction":[{"@type":"SearchAction","target":{"@type":"EntryPoint","urlTemplate":"https:\/\/az.moore-global.com\/?s={search_term_string}"},"query-input":{"@type":"PropertyValueSpecification","valueRequired":true,"valueName":"search_term_string"}}],"inLanguage":"az"}]}},"_links":{"self":[{"href":"https:\/\/az.moore-global.com\/az\/wp-json\/wp\/v2\/pages\/241","targetHints":{"allow":["GET"]}}],"collection":[{"href":"https:\/\/az.moore-global.com\/az\/wp-json\/wp\/v2\/pages"}],"about":[{"href":"https:\/\/az.moore-global.com\/az\/wp-json\/wp\/v2\/types\/page"}],"author":[{"embeddable":true,"href":"https:\/\/az.moore-global.com\/az\/wp-json\/wp\/v2\/users\/12"}],"replies":[{"embeddable":true,"href":"https:\/\/az.moore-global.com\/az\/wp-json\/wp\/v2\/comments?post=241"}],"version-history":[{"count":0,"href":"https:\/\/az.moore-global.com\/az\/wp-json\/wp\/v2\/pages\/241\/revisions"}],"up":[{"embeddable":true,"href":"https:\/\/az.moore-global.com\/az\/wp-json\/wp\/v2\/pages\/207"}],"wp:attachment":[{"href":"https:\/\/az.moore-global.com\/az\/wp-json\/wp\/v2\/media?parent=241"}],"curies":[{"name":"wp","href":"https:\/\/api.w.org\/{rel}","templated":true}]}}