{"id":240,"date":"2025-12-10T08:26:29","date_gmt":"2025-12-10T08:26:29","guid":{"rendered":"https:\/\/moore-az.eu3.moore-global.com\/sectors\/construction-2\/"},"modified":"2025-12-10T11:08:35","modified_gmt":"2025-12-10T11:08:35","slug":"construction-2","status":"publish","type":"page","link":"https:\/\/az.moore-global.com\/az\/sectors\/construction-2\/","title":{"rendered":"Tikinti"},"content":{"rendered":"<h2 class=\"wp-block-heading alignwide\" id=\"we-re-a-studio-in-berlin-with-an-international-practice-in-architecture-urban-planning-and-interior-design-we-believe-in-sharing-knowledge-and-promoting-dialogue-to-increase-the-creative-potential-of-collaboration\" style=\"font-size:48px;line-height:1.1\">Tikinti<\/h2>\n\n\n\n<p>Tikinti sektoru tarix\u0259n iqtisadi canlanma barometrind\u0259 ilkin g\u00f6st\u0259rici olmu\u015fdur. Bununla bel\u0259, bu g\u00f6st\u0259ricinin s\u00fcr\u0259tl\u0259ndirilm\u0259sinin g\u00f6zl\u0259nil\u0259nd\u0259n daha uzun inki\u015faf m\u00fcdd\u0259tin\u0259 g\u00f6r\u0259 m\u0259hdudla\u015fd\u0131r\u0131laca\u011f\u0131 il\u0259 ba\u011fl\u0131 narahatl\u0131q var. Sektor bacar\u0131q \u00e7at\u0131\u015fmazl\u0131\u011f\u0131n\u0131n t\u0259sirind\u0259n tutmu\u015f tenderl\u0259r \u00fc\u00e7\u00fcn sat\u0131nalmalar\u0131n qeyri-davaml\u0131 x\u0259rcl\u0259rin\u0259 q\u0259d\u0259r bir \u00e7ox probleml\u0259rl\u0259 \u00fczl\u0259\u015fir \u2013 burada \u2018intihar\u2019 tenderl\u0259ri daimi i\u015f\u00e7i hey\u0259ti v\u0259 y\u00fcks\u0259k qaim\u0259 m\u0259sr\u0259fl\u0259ri olan \u015firk\u0259tl\u0259rin sad\u0259c\u0259 uy\u011fun g\u0259l\u0259 bilm\u0259y\u0259c\u0259yi m\u00fcnt\u0259z\u0259m hadis\u0259dir. Maliyy\u0259l\u0259\u015fdirm\u0259 d\u0259, x\u00fcsusil\u0259 inki\u015faf d\u00f6vr\u00fcn\u00fcn \u0259vv\u0259lind\u0259 problem olaraq qal\u0131r. \u018fn\u0259n\u0259vi kreditorlar h\u0259l\u0259 d\u0259 riskd\u0259n \u00e7\u0259kinirl\u0259r v\u0259 t\u0259rtibat\u00e7\u0131lar dig\u0259r maliyy\u0259 m\u0259nb\u0259l\u0259rin\u0259 kredit maliyy\u0259sind\u0259n k\u0259nara baxmal\u0131 v\u0259 alternativ maliyy\u0259\u00e7il\u0259rin daim d\u0259yi\u015f\u0259n m\u0259nz\u0259r\u0259si v\u0259 vergi kreditl\u0259ri v\u0259 qrantlar t\u0259l\u0259b etm\u0259k imkanlar\u0131 il\u0259 tan\u0131\u015f olmal\u0131d\u0131rlar.<\/p>\n\n\n<style id=\"strategiq-post-carousel-style\">.block-post-carousel{padding:1.5rem 0 1.5rem 0;margin:0 var(--grid)}@media (min-width: 768px){.block-post-carousel{padding:2.5rem 0 0 0}}.block-post-carousel--small .block-post-carousel__heading{font-size:24px;text-transform:none}@media only screen and (min-width: 320px){.block-post-carousel--small .block-post-carousel__heading{font-size:calc(24px + 16 * (100vw - 320px) \/ (1440 - 320))}}@media only screen and (min-width: 1440px){.block-post-carousel--small .block-post-carousel__heading{font-size:40px}}.block-post-carousel--small .swiper{padding-left:1rem}@media (min-width: 768px){.block-post-carousel--small .swiper{padding-left:5.125rem}}.block-post-carousel--small .swiper:not(.swiper-initialized) .swiper-slide{width:400px;margin-right:24px}.block-post-carousel--less-than:not(.block-post-carousel--small) .block-post-carousel__wrapper{padding:1.5rem 0 1.5rem 0}@media (min-width: 769px){.block-post-carousel--less-than:not(.block-post-carousel--small) .block-post-carousel__wrapper{padding:0 83px}}.block-post-carousel--less-than:not(.block-post-carousel--small) .block-post-carousel__heading-wrapper{padding:0}@media (min-width: 769px){.block-post-carousel--less-than:not(.block-post-carousel--small) .block-post-carousel__heading-wrapper{padding:0 0 0 83px}}.block-post-carousel--less-than:not(.block-post-carousel--small) .block-post-carousel__view-all{padding:0}@media (min-width: 769px){.block-post-carousel--less-than:not(.block-post-carousel--small) .block-post-carousel__view-all{padding:0 83px 0 0}}@media (min-width: 769px){.block-post-carousel--less-than:not(.block-post-carousel--small) .container{padding:0}}@media (min-width: 769px){.block-post-carousel--less-than:not(.block-post-carousel--small) .swiper{padding-bottom:24px}}.block-post-carousel--less-than:not(.block-post-carousel--small) .swiper .slider-navigation{display:none}.block-post-carousel .swiper{opacity:0;-webkit-transition:opacity .3s ease-in;transition:opacity .3s ease-in;overflow:visible}.block-post-carousel .swiper.swiper-initialized{opacity:1}.block-post-carousel .swiper:not(.swiper-initialized){opacity:1}.block-post-carousel .swiper:not(.swiper-initialized) .swiper-slide{width:420px;margin-right:24px;max-width:100%}@media (min-width: 768px){.block-post-carousel--single .swiper:not(.swiper-initialized) .swiper-slide{width:100%}.block-post-carousel--single .swiper:not(.swiper-initialized) .swiper-slide .post-card{-webkit-box-orient:horizontal;-webkit-box-direction:normal;-ms-flex-direction:row;flex-direction:row;max-height:568px}.block-post-carousel--single .swiper:not(.swiper-initialized) .swiper-slide .post-card .post-card__row{width:50%}.block-post-carousel--single .swiper:not(.swiper-initialized) .swiper-slide .post-card .post-card__content-header{width:100%}.block-post-carousel--single .swiper:not(.swiper-initialized) .swiper-slide .post-card .post-card__title{text-wrap:auto}.block-post-carousel--single .swiper:not(.swiper-initialized) .swiper-slide .post-card .post-card__image{height:100%}.block-post-carousel--single .swiper:not(.swiper-initialized) .swiper-slide .post-card .post-card__meta-row{-webkit-box-pack:center;-ms-flex-pack:center;justify-content:center;-webkit-box-align:center;-ms-flex-align:center;align-items:center;-webkit-box-sizing:border-box;box-sizing:border-box}}@media (min-width: 768px) and (min-width: 1200px){.block-post-carousel--single .swiper:not(.swiper-initialized) .swiper-slide .post-card .post-card__meta-row{padding:1.5rem 8.75rem}}@media (min-width: 768px){.block-post-carousel--single .swiper:not(.swiper-initialized) .swiper-slide .post-card .post-card__content-meta-row{margin-top:0;width:100%}.block-post-carousel--single .swiper:not(.swiper-initialized) .swiper-slide .post-card .post-card__image-row{overflow:hidden}.block-post-carousel--single .swiper:not(.swiper-initialized) .swiper-slide .post-card .post-card__image-row picture:after{background:-webkit-gradient(linear, left top, right top, from(rgba(2,33,46,0)), to(#02212E));background:linear-gradient(90deg, rgba(2,33,46,0) 0%, #02212E 100%)}}.block-post-carousel .post-card{position:relative}.block-post-carousel .post-card img{-webkit-transform:none;transform:none}.block-post-carousel.has-background:not(.has-light-blue-background-color):not(.has-white-background-color) .block-post-carousel__heading,.block-post-carousel.has-background:not(.has-light-blue-background-color):not(.has-white-background-color) .block-post-carousel__view-all a{color:#fff}.block-post-carousel.has-background:not(.has-light-blue-background-color):not(.has-white-background-color) .post-card__meta li{color:#fff}.block-post-carousel.has-background:not(.has-light-blue-background-color):not(.has-white-background-color) .slider-navigation{border-top:1px solid rgba(255,255,255,0.3);border-bottom:1px solid rgba(255,255,255,0.3)}.block-post-carousel.has-background:not(.has-light-blue-background-color):not(.has-white-background-color) .slider-navigation .slider-button:hover{background-color:#B6E635}.block-post-carousel.has-background:not(.has-light-blue-background-color):not(.has-white-background-color) .slider-navigation .slider-button:hover svg,.block-post-carousel.has-background:not(.has-light-blue-background-color):not(.has-white-background-color) .slider-navigation .slider-button:hover path{stroke:#02212E}.block-post-carousel.has-background:not(.has-light-blue-background-color):not(.has-white-background-color) .slider-navigation{color:#fff}.block-post-carousel.has-background:not(.has-light-blue-background-color):not(.has-white-background-color) .slider-navigation .slider-pagination{font-variant-numeric:tabular-nums}.block-post-carousel.has-background:not(.has-light-blue-background-color):not(.has-white-background-color) .slider-navigation .slider-pagination__line{background-color:#fff}.block-post-carousel.has-background:not(.has-light-blue-background-color):not(.has-white-background-color) .swiper-slide{border:1px solid rgba(255,255,255,0.1)}.block-post-carousel.has-background:not(.has-light-blue-background-color):not(.has-white-background-color) .swiper-slide .post-card{background-color:rgba(2,33,46,0.4);border:8px solid #02212E;color:#fff}.block-post-carousel.has-background:not(.has-light-blue-background-color):not(.has-white-background-color) .swiper-slide .post-card__category{color:#fff}.block-post-carousel.has-background:not(.has-light-blue-background-color):not(.has-white-background-color) .swiper-slide .post-card.post-card--intelligence picture{width:100%;left:0;top:0;bottom:0}.block-post-carousel.has-background:not(.has-light-blue-background-color):not(.has-white-background-color) .swiper-slide .post-card:hover .post-card__title{color:#fff}.block-post-carousel.has-background.has-primary-background-color .swiper-slide .post-card{border-color:rgba(255,255,255,0.3)}.block-post-carousel.has-background.has-primary-background-color .post-card--event .post-card__title{--text-color: var(--white)}.block-post-carousel.has-background.has-primary-background-color .post-card--event .post-card__meta-row{background:linear-gradient(104.69deg, #552E91 36.21%, #2CAAE1 102.72%);color:#fff}.block-post-carousel.has-background.has-primary-background-color .post-card--event .post-card__meta-row .post-card__author,.block-post-carousel.has-background.has-primary-background-color .post-card--event .post-card__meta-row .post-card__date,.block-post-carousel.has-background.has-primary-background-color .post-card--event .post-card__meta-row .post-card__category,.block-post-carousel.has-background.has-primary-background-color .post-card--event .post-card__meta-row .post-card__content-meta-row ul li{color:#fff}.block-post-carousel.has-background.has-primary-background-color .post-card--event:hover .post-card__title{color:#fff}.block-post-carousel__heading-wrapper{margin-bottom:1rem}.block-post-carousel__heading{color:#02212E;font-family:Montserrat;font-size:24px;text-transform:uppercase;display:inline}.block-post-carousel__icon{display:inline;vertical-align:middle;margin-left:1rem}.block-post-carousel__view-all{padding-bottom:2rem}@media (min-width: 768px){.block-post-carousel__view-all{padding-bottom:0;-webkit-box-align:center;-ms-flex-align:center;align-items:center;display:-webkit-box;display:-ms-flexbox;display:flex;-webkit-box-pack:end;-ms-flex-pack:end;justify-content:flex-end;height:100%;vertical-align:middle}}.block-post-carousel__view-all a{text-decoration:none;font-size:20px;padding-bottom:5px;display:inline-block}.block-post-carousel__view-all a:after{content:'';width:100%;height:1px;background-color:#00AEEF;display:block;margin-top:5px;-webkit-transition:width 0.3s ease-in-out;transition:width 0.3s ease-in-out;margin:0 auto}.block-post-carousel__view-all a:hover{text-shadow:0 0 1px #02212E}.block-post-carousel__view-all a:hover:after{width:60%}.block-post-carousel .swiper-slide{height:auto;-webkit-transition:-webkit-transform 0.3s ease-in-out;transition:-webkit-transform 0.3s ease-in-out;transition:transform 0.3s ease-in-out;transition:transform 0.3s ease-in-out, -webkit-transform 0.3s ease-in-out}.block-post-carousel .swiper-slide:hover{-webkit-transform:translateY(-10px);transform:translateY(-10px)}.block-post-carousel .swiper-slide__inner{min-height:300px;position:relative}.block-post-carousel .swiper-slide .post-card--large{border:9px solid rgba(2,33,46,0.1);min-height:425px;height:calc(100% - 18px);width:calc(100% - 18px)}@media (min-width: 992px){.block-post-carousel .swiper-slide .post-card--large{min-height:567px}}.block-post-carousel .swiper-slide .post-card--large.post-card--post .post-card__title{--text-color: var(--white)}.block-post-carousel .swiper-slide .post-card--large.post-card--post .post-card__meta-row{background:linear-gradient(104.69deg, #552E91 36.21%, #2CAAE1 102.72%);color:#fff}.block-post-carousel .swiper-slide .post-card--large.post-card--post .post-card__meta-row .post-card__author,.block-post-carousel .swiper-slide .post-card--large.post-card--post .post-card__meta-row .post-card__date,.block-post-carousel .swiper-slide .post-card--large.post-card--post .post-card__meta-row .post-card__category{color:#fff}.block-post-carousel .swiper-slide .post-card--large.post-card--post:hover .post-card__title{color:#fff}.block-post-carousel .swiper-slide .post-card--large.post-card--intelligence .post-card__title{--text-color: var(--white)}.block-post-carousel .swiper-slide .post-card--large.post-card--intelligence .post-card__image-row{aspect-ratio:149 \/ 95}.block-post-carousel .swiper-slide .post-card--large.post-card--intelligence .post-card__image-row picture{aspect-ratio:447 \/ 569;position:absolute;top:0;bottom:0;width:100%;height:100%}@media (min-width: 1600px){.block-post-carousel .swiper-slide .post-card--large.post-card--intelligence .post-card__image-row picture{aspect-ratio:430 \/ 600}}.block-post-carousel .swiper-slide .post-card--large.post-card--intelligence .post-card__image-row picture:after{content:'';position:absolute;top:0;left:0;width:100%;height:100%;background:-webkit-gradient(linear, left top, left bottom, from(rgba(2,33,46,0)), to(#02212E));background:linear-gradient(180deg, rgba(2,33,46,0) 0%, #02212E 100%)}.block-post-carousel .swiper-slide .post-card--large.post-card--intelligence .post-card__meta-row{z-index:1;position:relative}.block-post-carousel .swiper-slide .post-card--large.post-card--intelligence .post-card__author,.block-post-carousel .swiper-slide .post-card--large.post-card--intelligence .post-card__date,.block-post-carousel .swiper-slide .post-card--large.post-card--intelligence .post-card__category{color:#fff}.block-post-carousel .swiper-slide .post-card--large.post-card--intelligence:hover .post-card__title{color:#fff}.block-post-carousel .swiper-slide .post-card--large .post-card__image{width:auto;aspect-ratio:149 \/ 95;border:none;margin-bottom:0}.block-post-carousel .swiper-slide .post-card--large .post-card__meta-row{padding:1.5rem;display:-webkit-box;display:-ms-flexbox;display:flex;width:auto;height:100%}.block-post-carousel .swiper-slide .post-card--large .post-card__category{margin-bottom:1rem;font-weight:600}.block-post-carousel .swiper-slide .post-card--large .post-card__title{font-size:24px}@media only screen and (min-width: 320px){.block-post-carousel .swiper-slide .post-card--large .post-card__title{font-size:calc(24px + 8 * (100vw - 320px) \/ (1440 - 320))}}@media only screen and (min-width: 1440px){.block-post-carousel .swiper-slide .post-card--large .post-card__title{font-size:32px}}.block-post-carousel .swiper-slide .post-card--large .post-card__content{margin-bottom:1.5rem}.block-post-carousel .swiper-slide .post-card--large .post-card__author{font-weight:500;padding-right:1.5rem}.block-post-carousel .swiper-slide .post-card--large .post-card__author,.block-post-carousel .swiper-slide .post-card--large .post-card__date{font-size:14px}.block-post-carousel .swiper-slide .post-card--large .post-card__date{padding-left:0}.block-post-carousel .swiper-slide .post-card--large .post-card__content-meta-row{-webkit-box-orient:horizontal;-webkit-box-direction:normal;-ms-flex-direction:row;flex-direction:row}.block-post-carousel.block-post-carousel--border-dark .swiper-slide .post-card--large{border:9px solid rgba(2,33,46,0.4)}.block-post-carousel.block-post-carousel--border-dark .swiper-slide .post-card--large--event{border-width:8px;border-color:#D9D9D9}.block-post-carousel .slider-navigation{width:98px;width:100%;-webkit-box-pack:end;-ms-flex-pack:end;justify-content:flex-end;padding-right:90px;margin-top:24px;padding:0 90px;border-top:1px solid #D9D9D9;display:none}@media (min-width: 768px){.block-post-carousel .slider-navigation{display:-webkit-box;display:-ms-flexbox;display:flex}}.block-post-carousel .slider-navigation .slider-button{background-color:#E8E8E8;padding:.9375rem 1.25rem;cursor:pointer;height:50px}.block-post-carousel .slider-navigation .slider-button:hover{background-color:#00AEEF}.block-post-carousel .slider-navigation .slider-button:hover svg,.block-post-carousel .slider-navigation .slider-button:hover path{stroke:#fff}.block-post-carousel .slider-navigation .slider-button--next svg{-webkit-transform:rotate(180deg);transform:rotate(180deg)}.block-post-carousel .slider-navigation .slider-pagination{position:relative;display:-webkit-box;display:-ms-flexbox;display:flex;bottom:0;-webkit-box-align:center;-ms-flex-align:center;align-items:center;font-size:16px;padding:12px 0}.block-post-carousel .slider-navigation .slider-pagination__line{position:relative;display:inline-block;content:'';width:22px;height:1px;background-color:#02212E;margin:0 12px}@media (min-width: 768px){.block-post-carousel .button-wrapper{display:-webkit-box;display:-ms-flexbox;display:flex;-webkit-box-pack:end;-ms-flex-pack:end;justify-content:flex-end}}.block-section-wrap .block-post-carousel .swiper{padding-left:0}\n\n\/*# sourceMappingURL=block-post-carousel.css.map *\/\n<\/style>\n\n\n\n\n\n\n\n\n\n\n\n\n\n\n\n<p><\/p>","protected":false},"excerpt":{"rendered":"<p>Construction The construction sector has, historically, been an early indicator in the barometer of economic recovery. However, there is a concern that this indicator\u2019s acceleration will be limited due to longer than expected development times. The sector faces many issues from the impact of the skills shortage, to the unsustainable cost of procurement for tenders [&hellip;]<\/p>\n","protected":false},"author":12,"featured_media":0,"parent":207,"menu_order":0,"comment_status":"closed","ping_status":"closed","template":"","meta":{"_acf_changed":true,"footnotes":""},"class_list":["post-240","page","type-page","status-publish","hentry"],"acf":[],"yoast_head":"<!-- This site is optimized with the Yoast SEO plugin v27.3 - https:\/\/yoast.com\/product\/yoast-seo-wordpress\/ -->\n<title>Construction - Moore Azerbaijan<\/title>\n<meta name=\"robots\" content=\"index, follow, max-snippet:-1, max-image-preview:large, max-video-preview:-1\" \/>\n<link rel=\"canonical\" href=\"https:\/\/az.moore-global.com\/az\/sectors\/construction-2\/\" \/>\n<meta property=\"og:locale\" content=\"az_AZ\" \/>\n<meta property=\"og:type\" content=\"article\" \/>\n<meta property=\"og:title\" content=\"Construction - Moore Azerbaijan\" \/>\n<meta property=\"og:description\" content=\"Construction The construction sector has, historically, been an early indicator in the barometer of economic recovery. However, there is a concern that this indicator\u2019s acceleration will be limited due to longer than expected development times. The sector faces many issues from the impact of the skills shortage, to the unsustainable cost of procurement for tenders [&hellip;]\" \/>\n<meta property=\"og:url\" content=\"https:\/\/az.moore-global.com\/az\/sectors\/construction-2\/\" \/>\n<meta property=\"og:site_name\" content=\"Moore Azerbaijan\" \/>\n<meta property=\"article:modified_time\" content=\"2025-12-10T11:08:35+00:00\" \/>\n<meta name=\"twitter:card\" content=\"summary_large_image\" \/>\n<meta name=\"twitter:label1\" content=\"T\u0259xmini oxuma vaxt\u0131\" \/>\n\t<meta name=\"twitter:data1\" content=\"1 d\u0259qiq\u0259\" \/>\n<script type=\"application\/ld+json\" class=\"yoast-schema-graph\">{\"@context\":\"https:\\\/\\\/schema.org\",\"@graph\":[{\"@type\":\"WebPage\",\"@id\":\"https:\\\/\\\/az.moore-global.com\\\/sectors\\\/construction-2\\\/\",\"url\":\"https:\\\/\\\/az.moore-global.com\\\/sectors\\\/construction-2\\\/\",\"name\":\"Construction - Moore Azerbaijan\",\"isPartOf\":{\"@id\":\"https:\\\/\\\/az.moore-global.com\\\/#website\"},\"datePublished\":\"2025-12-10T08:26:29+00:00\",\"dateModified\":\"2025-12-10T11:08:35+00:00\",\"breadcrumb\":{\"@id\":\"https:\\\/\\\/az.moore-global.com\\\/sectors\\\/construction-2\\\/#breadcrumb\"},\"inLanguage\":\"az\",\"potentialAction\":[{\"@type\":\"ReadAction\",\"target\":[\"https:\\\/\\\/az.moore-global.com\\\/sectors\\\/construction-2\\\/\"]}]},{\"@type\":\"BreadcrumbList\",\"@id\":\"https:\\\/\\\/az.moore-global.com\\\/sectors\\\/construction-2\\\/#breadcrumb\",\"itemListElement\":[{\"@type\":\"ListItem\",\"position\":1,\"name\":\"Home\",\"item\":\"https:\\\/\\\/az.moore-global.com\\\/\"},{\"@type\":\"ListItem\",\"position\":2,\"name\":\"Sectors\",\"item\":\"https:\\\/\\\/az.moore-global.com\\\/sectors\\\/\"},{\"@type\":\"ListItem\",\"position\":3,\"name\":\"Construction\"}]},{\"@type\":\"WebSite\",\"@id\":\"https:\\\/\\\/az.moore-global.com\\\/#website\",\"url\":\"https:\\\/\\\/az.moore-global.com\\\/\",\"name\":\"Moore Azerbaijan\",\"description\":\"This is the base site for Moore Azerbaijan\",\"potentialAction\":[{\"@type\":\"SearchAction\",\"target\":{\"@type\":\"EntryPoint\",\"urlTemplate\":\"https:\\\/\\\/az.moore-global.com\\\/?s={search_term_string}\"},\"query-input\":{\"@type\":\"PropertyValueSpecification\",\"valueRequired\":true,\"valueName\":\"search_term_string\"}}],\"inLanguage\":\"az\"}]}<\/script>\n<!-- \/ Yoast SEO plugin. -->","yoast_head_json":{"title":"Construction - Moore Azerbaijan","robots":{"index":"index","follow":"follow","max-snippet":"max-snippet:-1","max-image-preview":"max-image-preview:large","max-video-preview":"max-video-preview:-1"},"canonical":"https:\/\/az.moore-global.com\/az\/sectors\/construction-2\/","og_locale":"az_AZ","og_type":"article","og_title":"Construction - Moore Azerbaijan","og_description":"Construction The construction sector has, historically, been an early indicator in the barometer of economic recovery. However, there is a concern that this indicator\u2019s acceleration will be limited due to longer than expected development times. The sector faces many issues from the impact of the skills shortage, to the unsustainable cost of procurement for tenders [&hellip;]","og_url":"https:\/\/az.moore-global.com\/az\/sectors\/construction-2\/","og_site_name":"Moore Azerbaijan","article_modified_time":"2025-12-10T11:08:35+00:00","twitter_card":"summary_large_image","twitter_misc":{"T\u0259xmini oxuma vaxt\u0131":"1 d\u0259qiq\u0259"},"schema":{"@context":"https:\/\/schema.org","@graph":[{"@type":"WebPage","@id":"https:\/\/az.moore-global.com\/sectors\/construction-2\/","url":"https:\/\/az.moore-global.com\/sectors\/construction-2\/","name":"Construction - Moore Azerbaijan","isPartOf":{"@id":"https:\/\/az.moore-global.com\/#website"},"datePublished":"2025-12-10T08:26:29+00:00","dateModified":"2025-12-10T11:08:35+00:00","breadcrumb":{"@id":"https:\/\/az.moore-global.com\/sectors\/construction-2\/#breadcrumb"},"inLanguage":"az","potentialAction":[{"@type":"ReadAction","target":["https:\/\/az.moore-global.com\/sectors\/construction-2\/"]}]},{"@type":"BreadcrumbList","@id":"https:\/\/az.moore-global.com\/sectors\/construction-2\/#breadcrumb","itemListElement":[{"@type":"ListItem","position":1,"name":"Home","item":"https:\/\/az.moore-global.com\/"},{"@type":"ListItem","position":2,"name":"Sectors","item":"https:\/\/az.moore-global.com\/sectors\/"},{"@type":"ListItem","position":3,"name":"Construction"}]},{"@type":"WebSite","@id":"https:\/\/az.moore-global.com\/#website","url":"https:\/\/az.moore-global.com\/","name":"Mur Az\u0259rbaycan","description":"Bu, Moore Azerbaijan \u00fc\u00e7\u00fcn \u0259sas saytd\u0131r","potentialAction":[{"@type":"SearchAction","target":{"@type":"EntryPoint","urlTemplate":"https:\/\/az.moore-global.com\/?s={search_term_string}"},"query-input":{"@type":"PropertyValueSpecification","valueRequired":true,"valueName":"search_term_string"}}],"inLanguage":"az"}]}},"_links":{"self":[{"href":"https:\/\/az.moore-global.com\/az\/wp-json\/wp\/v2\/pages\/240","targetHints":{"allow":["GET"]}}],"collection":[{"href":"https:\/\/az.moore-global.com\/az\/wp-json\/wp\/v2\/pages"}],"about":[{"href":"https:\/\/az.moore-global.com\/az\/wp-json\/wp\/v2\/types\/page"}],"author":[{"embeddable":true,"href":"https:\/\/az.moore-global.com\/az\/wp-json\/wp\/v2\/users\/12"}],"replies":[{"embeddable":true,"href":"https:\/\/az.moore-global.com\/az\/wp-json\/wp\/v2\/comments?post=240"}],"version-history":[{"count":0,"href":"https:\/\/az.moore-global.com\/az\/wp-json\/wp\/v2\/pages\/240\/revisions"}],"up":[{"embeddable":true,"href":"https:\/\/az.moore-global.com\/az\/wp-json\/wp\/v2\/pages\/207"}],"wp:attachment":[{"href":"https:\/\/az.moore-global.com\/az\/wp-json\/wp\/v2\/media?parent=240"}],"curies":[{"name":"wp","href":"https:\/\/api.w.org\/{rel}","templated":true}]}}